{"id":5899,"date":"2023-09-16T15:54:01","date_gmt":"2023-09-16T13:54:01","guid":{"rendered":"https:\/\/medipeel.rs\/?post_type=product&#038;p=5899"},"modified":"2025-08-16T01:00:07","modified_gmt":"2025-08-15T23:00:07","slug":"medi-peel-glutathione-hyal-aqua-sun-serum-spf-50-2","status":"publish","type":"product","link":"https:\/\/medipeel.rs\/sr\/\u043f\u0440\u043e\u0438\u0437\u0432\u043e\u0434\/medi-peel-glutathione-hyal-aqua-sun-serum-spf-50-2\/","title":{"rendered":"Medi-Peel Glutathione Hyal Aqua Sun Serum SPF 50+ PA++++"},"content":{"rendered":"<p class=\" translation-block\">Hidratantni, posvjetljujuc\u0301i serum za za\u0161titu od sunca ima moc\u0301nu formulu koja sadr\u017ei 99% \u010distog glutationa i vitaminski kompleks koji pru\u017ea ko\u017ei  nevjerovatnu hidrataciju i sjaj. Sadr\u017ei hemijske filtere za za\u0161titu od sunca nove generacije koji efikasno \u0161tite od UVA i UVB zraka. Ima laganu, hidratantnu teksturu bez lepljivosti i ne ostavlja bele tragove. <br>\nGlutation je moc\u0301an antioksidans koji aktivno obnavlja tkiva, stimuli\u0161e procese zarastanja i obnavljanja ko\u017ee. Usporava proces starenja, tonira, ujedna\u010dava ten, otklanja crvenilo i izbeljuje pigmentaciju. Blokira enzim odgovoran za pokretanje melanogeneze u ko\u017ei.<br>\nEktoin koji je niskomolekularna proizvodnja amino kiseline, slu\u017ei kao efikasan protektor pri smanjenju i pove\u0107anju temperature, UV-zra\u010denju, dehidraciji, dejstvu nadra\u017euju\u0107ih hemikalija. Pod dejstvom ektoina zna\u010dajno se smanjuje broj \u0107elija sun\u010devih opekotina - keratinocita, koji se pojavljuju pod uticajem ultraljubi\u010dastog svetla. \u0160titi od vidljivog, infra-crvenog i ultraljubi\u010dastog zra\u010denja, aktivno se bori protiv fotostarenja. Efikasan je za dugotrajnu hidrataciju i za\u0161titu suve, osetljive, kao i zrele ko\u017ee, jer poma\u017ee u obnavljanju o\u0161te\u0107enih \u0107elija, usporava starenje povezano sa negativnim uticajima okoline, u\u010destvuje u metabolizmu \u0107elija, stabilizuje imuni sistem ko\u017ee, aktivno spre\u010dava dehidraciju tkiva. Umiruje nadra\u017eenu i o\u0161te\u0107enu ko\u017eu, poma\u017ee u pobolj\u0161anju stanja ko\u017ee kod psorijaze i atopijskog dermatitisa.<br>\n10 vrsta hijaluronske kiseline hidriraju, nadokna\u0111uju nedostatak vlage i zadr\u017eavaju je u epidermisu, odr\u017eavaju glatkoc\u0301u i elasti\u010dnost, spre\u010davaju isu\u0161ivanje i lju\u0161tenje.<br>\n10 vrsta lipozomalnih vitamina (vitamini B3, E, B5, C, A (retinol palmitat), H, B1, B9, B6, B12) imaju antioksidativni efekat na ko\u017eu, ujedna\u010davaju ten i posvetljavaju stara\u010dke pege, spre\u010davajuc\u0301i pojavu hiperpigmentacije. Vrac\u0301aju i odr\u017eavaju ravnote\u017eu vode u c\u0301elijama ko\u017ee, pokrec\u0301u sintezu kolagena i elastina, ja\u010daju matriks ko\u017ee, zagla\u0111uju bore i ja\u010daju oval lica.<br>\nKompleks od 5 vrsta peptida povec\u0301ava \u010dvrstinu i elasti\u010dnost ko\u017ee, ubrzava proizvodnju sopstvenih kolagenih i elastinskih vlakana u telu. Smanjuje dubinu bora i spre\u010dava opu\u0161tanje ko\u017ee. Ja\u010da za\u0161titnu barijeru ko\u017ee.<br>\nAdenozin povec\u0301ava sintezu prokolagena-1, odr\u017eavaju\u010di \u010dvrstinu, glatkoc\u0301u i elasti\u010dnost ko\u017ee, usporava proces starenja, ja\u010da vanc\u0301elijski matriks.<br>\nPogodno za sve tipove ko\u017ee.<\/p>\n<p><strong>Na\u010din upotrebe:<\/strong> 15-20 minuta pre izlaska napolje nanesite kremu na lice i ostala izlo\u017eena suncu podru\u010dja ko\u017ee. Za nano\u0161enje na lice i vrat koristite 1,2 ml proizvoda (1\/3 kafene ka\u0161i\u010dice). Kada ste izlo\u017eeni suncu, na primer na pla\u017ei, nanosite za\u0161titni sloj svaka 2 sata.<\/p>\n<hr \/>\n<div><em><em><strong><em>Sastojci:<\/em> <\/strong>Purified water, propanediol, butyloctyl salicylate, dibutyl adipate, ethylhexyltriazone, terephthalylidene dicamphorsulfonic acid, niacinamide, tromethamine, polyglyceryl-3 distearate, octyldodecanol, Cetearyl alcohol, 1,2-hexanediol, pentylene glycol, diethylaminohydroxybenzoylhexyl benzoate, caprylyl methicone, polysilicon-15, chickweed extract, sunflower flower extract, lingonberry extract, tara Fruit extract, cotoni extract, Racemosa horse root extract, Bogeum cactus fruit extract, white thistle extract, evening primrose oil, sodium hyaluronate (1.6 ppb), hydrogenated lecithin, polymethyl silsesquioxane, butylene glycol Lycol, glyceryl stearate, bis-ethylhexyloxyphenol methoxyphenyltriazine, potassium cetyl phosphate, methyl propanediol, polyC10-30 alkyl acrylate, carbomer, glyceryl stearate citrate, acrylate\/ C10-30 alkyl acrylate crosspolymer, ethylhexylglycerin, ammonium acryloyldimethyltaurate\/V picopolymer, adenosine, polyether-1, biosaccharide gum-1, panthenol, tocopherol, glycerin, glutathione (100 ppb), ectoin, glyceryl polymethacrylate, glyceryl glucoside, maltodextrin, hydrolyzed vegetable protein, propylene glycol, sodium hyaluronate crosspolymer (5.08 ppb), dimethylsilanol hyaluronic acid. Ronate (0.15 ppb), resveratrol, retinyl palmitate, biotin, benzyl glycol, cyanocobalamin, ceramide NP, sodium acetylated hyaluronate (0.04 ppb), sodium ascorbyl phosphate, sodium hyaluronate Ronate dimethylsilanol (0.05 ppb), acetyl hexapeptide-8, copper tripeptide-1, caprylyl glycol, tocopheryl acetate, tripeptide-1, thiamine HCL, palmitoyl tetrapeptide-7, palmimi Toyl tripeptide-1, palmitoyl pentapeptide-4, potassium hyaluronate (0.1 ppb), polyglyceryl-10 stearate, polyacid, pyridoxine, phytosphingosine, hydroxypropyltrimonium hyaluronate (0.08 ppb), Hydrolyzed Glycosaminoglycan, Hydrolyzed Sodium Hyaluronate (0.15 ppb), Hydrolyzed Hyaluronic Acid (0.4 ppb), Hyaluronic Acid (0.105 ppb), hexapeptide-9, fragrance<\/em><\/em><\/div>","protected":false},"excerpt":{"rendered":"<p>Hidratantni serum za za\u0161titu od sunca sa efektom posvetljivanja SPF 50+ PA++++. 50ml<\/p>","protected":false},"featured_media":5900,"template":"","meta":[],"product_cat":[444,272,342,386,382,334,260],"product_tag":[459],"featured_image_urls":{"full":["https:\/\/medipeel.rs\/wp-content\/uploads\/2023\/09\/medi-peel-glutathione-hyal-aqua-sun-serum-spf-50.jpg",1200,1200,false],"thumbnail":["https:\/\/medipeel.rs\/wp-content\/uploads\/2023\/09\/medi-peel-glutathione-hyal-aqua-sun-serum-spf-50-150x150.jpg",150,150,true],"medium":["https:\/\/medipeel.rs\/wp-content\/uploads\/2023\/09\/medi-peel-glutathione-hyal-aqua-sun-serum-spf-50-300x300.jpg",300,300,true],"medium_large":["https:\/\/medipeel.rs\/wp-content\/uploads\/2023\/09\/medi-peel-glutathione-hyal-aqua-sun-serum-spf-50-768x768.jpg",768,768,true],"large":["https:\/\/medipeel.rs\/wp-content\/uploads\/2023\/09\/medi-peel-glutathione-hyal-aqua-sun-serum-spf-50-1024x1024.jpg",1024,1024,true],"1536x1536":["https:\/\/medipeel.rs\/wp-content\/uploads\/2023\/09\/medi-peel-glutathione-hyal-aqua-sun-serum-spf-50.jpg",1200,1200,false],"2048x2048":["https:\/\/medipeel.rs\/wp-content\/uploads\/2023\/09\/medi-peel-glutathione-hyal-aqua-sun-serum-spf-50.jpg",1200,1200,false],"trp-custom-language-flag":["https:\/\/medipeel.rs\/wp-content\/uploads\/2023\/09\/medi-peel-glutathione-hyal-aqua-sun-serum-spf-50-12x12.jpg",12,12,true],"vcmegaposts-masonry":["https:\/\/medipeel.rs\/wp-content\/uploads\/2023\/09\/medi-peel-glutathione-hyal-aqua-sun-serum-spf-50-500x500.jpg",500,500,true],"vcmegaposts-normal":["https:\/\/medipeel.rs\/wp-content\/uploads\/2023\/09\/medi-peel-glutathione-hyal-aqua-sun-serum-spf-50-800x800.jpg",800,800,true],"vcmegaposts-type1":["https:\/\/medipeel.rs\/wp-content\/uploads\/2023\/09\/medi-peel-glutathione-hyal-aqua-sun-serum-spf-50-800x500.jpg",800,500,true],"woocommerce_thumbnail":["https:\/\/medipeel.rs\/wp-content\/uploads\/2023\/09\/medi-peel-glutathione-hyal-aqua-sun-serum-spf-50-450x600.jpg",450,600,true],"woocommerce_single":["https:\/\/medipeel.rs\/wp-content\/uploads\/2023\/09\/medi-peel-glutathione-hyal-aqua-sun-serum-spf-50-600x600.jpg",600,600,true],"woocommerce_gallery_thumbnail":["https:\/\/medipeel.rs\/wp-content\/uploads\/2023\/09\/medi-peel-glutathione-hyal-aqua-sun-serum-spf-50-100x100.jpg",100,100,true]},"post_excerpt_stackable":"<p>\u0423\u0432\u043b\u0430\u0436\u043d\u044f\u044e\u0449\u0430\u044f \u0441\u043e\u043b\u043d\u0446\u0435\u0437\u0430\u0449\u0438\u0442\u043d\u0430\u044f \u0441\u044b\u0432\u043e\u0440\u043e\u0442\u043a\u0430 \u0441 \u043e\u0441\u0432\u0435\u0442\u043b\u044f\u044e\u0449\u0438\u043c \u044d\u0444\u0444\u0435\u043a\u0442\u043e\u043c SPF 50+ PA++++. 50ml<\/p>\n","category_list":"","author_info":{"name":"","url":""},"comments_num":"0 comments","jetpack_sharing_enabled":true,"_links":{"self":[{"href":"https:\/\/medipeel.rs\/sr\/wp-json\/wp\/v2\/product\/5899"}],"collection":[{"href":"https:\/\/medipeel.rs\/sr\/wp-json\/wp\/v2\/product"}],"about":[{"href":"https:\/\/medipeel.rs\/sr\/wp-json\/wp\/v2\/types\/product"}],"version-history":[{"count":1,"href":"https:\/\/medipeel.rs\/sr\/wp-json\/wp\/v2\/product\/5899\/revisions"}],"predecessor-version":[{"id":5901,"href":"https:\/\/medipeel.rs\/sr\/wp-json\/wp\/v2\/product\/5899\/revisions\/5901"}],"wp:featuredmedia":[{"embeddable":true,"href":"https:\/\/medipeel.rs\/sr\/wp-json\/wp\/v2\/media\/5900"}],"wp:attachment":[{"href":"https:\/\/medipeel.rs\/sr\/wp-json\/wp\/v2\/media?parent=5899"}],"wp:term":[{"taxonomy":"product_cat","embeddable":true,"href":"https:\/\/medipeel.rs\/sr\/wp-json\/wp\/v2\/product_cat?post=5899"},{"taxonomy":"product_tag","embeddable":true,"href":"https:\/\/medipeel.rs\/sr\/wp-json\/wp\/v2\/product_tag?post=5899"}],"curies":[{"name":"wp","href":"https:\/\/api.w.org\/{rel}","templated":true}]}}