{"id":5988,"date":"2023-10-29T16:29:47","date_gmt":"2023-10-29T15:29:47","guid":{"rendered":"https:\/\/medipeel.rs\/?post_type=product&#038;p=5988"},"modified":"2023-11-24T15:22:48","modified_gmt":"2023-11-24T14:22:48","slug":"medi-peel-herbal-peel-tox-pro2","status":"publish","type":"product","link":"https:\/\/medipeel.rs\/sr\/\u043f\u0440\u043e\u0438\u0437\u0432\u043e\u0434\/medi-peel-herbal-peel-tox-pro2\/","title":{"rendered":"Medi-Peel Herbal Peel Tox PRO"},"content":{"rendered":"<p class=\" translation-block\">A\u017eurirana verzija piling maske sa spikulama Medi-Peel Herbal Peel Tox PRO, zahvaljuju\u0107i pobolj\u0161anoj formuli glavnih sastojaka, ima odli\u010dan efekat pilinga i \u010di\u0161c\u0301enja, ima izra\u017een antioksidativni efekat, le\u010di ko\u017eu, pobolj\u0161ava njen ten i tonizira. Maska efikasno rastvara masne \u010depove i ne\u010distoc\u0301e u porama, reguli\u0161e proizvodnju sebuma, podsti\u0107e smanjenje upala i akni. Umiruje iritiranu ko\u017eu, ubla\u017eava svrab i crvenilo. Pilinguje i polira ko\u017eu uklanjaju\u0107i odumrle c\u0301elije sa iste. Ja\u010da za\u0161titnu funkciju epidermisa i obnavlja lipidnu barijeru ko\u017ee, poma\u017ee u borbi protiv nesavr\u0161enosti ko\u017ee, ubrzava smanjenje upala i vidljivost post-akni.<br>\nKlju\u010dna komponenta maske je prah od spikula morskog sun\u0111era. Sastav spikule uklju\u010duje vi\u0161e od 60 korisnih morskih mikroorganizama, 21 vrstu aminokiselina i 14 vrsta minerala. Spikule su u stanju da prodiru duboko u sloj dermisa, gde stimuli\u0161u proizvodnju kolagenskih i elastinskih vlakana, koji su odgovorni za elasti\u010dnost ko\u017ee. Intenzivno hidriraju i stimuli\u0161u procese deobe c\u0301elija i regeneraciju ko\u017ee.<br>\nGlavni sastojci:<br>\nEktoin i kompleks od 8 hijaluronskih kiselina razli\u010dite molekularne te\u017eine u duetu dubinski vla\u017ee i obnavlja ravnote\u017eu vode u \u0107elijskim sistemima. Ektoin je sna\u017ean antioksidans koji, osim \u0161to zadr\u017eava vlagu, \u0161titi ko\u017eu od fotostarenja.<br>\nMultiEx BSASM\u00ae Plus je patentirani biljni kompleks koji se sastoji od ruzmarina, kamilice, kamelije, centele, sladi\u0107a, polygonuma i bajkalske kapice. Ubla\u017eava inflamatorni proces, djeluje antisepti\u010dki i bori se protiv razmno\u017eavanja bakterija. Odli\u010dan za ko\u017eu s rozaceom, pro\u0161irenim porama i neujedna\u010denim tonom ko\u017ee.<br>\nKompleks od 9 vrsta peptida pove\u0107ava \u010dvrsto\u0107u i elasti\u010dnost ko\u017ee, ubrzava proizvodnju vlastitih kolagenih i elastinskih vlakana u tijelu. Smanjuje dubinu bora i spre\u010dava opu\u0161tanje ko\u017ee. Ja\u010da za\u0161titnu barijeru ko\u017ee.<br>\nHerb Complex od 41 vrste biljaka sa visokim antioksidativnim delovanjem stimuli\u0161e obnavljanje ko\u017ee, pobolj\u0161ava cirkulaciju, \u010dini ko\u017eu zdravom, sjajnom i blistavom.<br>\nBentonit blago su\u0161i, aktivira obnavljanje \u0107elija, upija toksine, omek\u0161ava i zasi\u0107uje korisnim mineralima.<br><\/p>\n<p><strong>Na\u010din upotrebe:<\/strong> Pripremite ko\u017eu tonikom nakon \u010di\u0161c\u0301enja. Rasporedite po cijelom licu i nje\u017eno masirajte 30 sekundi. Isperite mlakom vodom nakon 15 minuta.<\/p>\n<hr \/>\n<div><em><strong><em>Sastojci:<\/em><\/strong> <span data-sheets-value=\"{&quot;1&quot;:2,&quot;2&quot;:&quot;Glycerin, Purified Water, Dipropylene Glycol, Green Tea Powder, Bentonite, Cetyl Ethylhexanoate, Black Sesame Extract, Tea Tree Extract, Black Bean Extract, Polysorbate 60, Mugwort Powder, Sorbitan Stearate, Stearic Acid, Sodium. Acrylate\/sodium Acryloyl Dimethyl Taurate Copolymer, Isohexadecane, 1,2-hexanediol, Mugwort Extract, Mulberry Root Extract, Medicinal Buckwheat Extract, Lobule Leaf Extract, Virginia Wildflower Leaf Extract, Salvia Leaf Extract, Goji Berry Extract, Centella Asiatica Leaf Extract, Caprylyl Glycol, Ethylhexyl Glycerin, Clophenesin, Butylene Glycol, Xanthan Gum, Chromium Oxide Green, Polysorbate 80, Centella Asiatica Extract, Asiaticoside, Golden Extract, Asiatic Acid, Madecassic Acid, Tropolone, Grape Callus Culture Extract, Lotus Callus Culture Extract, Green Tea Callus Culture Extract, Matricaria Flower Extract, Dandelion Leaf Extract, Port Marigold Flower Extract, Ginkgo Leaf Extract, Spanish Licorice Root Extract , Japanese Knotweed Root Extract, Eucalyptus Leaf Extract, Matricaria Extract, White Willow Bark Extract, Port Marigold Extract, Licorice Root Extract, Common Jasmine Extract, Lavender Extract, Rosemary Extract, Lachemosa Riding Root Extract, Sorghum Root Extract, Mud Mushroom Extract, Angelica Root Extract, Mulberry Bark Extract, Peony Root Extract, Thief's Cane Root Extract, Green Tea Extract, Ectoin, Hydrolyzed Sponge, Reed Extract, Bokryeong Extract, Rosemary Leaf Extract, Borage Extract, Corn Mint Leaf Extract, Thyme Extract, Virginia Wildflower Extract, Ginseng Callus Culture Extract, Palmitoyl Tetrapeptide-7, Acetyloctapeptide-3, Sodium Hyaluronate, Copper Tripeptide-1, Acetylhexapeptide-8, Palmitoyl Pentapeptide Peptide-4, Tripeptide-1, Palmitoyl Tripeptide-1, Hexapeptide-9, Myristoylpentapeptide-17, Nonapeptide-1, Hydroxypropyl Trimonium Hyaluronate, Allantoin, Rh-oligo Peptide-1, Rh-polypeptide-11, Sodium Acetylated Hyaluronate, Hydrolyzed Hyaluronic Acid, Hyaluronic Acid, Sodium Hyaluronate Crosspolymer, Hydrolyzed Sodium Hyaluronate, Potassium Hyaluronate, Fragrance&quot;}\" data-sheets-userformat=\"{&quot;2&quot;:15039,&quot;3&quot;:{&quot;1&quot;:0},&quot;4&quot;:{&quot;1&quot;:3,&quot;3&quot;:2},&quot;5&quot;:{&quot;1&quot;:[{&quot;1&quot;:2,&quot;2&quot;:0,&quot;5&quot;:{&quot;1&quot;:2,&quot;2&quot;:0}},{&quot;1&quot;:0,&quot;2&quot;:0,&quot;3&quot;:3},{&quot;1&quot;:1,&quot;2&quot;:0,&quot;4&quot;:1}]},&quot;6&quot;:{&quot;1&quot;:[{&quot;1&quot;:2,&quot;2&quot;:0,&quot;5&quot;:{&quot;1&quot;:2,&quot;2&quot;:0}},{&quot;1&quot;:0,&quot;2&quot;:0,&quot;3&quot;:3},{&quot;1&quot;:1,&quot;2&quot;:0,&quot;4&quot;:1}]},&quot;7&quot;:{&quot;1&quot;:[{&quot;1&quot;:2,&quot;2&quot;:0,&quot;5&quot;:{&quot;1&quot;:2,&quot;2&quot;:0}},{&quot;1&quot;:0,&quot;2&quot;:0,&quot;3&quot;:3},{&quot;1&quot;:1,&quot;2&quot;:0,&quot;4&quot;:1}]},&quot;8&quot;:{&quot;1&quot;:[{&quot;1&quot;:2,&quot;2&quot;:0,&quot;5&quot;:{&quot;1&quot;:2,&quot;2&quot;:0}},{&quot;1&quot;:0,&quot;2&quot;:0,&quot;3&quot;:3},{&quot;1&quot;:1,&quot;2&quot;:0,&quot;4&quot;:1}]},&quot;10&quot;:1,&quot;12&quot;:0,&quot;14&quot;:{&quot;1&quot;:3,&quot;3&quot;:1},&quot;15&quot;:&quot;Calibri&quot;,&quot;16&quot;:9}\">Glycerin, Purified Water, Dipropylene Glycol, Green Tea Powder, Bentonite, Cetyl Ethylhexanoate, Black Sesame Extract, Tea Tree Extract, Black Bean Extract, Polysorbate 60, Mugwort Powder, Sorbitan Stearate, Stearic Acid, Sodium. Acrylate\/sodium Acryloyl Dimethyl Taurate Copolymer, Isohexadecane, 1,2-hexanediol, Mugwort Extract, Mulberry Root Extract, Medicinal Buckwheat Extract, Lobule Leaf Extract, Virginia Wildflower Leaf Extract, Salvia Leaf Extract, Goji Berry Extract, Centella Asiatica Leaf Extract, Caprylyl Glycol, Ethylhexyl Glycerin, Clophenesin, Butylene Glycol, Xanthan Gum, Chromium Oxide Green, Polysorbate 80, Centella Asiatica Extract, Asiaticoside, Golden Extract, Asiatic Acid, Madecassic Acid, Tropolone, Grape Callus Culture Extract, Lotus Callus Culture Extract, Green Tea Callus Culture Extract, Matricaria Flower Extract, Dandelion Leaf Extract, Port Marigold Flower Extract, Ginkgo Leaf Extract, Spanish Licorice Root Extract , Japanese Knotweed Root Extract, Eucalyptus Leaf Extract, Matricaria Extract, White Willow Bark Extract, Port Marigold Extract, Licorice Root Extract, Common Jasmine Extract, Lavender Extract, Rosemary Extract, Lachemosa Riding Root Extract, Sorghum Root Extract, Mud Mushroom Extract, Angelica Root Extract, Mulberry Bark Extract, Peony Root Extract, Thief&#8217;s Cane Root Extract, Green Tea Extract, Ectoin, Hydrolyzed Sponge, Reed Extract, Bokryeong Extract, Rosemary Leaf Extract, Borage Extract, Corn Mint Leaf Extract, Thyme Extract, Virginia Wildflower Extract, Ginseng Callus Culture Extract, Palmitoyl Tetrapeptide-7, Acetyloctapeptide-3, Sodium Hyaluronate, Copper Tripeptide-1, Acetylhexapeptide-8, Palmitoyl Pentapeptide Peptide-4, Tripeptide-1, Palmitoyl Tripeptide-1, Hexapeptide-9, Myristoylpentapeptide-17, Nonapeptide-1, Hydroxypropyl Trimonium Hyaluronate, Allantoin, Rh-oligo Peptide-1, Rh-polypeptide-11, Sodium Acetylated Hyaluronate, Hydrolyzed Hyaluronic Acid, Hyaluronic Acid, Sodium Hyaluronate Crosspolymer, Hydrolyzed Sodium Hyaluronate, Potassium Hyaluronate, Fragrance<\/span><\/em><\/div>","protected":false},"excerpt":{"rendered":"<p>Biljna piling maska \u200b\u200bsa detoks efektom. 120 gr<\/p>","protected":false},"featured_media":5989,"template":"","meta":[],"product_cat":[501,264,357,368,254,342,379,386,381,384,334,260],"product_tag":[],"featured_image_urls":{"full":["https:\/\/medipeel.rs\/wp-content\/uploads\/2023\/10\/medi-peel-herbal-peel-tox-pro-1.jpg",1200,1200,false],"thumbnail":["https:\/\/medipeel.rs\/wp-content\/uploads\/2023\/10\/medi-peel-herbal-peel-tox-pro-1-150x150.jpg",150,150,true],"medium":["https:\/\/medipeel.rs\/wp-content\/uploads\/2023\/10\/medi-peel-herbal-peel-tox-pro-1-300x300.jpg",300,300,true],"medium_large":["https:\/\/medipeel.rs\/wp-content\/uploads\/2023\/10\/medi-peel-herbal-peel-tox-pro-1-768x768.jpg",768,768,true],"large":["https:\/\/medipeel.rs\/wp-content\/uploads\/2023\/10\/medi-peel-herbal-peel-tox-pro-1-1024x1024.jpg",1024,1024,true],"1536x1536":["https:\/\/medipeel.rs\/wp-content\/uploads\/2023\/10\/medi-peel-herbal-peel-tox-pro-1.jpg",1200,1200,false],"2048x2048":["https:\/\/medipeel.rs\/wp-content\/uploads\/2023\/10\/medi-peel-herbal-peel-tox-pro-1.jpg",1200,1200,false],"trp-custom-language-flag":["https:\/\/medipeel.rs\/wp-content\/uploads\/2023\/10\/medi-peel-herbal-peel-tox-pro-1-12x12.jpg",12,12,true],"vcmegaposts-masonry":["https:\/\/medipeel.rs\/wp-content\/uploads\/2023\/10\/medi-peel-herbal-peel-tox-pro-1-500x500.jpg",500,500,true],"vcmegaposts-normal":["https:\/\/medipeel.rs\/wp-content\/uploads\/2023\/10\/medi-peel-herbal-peel-tox-pro-1-800x800.jpg",800,800,true],"vcmegaposts-type1":["https:\/\/medipeel.rs\/wp-content\/uploads\/2023\/10\/medi-peel-herbal-peel-tox-pro-1-800x500.jpg",800,500,true],"woocommerce_thumbnail":["https:\/\/medipeel.rs\/wp-content\/uploads\/2023\/10\/medi-peel-herbal-peel-tox-pro-1-450x600.jpg",450,600,true],"woocommerce_single":["https:\/\/medipeel.rs\/wp-content\/uploads\/2023\/10\/medi-peel-herbal-peel-tox-pro-1-600x600.jpg",600,600,true],"woocommerce_gallery_thumbnail":["https:\/\/medipeel.rs\/wp-content\/uploads\/2023\/10\/medi-peel-herbal-peel-tox-pro-1-100x100.jpg",100,100,true]},"post_excerpt_stackable":"<p>\u041e\u0447\u0438\u0449\u0430\u044e\u0449\u0430\u044f \u0440\u0430\u0441\u0442\u0438\u0442\u0435\u043b\u044c\u043d\u0430\u044f \u043f\u0438\u043b\u0438\u043d\u0433-\u043c\u0430\u0441\u043a\u0430 \u0441 \u044d\u0444\u0444\u0435\u043a\u0442\u043e\u043c \u0434\u0435\u0442\u043e\u043a\u0441\u0430. 120 gr<\/p>\n","category_list":"","author_info":{"name":"","url":""},"comments_num":"0 comments","jetpack_sharing_enabled":true,"_links":{"self":[{"href":"https:\/\/medipeel.rs\/sr\/wp-json\/wp\/v2\/product\/5988"}],"collection":[{"href":"https:\/\/medipeel.rs\/sr\/wp-json\/wp\/v2\/product"}],"about":[{"href":"https:\/\/medipeel.rs\/sr\/wp-json\/wp\/v2\/types\/product"}],"version-history":[{"count":1,"href":"https:\/\/medipeel.rs\/sr\/wp-json\/wp\/v2\/product\/5988\/revisions"}],"predecessor-version":[{"id":5990,"href":"https:\/\/medipeel.rs\/sr\/wp-json\/wp\/v2\/product\/5988\/revisions\/5990"}],"wp:featuredmedia":[{"embeddable":true,"href":"https:\/\/medipeel.rs\/sr\/wp-json\/wp\/v2\/media\/5989"}],"wp:attachment":[{"href":"https:\/\/medipeel.rs\/sr\/wp-json\/wp\/v2\/media?parent=5988"}],"wp:term":[{"taxonomy":"product_cat","embeddable":true,"href":"https:\/\/medipeel.rs\/sr\/wp-json\/wp\/v2\/product_cat?post=5988"},{"taxonomy":"product_tag","embeddable":true,"href":"https:\/\/medipeel.rs\/sr\/wp-json\/wp\/v2\/product_tag?post=5988"}],"curies":[{"name":"wp","href":"https:\/\/api.w.org\/{rel}","templated":true}]}}