{"id":5994,"date":"2023-10-29T15:53:44","date_gmt":"2023-10-29T14:53:44","guid":{"rendered":"https:\/\/medipeel.rs\/?post_type=product&#038;p=5994"},"modified":"2026-03-12T21:06:19","modified_gmt":"2026-03-12T20:06:19","slug":"medi-peel-peptide-9-volume-tox-cream-pro","status":"publish","type":"product","link":"https:\/\/medipeel.rs\/sr\/\u043f\u0440\u043e\u0438\u0437\u0432\u043e\u0434\/medi-peel-peptide-9-volume-tox-cream-pro\/","title":{"rendered":"Medi-Peel Peptide 9 Volume Tox Cream PRO"},"content":{"rendered":"<p class=\" translation-block\">Peptidna krema Medi-Peel Peptide 9 Volume Tox Cream Pro, koja je postala bezuslovni hit, nastavljena je u pobolj\u0161anoj formuli, koja je 2 puta efikasnija u vra\u0107anju \u010dvrsto\u0107e i elasti\u010dnosti. Inovativna i patentirana sredstva imaju sveobuhvatan u\u010dinak na ko\u017eu, izgla\u0111uju\u0107i bore, spre\u010davaju\u0107i stvaranje bora i ja\u010daju\u0107i oval lica. Odli\u010dno ja\u010da turgor, zna\u010dajno zate\u017ee i pru\u017ea visokokvalitetno podizanje. Krema je dizajnirana za sve tipove ko\u017ee sa znacima gubitka elasti\u010dnosti. Idealan za ko\u017eu sa problemima isu\u0161ivanja, zatezanja i perutanja.<br>\nGlavni aktivni sastojci:<br>\nPatentirani aktivni Volufilin biljnog porijekla u kombinaciji s adenozinom djeluje na vra\u0107anje elasti\u010dnosti i aktiviranje sinteze strukturalnog kolagena u ko\u017ei. Tako se ovaj duet efikasno nosi sa izgla\u0111ivanjem bora, ja\u010danjem ovala lica i spre\u010davanjem stvaranja nabora.<br>\nPatentirani aktivni RiFerm sastoji se od fermentiranog hidrolata pirin\u010da i sjemenki hibiskusa. Filtrat ri\u017ee pobolj\u0161ava imunitet ko\u017ee i sprje\u010dava \u0107elijsku oksidaciju zbog svog antioksidativnog djelovanja. Sprje\u010dava ne samo hormonsko starenje, ve\u0107 i fotostarenje. Istra\u017eivanja su pokazala da ovaj sastojak, uz redovnu upotrebu, pove\u0107ava elasti\u010dnost i \u010dvrsto\u0107u ko\u017ee, izgla\u0111uje bore i nabore.<br>\nEktoin i kompleks od 9 hijaluronskih kiselina razli\u010dite molekularne te\u017eine u duetu dubinski hidriraju i obnavljaju ravnote\u017eu vode u \u0107elijskim sistemima. Ektoin je sna\u017ean antioksidans koji, osim \u0161to zadr\u017eava vlagu, \u0161titi ko\u017eu od fotostarenja.<br>\nHidrolizirani kolagen i elastin imaju malu molekularnu strukturu. Oni \u010duvaju sposobnost ko\u017ee da se deformira i raste\u017ee, a zatim se vra\u0107a u prvobitno stanje bez posljedica po integritet i elasti\u010dnost matriksa ko\u017ee. Osim \u0161to ja\u010da oval i izgla\u0111uje bore, kolagen sprje\u010dava dehidraciju i djeluje antioksidativno.<br>\nKompleks od 9 peptida kombinuje i peptide za relaksaciju mi\u0161i\u0107a i signalne peptide, \u010dije djelovanje je usmjereno na aktiviranje sinteze kolagena i elastina u ko\u017ei. Tako kompleks izgla\u0111uje mre\u017eu bora, spre\u010dava nastanak bora, pove\u0107ava turgor i ja\u010da oval lica.<br>\nAntioksidans-karotenoid astaksantin se dobiva iz mikroalge, a njegov glavni zadatak je hidratacija i zadr\u017eavanje vlage u ko\u017ei. Budu\u0107i da je sna\u017eniji antioksidans od vitamina C i E, ne samo da neutralizira destruktivne efekte slobodnih radikala, sprje\u010davaju\u0107i fotostarenje, ve\u0107 i savr\u0161eno posvjetljuje stara\u010dke pege.<\/p>\n<p><strong>Na\u010din upotrebe:<\/strong> Nanesite kremu na o\u010di\u0161c\u0301enu ko\u017eu nakon upotrebe tonika.<\/p>\n<hr \/>\n<div><em><strong><em>Sastojci:<\/em><\/strong> <span data-sheets-value=\"{&quot;1&quot;:2,&quot;2&quot;:&quot;Purified Water, Glycerin, Dimethicone, Caprylic\/capric Triglyceride, Cyclopentasiloxane, 1,2-hexanediol, Cetearyl Olivate, Cetearyl Alcohol, Methylpropanediol, Sorbitan Olivate. , Cyclohexasiloxane, Pentaerythrityl Tetraisostearate, Carbomer, Arginine, Cetearyl Glucoside, Glyceryl Stearate, Peg-100 Stearate, Sodium Acrylate\/sodium Acryloyldimethyl Taurate Polymer, Isohexadecane, Sunflower Seed Oil, Trehalose, Cetyl Alcohol, Xanthan Gum, Ethylhexylglycerin, Adenosine, Polysorbate 80, Sodium Hyaluronate, Stearyl Alcohol, Disodium Edta, Sorbitan. Oleate, Ectoin, Hydrolyzed Elastin, Butylene Glycol, Yeast\/rice Fermentation Filtrate, Soybean Oil, Cypress Bark Extract, Myristyl Alcohol, Glucose, Hydrogenated Polyisobutene, Lauryl Alcohol, Pentylene Glycol, Fructan, Annatto Seed Oil, Propanediol, Hydrolyzed Collagen, Tocopherol, Astaxanthin, Caprylyl Glycol, Hydrolyzed Sodium Hyaluronate, Hydrolyzed Hyaluronic Acid, Sodium Benzoate, Anemarrhena Asphodeloides Root Extract, Sodium Acetylated Hyaluronate, Palmitoyl Tetrapeptide-7 (10 Ppb), Hydroxypropyl Trimonium Hyaluronate, Acetyloctapeptide-3 (10 Ppb) ), Dimethylsilanol Hyaluronate, Sodium Hyaluronate Crosspolymer, Tripeptide-1 (2 Ppb), Palmitoyl Tripeptide-1 (2 Ppb), Palmitoyl Pentapeptide-4 (2 Ppb), Copper Tripeptide-1 (2 Ppb), Acetyl Hexapeptide-8 (2 Ppb), Hyaluronic Acid, Hexapeptide-9 (1 Ppb), Potassium Hyaluronate, Nonapeptide-1 (0.2 Ppb), Perfume&quot;}\" data-sheets-userformat=\"{&quot;2&quot;:15039,&quot;3&quot;:{&quot;1&quot;:0},&quot;4&quot;:{&quot;1&quot;:3,&quot;3&quot;:2},&quot;5&quot;:{&quot;1&quot;:[{&quot;1&quot;:2,&quot;2&quot;:0,&quot;5&quot;:{&quot;1&quot;:2,&quot;2&quot;:0}},{&quot;1&quot;:0,&quot;2&quot;:0,&quot;3&quot;:3},{&quot;1&quot;:1,&quot;2&quot;:0,&quot;4&quot;:1}]},&quot;6&quot;:{&quot;1&quot;:[{&quot;1&quot;:2,&quot;2&quot;:0,&quot;5&quot;:{&quot;1&quot;:2,&quot;2&quot;:0}},{&quot;1&quot;:0,&quot;2&quot;:0,&quot;3&quot;:3},{&quot;1&quot;:1,&quot;2&quot;:0,&quot;4&quot;:1}]},&quot;7&quot;:{&quot;1&quot;:[{&quot;1&quot;:2,&quot;2&quot;:0,&quot;5&quot;:{&quot;1&quot;:2,&quot;2&quot;:0}},{&quot;1&quot;:0,&quot;2&quot;:0,&quot;3&quot;:3},{&quot;1&quot;:1,&quot;2&quot;:0,&quot;4&quot;:1}]},&quot;8&quot;:{&quot;1&quot;:[{&quot;1&quot;:2,&quot;2&quot;:0,&quot;5&quot;:{&quot;1&quot;:2,&quot;2&quot;:0}},{&quot;1&quot;:0,&quot;2&quot;:0,&quot;3&quot;:3},{&quot;1&quot;:1,&quot;2&quot;:0,&quot;4&quot;:1}]},&quot;10&quot;:1,&quot;12&quot;:0,&quot;14&quot;:{&quot;1&quot;:3,&quot;3&quot;:1},&quot;15&quot;:&quot;Calibri&quot;,&quot;16&quot;:9}\">Purified Water, Glycerin, Dimethicone, Caprylic\/capric Triglyceride, Cyclopentasiloxane, 1,2-hexanediol, Cetearyl Olivate, Cetearyl Alcohol, Methylpropanediol, Sorbitan Olivate. , Cyclohexasiloxane, Pentaerythrityl Tetraisostearate, Carbomer, Arginine, Cetearyl Glucoside, Glyceryl Stearate, Peg-100 Stearate, Sodium Acrylate\/sodium Acryloyldimethyl Taurate Polymer, Isohexadecane, Sunflower Seed Oil, Trehalose, Cetyl Alcohol, Xanthan Gum, Ethylhexylglycerin, Adenosine, Polysorbate 80, Sodium Hyaluronate, Stearyl Alcohol, Disodium Edta, Sorbitan. Oleate, Ectoin, Hydrolyzed Elastin, Butylene Glycol, Yeast\/rice Fermentation Filtrate, Soybean Oil, Cypress Bark Extract, Myristyl Alcohol, Glucose, Hydrogenated Polyisobutene, Lauryl Alcohol, Pentylene Glycol, Fructan, Annatto Seed Oil, Propanediol, Hydrolyzed Collagen, Tocopherol, Astaxanthin, Caprylyl Glycol, Hydrolyzed Sodium Hyaluronate, Hydrolyzed Hyaluronic Acid, Sodium Benzoate, Anemarrhena Asphodeloides Root Extract, Sodium Acetylated Hyaluronate, Palmitoyl Tetrapeptide-7 (10 Ppb), Hydroxypropyl Trimonium Hyaluronate, Acetyloctapeptide-3 (10 Ppb) ), Dimethylsilanol Hyaluronate, Sodium Hyaluronate Crosspolymer, Tripeptide-1 (2 Ppb), Palmitoyl Tripeptide-1 (2 Ppb), Palmitoyl Pentapeptide-4 (2 Ppb), Copper Tripeptide-1 (2 Ppb), Acetyl Hexapeptide-8 (2 Ppb), Hyaluronic Acid, Hexapeptide-9 (1 Ppb), Potassium Hyaluronate, Nonapeptide-1 (0.2 Ppb), Perfume<\/span><\/em><\/div>","protected":false},"excerpt":{"rendered":"<p style=\"text-align: left;\">Peptidna krema za vrac\u0301anje \u010dvrstoc\u0301e i elasti\u010dnosti ko\u017ee. 50ml<\/p>","protected":false},"featured_media":5995,"template":"","meta":[],"product_cat":[385,311,342,346,348,386,334,260,317],"product_tag":[308],"featured_image_urls":{"full":["https:\/\/medipeel.rs\/wp-content\/uploads\/2023\/10\/medi-peel-peptide-9-volume-tox-pro-cream-1.jpg",1200,1200,false],"thumbnail":["https:\/\/medipeel.rs\/wp-content\/uploads\/2023\/10\/medi-peel-peptide-9-volume-tox-pro-cream-1-150x150.jpg",150,150,true],"medium":["https:\/\/medipeel.rs\/wp-content\/uploads\/2023\/10\/medi-peel-peptide-9-volume-tox-pro-cream-1-300x300.jpg",300,300,true],"medium_large":["https:\/\/medipeel.rs\/wp-content\/uploads\/2023\/10\/medi-peel-peptide-9-volume-tox-pro-cream-1-768x768.jpg",768,768,true],"large":["https:\/\/medipeel.rs\/wp-content\/uploads\/2023\/10\/medi-peel-peptide-9-volume-tox-pro-cream-1-1024x1024.jpg",1024,1024,true],"1536x1536":["https:\/\/medipeel.rs\/wp-content\/uploads\/2023\/10\/medi-peel-peptide-9-volume-tox-pro-cream-1.jpg",1200,1200,false],"2048x2048":["https:\/\/medipeel.rs\/wp-content\/uploads\/2023\/10\/medi-peel-peptide-9-volume-tox-pro-cream-1.jpg",1200,1200,false],"trp-custom-language-flag":["https:\/\/medipeel.rs\/wp-content\/uploads\/2023\/10\/medi-peel-peptide-9-volume-tox-pro-cream-1-12x12.jpg",12,12,true],"vcmegaposts-masonry":["https:\/\/medipeel.rs\/wp-content\/uploads\/2023\/10\/medi-peel-peptide-9-volume-tox-pro-cream-1-500x500.jpg",500,500,true],"vcmegaposts-normal":["https:\/\/medipeel.rs\/wp-content\/uploads\/2023\/10\/medi-peel-peptide-9-volume-tox-pro-cream-1-800x800.jpg",800,800,true],"vcmegaposts-type1":["https:\/\/medipeel.rs\/wp-content\/uploads\/2023\/10\/medi-peel-peptide-9-volume-tox-pro-cream-1-800x500.jpg",800,500,true],"woocommerce_thumbnail":["https:\/\/medipeel.rs\/wp-content\/uploads\/2023\/10\/medi-peel-peptide-9-volume-tox-pro-cream-1-450x600.jpg",450,600,true],"woocommerce_single":["https:\/\/medipeel.rs\/wp-content\/uploads\/2023\/10\/medi-peel-peptide-9-volume-tox-pro-cream-1-600x600.jpg",600,600,true],"woocommerce_gallery_thumbnail":["https:\/\/medipeel.rs\/wp-content\/uploads\/2023\/10\/medi-peel-peptide-9-volume-tox-pro-cream-1-100x100.jpg",100,100,true]},"post_excerpt_stackable":"<p style=\"text-align: left;\">\u041f\u0435\u043f\u0442\u0438\u0434\u043d\u044b\u0439 \u043a\u0440\u0435\u043c \u0434\u043b\u044f \u0432\u043e\u0441\u0441\u0442\u0430\u043d\u043e\u0432\u043b\u0435\u043d\u0438\u044f \u0443\u043f\u0440\u0443\u0433\u043e\u0441\u0442\u0438 \u0438 \u044d\u043b\u0430\u0441\u0442\u0438\u0447\u043d\u043e\u0441\u0442\u0438 \u043a\u043e\u0436\u0438. 50ml<\/p>\n","category_list":"","author_info":{"name":"","url":""},"comments_num":"0 comments","jetpack_sharing_enabled":true,"_links":{"self":[{"href":"https:\/\/medipeel.rs\/sr\/wp-json\/wp\/v2\/product\/5994"}],"collection":[{"href":"https:\/\/medipeel.rs\/sr\/wp-json\/wp\/v2\/product"}],"about":[{"href":"https:\/\/medipeel.rs\/sr\/wp-json\/wp\/v2\/types\/product"}],"version-history":[{"count":4,"href":"https:\/\/medipeel.rs\/sr\/wp-json\/wp\/v2\/product\/5994\/revisions"}],"predecessor-version":[{"id":7429,"href":"https:\/\/medipeel.rs\/sr\/wp-json\/wp\/v2\/product\/5994\/revisions\/7429"}],"wp:featuredmedia":[{"embeddable":true,"href":"https:\/\/medipeel.rs\/sr\/wp-json\/wp\/v2\/media\/5995"}],"wp:attachment":[{"href":"https:\/\/medipeel.rs\/sr\/wp-json\/wp\/v2\/media?parent=5994"}],"wp:term":[{"taxonomy":"product_cat","embeddable":true,"href":"https:\/\/medipeel.rs\/sr\/wp-json\/wp\/v2\/product_cat?post=5994"},{"taxonomy":"product_tag","embeddable":true,"href":"https:\/\/medipeel.rs\/sr\/wp-json\/wp\/v2\/product_tag?post=5994"}],"curies":[{"name":"wp","href":"https:\/\/api.w.org\/{rel}","templated":true}]}}