{"id":6134,"date":"2023-12-04T21:32:08","date_gmt":"2023-12-04T20:32:08","guid":{"rendered":"https:\/\/medipeel.rs\/?post_type=product&#038;p=6134"},"modified":"2024-01-16T15:34:34","modified_gmt":"2024-01-16T14:34:34","slug":"medi-peel-green-cica-collagen-clear-2-0","status":"publish","type":"product","link":"https:\/\/medipeel.rs\/sr\/\u043f\u0440\u043e\u0438\u0437\u0432\u043e\u0434\/medi-peel-green-cica-collagen-clear-2-0\/","title":{"rendered":"Medi-Peel Green Cica Collagen Clear 2.0"},"content":{"rendered":"<p class=\" translation-block\">A\u017eurirana verzija kolagenske pene za \u010di\u0161c\u0301enje sa CICA kompleksom temeljno \u010disti ko\u017eu bez ostavljanja zategnutosti ili iritacije. Ubla\u017eava crvenilo, umiruje i ujedna\u010dava ton. Pena zagla\u0111uje mikroreljef lica, smanjuje vidljivost pora i pobolj\u0161ava teksturu ko\u017ee. Ja\u010da za\u0161titnu barijeru, \u010dine\u0107i je manje osetljivom na spoljne agresivne uticaje. Ne\u017eno eksfolira stratum corneum i ubrzava obnavljanje c\u0301elija, odr\u017eavajuc\u0301i optimalnu ravnote\u017eu vode i lipida.<br>\nDelikatna tekstura proizvoda uklju\u010duje zelene vitaminske kapsule. U kontaktu sa vodom se formira obilna pena.<br>\nGlavni aktivni sastojci:<br>\nKolagen pobolj\u0161ava op\u0161te stanje ko\u017ee: zagla\u0111uje je i ujedna\u010dava, \u010dini je \u010dvrstom i elasti\u010dnom, uklanja sitne bore i osve\u017eava je. Ima zarastanje rana i umirujuc\u0301e dejstvo, zadr\u017eava vlagu u dubokim slojevima ko\u017ee.<br>\nKompleks azijske centele povec\u0301ava \u010dvrstinu i elasti\u010dnost ko\u017ee, zasic\u0301uje c\u0301elije ko\u017ee vlagom. Formira za\u0161titnu barijeru koja \u0161titi ko\u017eu od UV zra\u010denja i negativnih faktora okoline.<br>\nKompleks od 14 aminokiselina odr\u017eava prirodnu ravnote\u017eu vode i proteina epidermisa, dajuc\u0301i ko\u017ei \u010dvrstinu i elasti\u010dnost.<br>\nAskorbil palmitat je vitamin C rastvorljiv u mastima koji lako prodire u ko\u017eu i ima sna\u017ean antioksidativni efekat.<br>\nEkstrakt zelenog \u010daja savr\u0161eno ubla\u017eava iritaciju, ima antibakterijska svojstva, \u010dini ko\u017eu \u010dvrstom i elasti\u010dnom, izgla\u0111uje bore i pobolj\u0161ava ten.<br>\nUlje jojobe odr\u017eava elasti\u010dnost i \u010dvrstoc\u0301u ko\u017ee. Hrani ko\u017eu vitaminima A i E, spre\u010dava pojavu suvoc\u0301e, lju\u0161tenja i iritacije.<br>\nUlje lavande ima antisepti\u010dka, lekovita svojstva, umiruje ko\u017eu, poma\u017ee u borbi protiv upala i perutanja.<br>\nPreporu\u010duje se za osetljivu ko\u017eu.<\/p>\n<p><span data-sheets-value=\"{&quot;1&quot;:2,&quot;2&quot;:&quot;\u0423\u0441\u043f\u043e\u043a\u0430\u0438\u0432\u0430\u044e\u0449\u0430\u044f \u043f\u0435\u043d\u043a\u0430 \u0434\u043b\u044f \u0443\u043c\u044b\u0432\u0430\u043d\u0438\u044f \u0441 \u043a\u043e\u043b\u043b\u0430\u0433\u0435\u043d\u043e\u043c \u0438 \u0446\u0435\u043d\u0442\u0435\u043b\u043b\u043e\u0439. \u041c\u044f\u0433\u043a\u0430\u044f \u043f\u0435\u043d\u043a\u0430 Medi-Peel Green Cica Collagen Clear \u0441 \u0432\u044b\u0441\u043e\u043a\u0438\u043c \u0441\u043e\u0434\u0435\u0440\u0436\u0430\u043d\u0438\u0435\u043c \u0446\u0435\u043d\u0442\u0435\u043b\u043b\u044b \u0430\u0437\u0438\u0430\u0442\u0441\u043a\u043e\u0439 \u0438 \u043c\u0430\u0434\u0435\u043a\u0430\u0441\u0441\u043e\u0441\u0438\u0434\u0430 \u0431\u0443\u043a\u0432\u0430\u043b\u044c\u043d\u043e \u0441\u043e\u0437\u0434\u0430\u043d\u0430 \u0434\u043b\u044f \u043e\u0431\u043b\u0430\u0434\u0430\u0442\u0435\u043b\u0435\u0439 \u0447\u0443\u0432\u0441\u0442\u0432\u0438\u0442\u0435\u043b\u044c\u043d\u043e\u0439 \u043a\u043e\u0436\u0438! \u041e\u043d\u0430 \u043e\u0447\u0435\u043d\u044c \u043c\u044f\u0433\u043a\u043e \u043e\u0447\u0438\u0449\u0430\u0435\u0442 \u043a\u043e\u0436\u0443 \u043e\u0442 \u043e\u0441\u0442\u0430\u0442\u043a\u043e\u0432 \u0433\u0438\u0434\u0440\u043e\u0444\u0438\u043b\u044c\u043d\u043e\u0433\u043e \u043c\u0430\u0441\u043b\u0430 \u0438 \u043e\u0441\u0442\u0430\u0442\u043e\u0447\u043d\u044b\u0445 \u0437\u0430\u0433\u0440\u044f\u0437\u043d\u0435\u043d\u0438\u0439, \u043d\u0435 \u0432\u044b\u0437\u044b\u0432\u0430\u044f \u0440\u0430\u0437\u0434\u0440\u0430\u0436\u0435\u043d\u0438\u0439 \u0438 \u0441\u0443\u0445\u043e\u0441\u0442\u0438. \u0424\u043e\u0440\u043c\u0443\u043b\u0430 \u043f\u0435\u043d\u043a\u0438 \u043d\u0430\u0441\u044b\u0449\u0435\u043d\u0430 \u0430\u043a\u0442\u0438\u0432\u043d\u044b\u043c\u0438 \u043a\u043e\u043c\u043f\u043e\u043d\u0435\u043d\u0442\u0430\u043c\u0438, \u043a\u043e\u0442\u043e\u0440\u044b\u0435 \u043f\u043e\u043c\u043e\u0433\u0430\u044e\u0442 \u0431\u043e\u0440\u043e\u0442\u044c\u0441\u044f \u0441 \u0432\u043e\u0441\u043f\u0430\u043b\u0435\u043d\u0438\u044f\u043c\u0438 \u0438 \u0441\u043b\u0435\u0434\u0430\u043c\u0438 \u043f\u043e\u0441\u0442\u0430\u043a\u043d\u0435. \u0411\u043b\u0430\u0433\u043e\u0434\u0430\u0440\u044f \u0431\u043e\u043b\u044c\u0448\u043e\u043c\u0443 \u043a\u043e\u043b\u0438\u0447\u0435\u0441\u0442\u0432\u0443 \u0443\u0432\u043b\u0430\u0436\u043d\u044f\u044e\u0449\u0438\u0445 \u043a\u043e\u043c\u043f\u043e\u043d\u0435\u043d\u0442\u043e\u0432, \u043a\u043e\u0442\u043e\u0440\u044b\u043c\u0438 \u043e\u0431\u043e\u0433\u0430\u0449\u0451\u043d \u0441\u043e\u0441\u0442\u0430\u0432 \u043f\u0435\u043d\u043a\u0438, \u043e\u043d\u0430 \u043d\u0435 \u043f\u0440\u043e\u0432\u043e\u0446\u0438\u0440\u0443\u0435\u0442 \u043f\u043e\u044f\u0432\u043b\u0435\u043d\u0438\u0435 \u0448\u0435\u043b\u0443\u0448\u0435\u043d\u0438\u0439 \u0438 \u0441\u0442\u044f\u043d\u0443\u0442\u043e\u0441\u0442\u0438, \u0430 \u043d\u0430\u043e\u0431\u043e\u0440\u043e\u0442 \u0434\u0430\u0440\u0438\u0442 \u043e\u0449\u0443\u0449\u0435\u043d\u0438\u0435 \u043a\u043e\u043c\u0444\u043e\u0440\u0442\u0430. \u0426\u0435\u043d\u0442\u0435\u043b\u043b\u0430 \u0438 \u043c\u0430\u0434\u0435\u043a\u0430\u0441\u0441\u043e\u0441\u0438\u0434 \u043e\u0431\u043b\u0430\u0434\u0430\u0435\u0442 \u0432\u044b\u0440\u0430\u0436\u0435\u043d\u043d\u044b\u043c\u0438 \u0432\u043e\u0441\u0441\u0442\u0430\u043d\u0430\u0432\u043b\u0438\u0432\u0430\u044e\u0449\u0438\u043c\u0438 \u0441\u0432\u043e\u0439\u0441\u0442\u0432\u0430\u043c\u0438. \u041e\u043d\u0438 \u0441\u0442\u0438\u043c\u0443\u043b\u0438\u0440\u0443\u044e\u0442 \u043f\u0440\u043e\u0446\u0435\u0441\u0441\u044b \u0440\u0435\u0433\u0435\u043d\u0435\u0440\u0430\u0446\u0438\u0438 \u0438 \u0441\u043f\u043e\u0441\u043e\u0431\u0441\u0442\u0432\u0443\u044e\u0442 \u0443\u0441\u043a\u043e\u0440\u0435\u043d\u043d\u043e\u043c\u0443 \u0437\u0430\u0436\u0438\u0432\u043b\u0435\u043d\u0438\u044e \u043f\u043e\u0432\u0440\u0435\u0436\u0434\u0435\u043d\u0438\u0439. \u0411\u043b\u0430\u0433\u043e\u0434\u0430\u0440\u044f \u0438\u043c \u0440\u0430\u043d\u043a\u0438 \u043e\u0442 \u043f\u0440\u044b\u0449\u0435\u0439 \u0438 \u0441\u043b\u0435\u0434\u044b \u043f\u043e\u0441\u0442\u0430\u043a\u043d\u0435 \u043f\u0440\u043e\u0445\u043e\u0434\u044f\u0442 \u0437\u043d\u0430\u0447\u0438\u0442\u0435\u043b\u044c\u043d\u043e \u0431\u044b\u0441\u0442\u0440\u0435\u0435. \u0426\u0435\u043d\u0442\u0435\u043b\u043b\u0430 \u0443\u043b\u0443\u0447\u0448\u0430\u0435\u0442 \u043a\u0440\u043e\u0432\u043e\u043e\u0431\u0440\u0430\u0449\u0435\u043d\u0438\u0435, \u0443\u043b\u0443\u0447\u0448\u0430\u0435\u0442 \u0446\u0432\u0435\u0442 \u043b\u0438\u0446\u0430, \u0430 \u0442\u0430\u043a\u0436\u0435 \u043f\u043e\u0441\u0442\u0435\u043f\u0435\u043d\u043d\u043e \u0443\u043f\u043b\u043e\u0442\u043d\u044f\u0435\u0442 \u043a\u043e\u0436\u0443 \u0437\u0430 \u0441\u0447\u0451\u0442 \u0441\u0432\u043e\u0439 \u0441\u043f\u043e\u0441\u043e\u0431\u043d\u043e\u0441\u0442\u0438 \u0441\u0442\u0438\u043c\u0443\u043b\u0438\u0440\u043e\u0432\u0430\u0442\u044c \u0441\u0438\u043d\u0442\u0435\u0437 \u043a\u043e\u043b\u043b\u0430\u0433\u0435\u043d\u0430. \u0413\u0438\u0434\u0440\u043e\u043b\u0438\u0437\u043e\u0432\u0430\u043d\u043d\u044b\u0439 \u043a\u043e\u043b\u043b\u0430\u0433\u0435\u043d \u0441\u043e\u0432\u0435\u0440\u0448\u0435\u043d\u0441\u0442\u0432\u0443\u0435\u0442 \u0442\u0435\u043a\u0441\u0442\u0443\u0440\u0443 \u043a\u043e\u0436\u0438 \u0438 \u0434\u0430\u0440\u0438\u0442 \u0435\u0439 \u0433\u043b\u0430\u0434\u043a\u043e\u0441\u0442\u044c. \u0423\u0441\u0438\u043b\u0435\u043d\u043d\u044b\u0439 \u0433\u0438\u0430\u043b\u0443\u0440\u043e\u043d\u043e\u0432\u043e\u0439 \u043a\u0438\u0441\u043b\u043e\u0442\u043e\u0439 \u0438 \u0430\u043c\u0438\u043d\u043e\u043a\u0438\u0441\u043b\u043e\u0442\u0430\u043c\u0438, \u043a\u043e\u043b\u043b\u0430\u0433\u0435\u043d \u0437\u0430\u0449\u0438\u0449\u0430\u0435\u0442 \u043a\u043e\u0436\u0443 \u043e\u0442 \u043f\u043e\u0442\u0435\u0440\u0438 \u0432\u043b\u0430\u0433\u0438 \u0438 \u043e\u0431\u0435\u0437\u0432\u043e\u0436\u0438\u0432\u0430\u043d\u0438\u044f, \u0434\u0430\u0436\u0435 \u0435\u0441\u043b\u0438 \u0432\u044b \u0443\u043c\u044b\u0432\u0430\u0439\u0442\u0435\u0441\u044c \u0436\u0451\u0441\u0442\u043a\u043e\u0439 \u0432\u043e\u0434\u043e\u0439. \u041f\u0430\u043d\u0442\u0435\u043d\u043e\u043b \u0445\u043e\u0440\u043e\u0448\u043e \u0441\u043c\u044f\u0433\u0447\u0430\u0435\u0442 \u043e\u0433\u0440\u0443\u0431\u0435\u0432\u0448\u0438\u0435 \u0441\u0443\u0445\u0438\u0435 \u0443\u0447\u0430\u0441\u0442\u043a\u0438 \u043a\u043e\u0436\u0438, \u0443\u043b\u0443\u0447\u0448\u0430\u0435\u0442 \u0440\u0435\u0433\u0435\u043d\u0435\u0440\u0430\u0446\u0438\u044e \u0438 \u043f\u043e\u043c\u043e\u0433\u0430\u0435\u0442 \u0431\u043e\u0440\u043e\u0442\u044c\u0441\u044f \u0441 \u043f\u043e\u043a\u0440\u0430\u0441\u043d\u0435\u043d\u0438\u044f\u043c\u0438. \u0421\u043f\u043e\u0441\u043e\u0431 \u043f\u0440\u0438\u043c\u0435\u043d\u0435\u043d\u0438\u044f: \u0432\u044b\u0434\u0430\u0432\u0438\u0442\u044c \u043d\u0435\u0431\u043e\u043b\u044c\u0448\u043e\u0435 \u043a\u043e\u043b\u0438\u0447\u0435\u0441\u0442\u0432\u043e \u043f\u0435\u043d\u043a\u0438, \u043f\u043e\u0441\u043b\u0435 \u0447\u0435\u0433\u043e \u0445\u043e\u0440\u043e\u0448\u0435\u043d\u044c\u043a\u043e \u0432\u0441\u043f\u0435\u043d\u0438\u0442\u044c \u043c\u0435\u0436\u0434\u0443 \u043b\u0430\u0434\u043e\u043d\u0435\u0439 \u0438\u043b\u0438 \u0441 \u043f\u043e\u043c\u043e\u0449\u044c\u044e \u0441\u043f\u0435\u0446\u0438\u0430\u043b\u044c\u043d\u043e\u0439 \u0441\u0435\u0442\u043e\u0447\u043a\u0438 \u0434\u043b\u044f \u0432\u0437\u0431\u0438\u0432\u0430\u043d\u0438\u044f \u043f\u0435\u043d\u044b. \u041d\u0430\u043d\u0435\u0441\u0442\u0438 \u043e\u0431\u0440\u0430\u0437\u043e\u0432\u0430\u0432\u0448\u0443\u044e\u0441\u044f \u043f\u0435\u043d\u043a\u0443 \u043d\u0430 \u043a\u043e\u0436\u0443 \u0438 \u0440\u0430\u0441\u043f\u0440\u0435\u0434\u0435\u043b\u0438\u0442\u044c \u043c\u0430\u0441\u0441\u0438\u0440\u0443\u044e\u0449\u0438\u043c\u0438 \u0434\u0432\u0438\u0436\u0435\u043d\u0438\u044f\u043c\u0438, \u0430\u043a\u043a\u0443\u0440\u0430\u0442\u043d\u043e \u0443\u0434\u0430\u043b\u044f\u044f \u043c\u0430\u043a\u0438\u044f\u0436 \u0438 \u0434\u0440\u0443\u0433\u0438\u0435 \u0437\u0430\u0433\u0440\u044f\u0437\u043d\u0435\u043d\u0438\u044f. \u0422\u0449\u0430\u0442\u0435\u043b\u044c\u043d\u043e \u0441\u043c\u044b\u0442\u044c \u0442\u0451\u043f\u043b\u043e\u0439 \u0432\u043e\u0434\u043e\u0439.&quot;}\" data-sheets-userformat=\"{&quot;2&quot;:15037,&quot;3&quot;:{&quot;1&quot;:0},&quot;5&quot;:{&quot;1&quot;:[{&quot;1&quot;:2,&quot;2&quot;:0,&quot;5&quot;:{&quot;1&quot;:2,&quot;2&quot;:0}},{&quot;1&quot;:0,&quot;2&quot;:0,&quot;3&quot;:3},{&quot;1&quot;:1,&quot;2&quot;:0,&quot;4&quot;:1}]},&quot;6&quot;:{&quot;1&quot;:[{&quot;1&quot;:2,&quot;2&quot;:0,&quot;5&quot;:{&quot;1&quot;:2,&quot;2&quot;:0}},{&quot;1&quot;:0,&quot;2&quot;:0,&quot;3&quot;:3},{&quot;1&quot;:1,&quot;2&quot;:0,&quot;4&quot;:1}]},&quot;7&quot;:{&quot;1&quot;:[{&quot;1&quot;:2,&quot;2&quot;:0,&quot;5&quot;:{&quot;1&quot;:2,&quot;2&quot;:0}},{&quot;1&quot;:0,&quot;2&quot;:0,&quot;3&quot;:3},{&quot;1&quot;:1,&quot;2&quot;:0,&quot;4&quot;:1}]},&quot;8&quot;:{&quot;1&quot;:[{&quot;1&quot;:2,&quot;2&quot;:0,&quot;5&quot;:{&quot;1&quot;:2,&quot;2&quot;:0}},{&quot;1&quot;:0,&quot;2&quot;:0,&quot;3&quot;:3},{&quot;1&quot;:1,&quot;2&quot;:0,&quot;4&quot;:1}]},&quot;10&quot;:1,&quot;12&quot;:0,&quot;14&quot;:{&quot;1&quot;:2,&quot;2&quot;:16711680},&quot;15&quot;:&quot;Calibri&quot;,&quot;16&quot;:9}\"><strong>Na\u010din upotrebe:<\/strong> Nanesite proizvod i nje\u017enim pokretima rasporedite po licu. Isperite s vodom.<\/span><\/p>\n<p><em>Originalna Medi-Peel korejska kozmetika u Srbiji i Crnoj Gori. Visokokvalitetna kuc\u0301na nega lica i tela.<\/em><\/p>\n<hr \/>\n<div><em><strong><em>Sastojci:<\/em><\/strong> Purified water, myristic acid, glycerin, stearic acid, potassium hydroxide, propylene glycol, lauric acid, glycol distearate, glyceryl stearate SE, coco-glucoside, butylene glycol, cetearyl alcohol, Centella asiatica extract (598 ppm), collagen (1,000 ppb), water-soluble collagen (1,000 ppb), collagen amino acids (1,000 ppb), hydrolyzed collagen (1,000 ppb), collagen extract (1,000 ppb), oregano leaf extract , Cypress Leaf Extract, White Willow Bark Extract, Lactobacillus\/Fermented Soybean Extract, Purslane Extract, Broiler Bark Extract, Golden Extract, Millet Extract, Lavender Oil, Bergamot Oil, Scented Geranium Flower Oil, Cleo Oil, Lemon Peel Oil, pencil cedar oil, panthenol, sodium hyaluronate, biosaccharide gum-4, asiatic acid (160 ppb), asiaticoside (160 ppb), madecassic acid (160 ppb), madecassoside (20 ppb), glycine, serine, glutamic acid, aspartic acid, leucine, alanine, lysine, arginine, tyrosine, phenylalanine, valine, threonine, proline, isoleucine, histidine, methionine, cysteine, tannic acid, citric acid , caprylic\/capric triglyceride, hydrogenated phosphatidylcholine, sucrose stearate, disodium EDTA, lactose, cellulose, ascorbyl palmitate, tocopheryl acetate, hydroxypropylmethylcellulose, jojoba ester, 1, 2-hexanediol, potassium sorbate, chromium hydroxide green, linalool, limonene, citronellol, geraniol<\/em><\/div>","protected":false},"excerpt":{"rendered":"<p>Umirujuc\u0301a pena za \u010di\u0161c\u0301enje sa kolagenom i centelom. 120ml<\/p>","protected":false},"featured_media":6135,"template":"","meta":[],"product_cat":[254,374,342,349,381,260,314],"product_tag":[],"featured_image_urls":{"full":["https:\/\/medipeel.rs\/wp-content\/uploads\/2023\/12\/medi-peel-green-cica-collagen-clear-2.0-120ml.jpg",1200,1200,false],"thumbnail":["https:\/\/medipeel.rs\/wp-content\/uploads\/2023\/12\/medi-peel-green-cica-collagen-clear-2.0-120ml-150x150.jpg",150,150,true],"medium":["https:\/\/medipeel.rs\/wp-content\/uploads\/2023\/12\/medi-peel-green-cica-collagen-clear-2.0-120ml-300x300.jpg",300,300,true],"medium_large":["https:\/\/medipeel.rs\/wp-content\/uploads\/2023\/12\/medi-peel-green-cica-collagen-clear-2.0-120ml-768x768.jpg",768,768,true],"large":["https:\/\/medipeel.rs\/wp-content\/uploads\/2023\/12\/medi-peel-green-cica-collagen-clear-2.0-120ml-1024x1024.jpg",1024,1024,true],"1536x1536":["https:\/\/medipeel.rs\/wp-content\/uploads\/2023\/12\/medi-peel-green-cica-collagen-clear-2.0-120ml.jpg",1200,1200,false],"2048x2048":["https:\/\/medipeel.rs\/wp-content\/uploads\/2023\/12\/medi-peel-green-cica-collagen-clear-2.0-120ml.jpg",1200,1200,false],"trp-custom-language-flag":["https:\/\/medipeel.rs\/wp-content\/uploads\/2023\/12\/medi-peel-green-cica-collagen-clear-2.0-120ml-12x12.jpg",12,12,true],"vcmegaposts-masonry":["https:\/\/medipeel.rs\/wp-content\/uploads\/2023\/12\/medi-peel-green-cica-collagen-clear-2.0-120ml-500x500.jpg",500,500,true],"vcmegaposts-normal":["https:\/\/medipeel.rs\/wp-content\/uploads\/2023\/12\/medi-peel-green-cica-collagen-clear-2.0-120ml-800x800.jpg",800,800,true],"vcmegaposts-type1":["https:\/\/medipeel.rs\/wp-content\/uploads\/2023\/12\/medi-peel-green-cica-collagen-clear-2.0-120ml-800x500.jpg",800,500,true],"woocommerce_thumbnail":["https:\/\/medipeel.rs\/wp-content\/uploads\/2023\/12\/medi-peel-green-cica-collagen-clear-2.0-120ml-450x600.jpg",450,600,true],"woocommerce_single":["https:\/\/medipeel.rs\/wp-content\/uploads\/2023\/12\/medi-peel-green-cica-collagen-clear-2.0-120ml-600x600.jpg",600,600,true],"woocommerce_gallery_thumbnail":["https:\/\/medipeel.rs\/wp-content\/uploads\/2023\/12\/medi-peel-green-cica-collagen-clear-2.0-120ml-100x100.jpg",100,100,true]},"post_excerpt_stackable":"<p>\u0423\u0441\u043f\u043e\u043a\u0430\u0438\u0432\u0430\u044e\u0449\u0430\u044f \u043f\u0435\u043d\u043a\u0430 \u0434\u043b\u044f \u0443\u043c\u044b\u0432\u0430\u043d\u0438\u044f \u0441 \u043a\u043e\u043b\u043b\u0430\u0433\u0435\u043d\u043e\u043c \u0438 \u0446\u0435\u043d\u0442\u0435\u043b\u043b\u043e\u0439. 120ml<\/p>\n","category_list":"","author_info":{"name":"","url":""},"comments_num":"0 comments","jetpack_sharing_enabled":true,"_links":{"self":[{"href":"https:\/\/medipeel.rs\/sr\/wp-json\/wp\/v2\/product\/6134"}],"collection":[{"href":"https:\/\/medipeel.rs\/sr\/wp-json\/wp\/v2\/product"}],"about":[{"href":"https:\/\/medipeel.rs\/sr\/wp-json\/wp\/v2\/types\/product"}],"version-history":[{"count":2,"href":"https:\/\/medipeel.rs\/sr\/wp-json\/wp\/v2\/product\/6134\/revisions"}],"predecessor-version":[{"id":6270,"href":"https:\/\/medipeel.rs\/sr\/wp-json\/wp\/v2\/product\/6134\/revisions\/6270"}],"wp:featuredmedia":[{"embeddable":true,"href":"https:\/\/medipeel.rs\/sr\/wp-json\/wp\/v2\/media\/6135"}],"wp:attachment":[{"href":"https:\/\/medipeel.rs\/sr\/wp-json\/wp\/v2\/media?parent=6134"}],"wp:term":[{"taxonomy":"product_cat","embeddable":true,"href":"https:\/\/medipeel.rs\/sr\/wp-json\/wp\/v2\/product_cat?post=6134"},{"taxonomy":"product_tag","embeddable":true,"href":"https:\/\/medipeel.rs\/sr\/wp-json\/wp\/v2\/product_tag?post=6134"}],"curies":[{"name":"wp","href":"https:\/\/api.w.org\/{rel}","templated":true}]}}