{"id":6137,"date":"2023-12-04T21:10:17","date_gmt":"2023-12-04T20:10:17","guid":{"rendered":"https:\/\/medipeel.rs\/?post_type=product&#038;p=6137"},"modified":"2026-03-12T20:34:39","modified_gmt":"2026-03-12T19:34:39","slug":"medi-peel-vegan-vitamin-deep-tox-cleansing-oil-2","status":"publish","type":"product","link":"https:\/\/medipeel.rs\/sr\/\u043f\u0440\u043e\u0438\u0437\u0432\u043e\u0434\/medi-peel-vegan-vitamin-deep-tox-cleansing-oil-2\/","title":{"rendered":"Medi-Peel Vegan Vitamin Deep-Tox Cleansing Oil"},"content":{"rendered":"<p class=\" translation-block\">Hidrofilno ulje sa vitaminima za \u010di\u0161c\u0301enje lica na bazi hranljivih biljnih ulja i 13 lipozomalnih vitamina temeljno \u010disti i tonizira ko\u017eu, uklanja sve vrste ne\u010distoc\u0301a, uklju\u010dujuc\u0301i i vodootpornu \u0161minku. Sastav proizvoda je bogat vitaminizirajuc\u0301im supstancama koje neguju ko\u017eu, ja\u010daju zidove krvnih sudova, su\u017eavaju pore, ujedna\u010davaju ton ko\u017ee. U trenutku kontakta sa vodom, ulje brzo emulguje i ne\u017eno rastvara ne\u010distoc\u0301e u porama.<br>\nUlje uz redovnu upotrebu:<br>\n- pobolj\u0161ava propustljivost drugih aktivnih sastojaka u ko\u017eu;<br>\n- stimuli\u0161e regeneraciju c\u0301elija, omoguc\u0301avajuc\u0301i da zarastanje ko\u017ee br\u017ee i bolje;<br>\n- profilaktika fotostarenja;<br>\n- reguli\u0161e rad lojnih \u017elezda;<br>\n- povec\u0301ava funkcije barijere ko\u017ee;<br>\n- poma\u017ee u zadr\u017eavanju vlage u tkivima i odr\u017eavanju potrebne ravnote\u017ee vode;<br>\n- ubla\u017eava upale i pobolj\u0161ava ukupni imunitet ko\u017ee.<br>\nGlavni aktivni sastojci:<br>\nUlje semena gro\u017e\u0111a se sastoji od do 80% linolne kiseline. Ima antibakterijska, lekovita, regenerativna i za\u0161titna svojstva. Formula ulja sadr\u017ei oleinsku, palmitinsku, miristinsku, stearinsku i arahidinsku kiselinu.<br>\nSojino ulje sadr\u017ei niz esencijalnih masnih kiselina koje obnavljaju strukturu ko\u017ee i deluju liftingom, savr\u0161eno omek\u0161ava ko\u017eu i spre\u010dava gubitak vlage, a ima i lekovita svojstva.<br>\nUlje slatkog badema \u010dini ko\u017eu \u010dvrstom, elasti\u010dnom, odmornom, spre\u010dava pojavu opu\u0161tene ko\u017ee, uklju\u010duje kompleks vitamina A, E, F, B1, B2, B6, minerala, glukozida, aminokiselina, enzima emulzina.<br>\nEteri\u010dno ulje \u010dajevca elimini\u0161e otok, svrab i crvenilo i podsti\u010de brzo zarastanje ko\u017ee.<br>\nEkstrakt limuna, ulje limuna, ulje od kore limuna deluju osvetljavajuc\u0301e, osve\u017eavajuc\u0301e, su\u017eavaju pore i stimuli\u0161u imunitet ko\u017ee.<br>\nAskorbil fosfat ima antibakterijska i regenerativna svojstva.<\/p>\n<p><strong>Na\u010din upotrebe:<\/strong> Nanesite par kapi hidrofilnog ulja na suvu ko\u017eu, ne\u017eno masirajte lice. Dodajte malo vode i nastavite masirati dok ulje ne postane kao mleko. Isperite toplom vodom.<\/p>\n<p><em>Originalna Medi-Peel korejska kozmetika u Srbiji i Crnoj Gori. Visokokvalitetna kuc\u0301na nega lica i tela.<\/em><\/p>\n<hr \/>\n<p><em><strong><em>Sastojci:<\/em><\/strong> Ethylhexyl Palmitate, Grape Seed Oil, Soybean Oil, Solves-30 Tetraoleate, Olive Oil, Sweet Almond Oil, Sunflower Seed Oil, Caprylic\/capric Triglyceride, Vitamin Tree Oil (1,500 ppm), Orange Peel Oil, Purified Water, Camelgrass Oil, Lychee Fruit Oil, Glycerin, 1,2-hexanediol, Butylene Glycol, Vitamin Tree Water (10 ppm), Hydrogenated Lecithin, Ethylhexanediol, Polyglyceryl-10 Diisostearate, Lemon Peel Extract, Lemon Extract, Polyglyceryl-10 Stearate, Menadione (1,000 ppb), Panthenol (1,000 ppb), Sodium Ascorbyl Phosphate (500 ppb), Niacinamide (100 ppb), Biotin (10 ppb), Folic Acid (10 ppb), Pyridoxine (10 ppb), Cyanocobalamin (1 ppb), Tocopherol (1 ppb), Linoleic Acid (0.1 ppb), Riboflavin (0.1 ppb), Beta- Carotene (0.1 ppb), Thiamine Hcl (0.1 ppb), Citral, Limonene<\/em><\/p>","protected":false},"excerpt":{"rendered":"<p>Hidrofilno ulje sa vitaminima za \u010di\u0161c\u0301enje lica. 200ml<\/p>","protected":false},"featured_media":6138,"template":"","meta":[],"product_cat":[254,372,337,342,333],"product_tag":[319],"featured_image_urls":{"full":["https:\/\/medipeel.rs\/wp-content\/uploads\/2023\/12\/medi-peel-vegan-vitamin-deep-tox-cleansing-oil.jpg",1200,1200,false],"thumbnail":["https:\/\/medipeel.rs\/wp-content\/uploads\/2023\/12\/medi-peel-vegan-vitamin-deep-tox-cleansing-oil-150x150.jpg",150,150,true],"medium":["https:\/\/medipeel.rs\/wp-content\/uploads\/2023\/12\/medi-peel-vegan-vitamin-deep-tox-cleansing-oil-300x300.jpg",300,300,true],"medium_large":["https:\/\/medipeel.rs\/wp-content\/uploads\/2023\/12\/medi-peel-vegan-vitamin-deep-tox-cleansing-oil-768x768.jpg",768,768,true],"large":["https:\/\/medipeel.rs\/wp-content\/uploads\/2023\/12\/medi-peel-vegan-vitamin-deep-tox-cleansing-oil-1024x1024.jpg",1024,1024,true],"1536x1536":["https:\/\/medipeel.rs\/wp-content\/uploads\/2023\/12\/medi-peel-vegan-vitamin-deep-tox-cleansing-oil.jpg",1200,1200,false],"2048x2048":["https:\/\/medipeel.rs\/wp-content\/uploads\/2023\/12\/medi-peel-vegan-vitamin-deep-tox-cleansing-oil.jpg",1200,1200,false],"trp-custom-language-flag":["https:\/\/medipeel.rs\/wp-content\/uploads\/2023\/12\/medi-peel-vegan-vitamin-deep-tox-cleansing-oil-12x12.jpg",12,12,true],"vcmegaposts-masonry":["https:\/\/medipeel.rs\/wp-content\/uploads\/2023\/12\/medi-peel-vegan-vitamin-deep-tox-cleansing-oil-500x500.jpg",500,500,true],"vcmegaposts-normal":["https:\/\/medipeel.rs\/wp-content\/uploads\/2023\/12\/medi-peel-vegan-vitamin-deep-tox-cleansing-oil-800x800.jpg",800,800,true],"vcmegaposts-type1":["https:\/\/medipeel.rs\/wp-content\/uploads\/2023\/12\/medi-peel-vegan-vitamin-deep-tox-cleansing-oil-800x500.jpg",800,500,true],"woocommerce_thumbnail":["https:\/\/medipeel.rs\/wp-content\/uploads\/2023\/12\/medi-peel-vegan-vitamin-deep-tox-cleansing-oil-450x600.jpg",450,600,true],"woocommerce_single":["https:\/\/medipeel.rs\/wp-content\/uploads\/2023\/12\/medi-peel-vegan-vitamin-deep-tox-cleansing-oil-600x600.jpg",600,600,true],"woocommerce_gallery_thumbnail":["https:\/\/medipeel.rs\/wp-content\/uploads\/2023\/12\/medi-peel-vegan-vitamin-deep-tox-cleansing-oil-100x100.jpg",100,100,true]},"post_excerpt_stackable":"<p>\u041e\u0447\u0438\u0449\u0430\u044e\u0449\u0435\u0435 \u0433\u0438\u0434\u0440\u043e\u0444\u0438\u043b\u044c\u043d\u043e\u0435 \u043c\u0430\u0441\u043b\u043e \u0441 \u0432\u0438\u0442\u0430\u043c\u0438\u043d\u0430\u043c\u0438. 200ml<\/p>\n","category_list":"","author_info":{"name":"","url":""},"comments_num":"0 comments","jetpack_sharing_enabled":true,"_links":{"self":[{"href":"https:\/\/medipeel.rs\/sr\/wp-json\/wp\/v2\/product\/6137"}],"collection":[{"href":"https:\/\/medipeel.rs\/sr\/wp-json\/wp\/v2\/product"}],"about":[{"href":"https:\/\/medipeel.rs\/sr\/wp-json\/wp\/v2\/types\/product"}],"version-history":[{"count":1,"href":"https:\/\/medipeel.rs\/sr\/wp-json\/wp\/v2\/product\/6137\/revisions"}],"predecessor-version":[{"id":6139,"href":"https:\/\/medipeel.rs\/sr\/wp-json\/wp\/v2\/product\/6137\/revisions\/6139"}],"wp:featuredmedia":[{"embeddable":true,"href":"https:\/\/medipeel.rs\/sr\/wp-json\/wp\/v2\/media\/6138"}],"wp:attachment":[{"href":"https:\/\/medipeel.rs\/sr\/wp-json\/wp\/v2\/media?parent=6137"}],"wp:term":[{"taxonomy":"product_cat","embeddable":true,"href":"https:\/\/medipeel.rs\/sr\/wp-json\/wp\/v2\/product_cat?post=6137"},{"taxonomy":"product_tag","embeddable":true,"href":"https:\/\/medipeel.rs\/sr\/wp-json\/wp\/v2\/product_tag?post=6137"}],"curies":[{"name":"wp","href":"https:\/\/api.w.org\/{rel}","templated":true}]}}