{"id":6230,"date":"2024-01-12T14:59:56","date_gmt":"2024-01-12T13:59:56","guid":{"rendered":"https:\/\/medipeel.rs\/?post_type=product&#038;p=6230"},"modified":"2024-02-01T12:18:18","modified_gmt":"2024-02-01T11:18:18","slug":"maria_emelianova_book_rus","status":"publish","type":"product","link":"https:\/\/medipeel.rs\/sr\/\u043f\u0440\u043e\u0438\u0437\u0432\u043e\u0434\/maria_emelianova_book_rus\/","title":{"rendered":"Marija Emelianova \"Tajna korejske nege\" (ruski jezik)"},"content":{"rendered":"<p class=\" translation-block\">Marija Emelianova, osniva\u010d multibrend prodavnice korejske kozmetike i zvani\u010dni zastupnik korejskog brenda Medipeel, podelila je u svojoj knjizi tajne korejske nege.<br>\nMarija provela je dosta vremena prou\u010davaju\u0107i korejski pristup kozmetici i njihovo kozmeti\u010dko tr\u017ei\u0161te, tako da postala stru\u010dnjak u toj oblasti. Autorka ispri\u010dala nam je za\u0161to je korejska kozmetika toliko popularna, razotkrila mitove i razumljivo objasnila razloge za\u0161to korejsku kozmetiku toliko vole u \u010ditavom svetu.<br>\nSve \u0161to  nau\u010dite o korejskoj nezi ko\u017ee, njenoj filozofiji i odnosu prema ko\u017ei ozbiljno \u0107e promeniti va\u0161 pogled na negu ko\u017ee i, uop\u0161te, va\u0161 odnos prema tome. Posta\u0107ete svesni suptilnih prora\u010duna i otkriti najskrivenije tajne o kojima se nikome ne govori, niti se pi\u0161e u knjigama, ali ono \u0161to saznate iz ove knjige potpuno \u0107e vam promeniti mi\u0161ljenje o nezi ko\u017ee i o\u010duvanju mladosti.<\/p>","protected":false},"excerpt":{"rendered":"<p>Knjiga o osobinama i prednostima korejske nege ko\u017ee (ruska verzija).<\/p>","protected":false},"featured_media":6231,"template":"","meta":[],"product_cat":[505,329,276],"product_tag":[504],"featured_image_urls":{"full":["https:\/\/medipeel.rs\/wp-content\/uploads\/2024\/01\/mockup_book_rus.jpg",1200,1200,false],"thumbnail":["https:\/\/medipeel.rs\/wp-content\/uploads\/2024\/01\/mockup_book_rus-150x150.jpg",150,150,true],"medium":["https:\/\/medipeel.rs\/wp-content\/uploads\/2024\/01\/mockup_book_rus-300x300.jpg",300,300,true],"medium_large":["https:\/\/medipeel.rs\/wp-content\/uploads\/2024\/01\/mockup_book_rus-768x768.jpg",768,768,true],"large":["https:\/\/medipeel.rs\/wp-content\/uploads\/2024\/01\/mockup_book_rus-1024x1024.jpg",1024,1024,true],"1536x1536":["https:\/\/medipeel.rs\/wp-content\/uploads\/2024\/01\/mockup_book_rus.jpg",1200,1200,false],"2048x2048":["https:\/\/medipeel.rs\/wp-content\/uploads\/2024\/01\/mockup_book_rus.jpg",1200,1200,false],"trp-custom-language-flag":["https:\/\/medipeel.rs\/wp-content\/uploads\/2024\/01\/mockup_book_rus-12x12.jpg",12,12,true],"vcmegaposts-masonry":["https:\/\/medipeel.rs\/wp-content\/uploads\/2024\/01\/mockup_book_rus-500x500.jpg",500,500,true],"vcmegaposts-normal":["https:\/\/medipeel.rs\/wp-content\/uploads\/2024\/01\/mockup_book_rus-800x800.jpg",800,800,true],"vcmegaposts-type1":["https:\/\/medipeel.rs\/wp-content\/uploads\/2024\/01\/mockup_book_rus-800x500.jpg",800,500,true],"woocommerce_thumbnail":["https:\/\/medipeel.rs\/wp-content\/uploads\/2024\/01\/mockup_book_rus-450x600.jpg",450,600,true],"woocommerce_single":["https:\/\/medipeel.rs\/wp-content\/uploads\/2024\/01\/mockup_book_rus-600x600.jpg",600,600,true],"woocommerce_gallery_thumbnail":["https:\/\/medipeel.rs\/wp-content\/uploads\/2024\/01\/mockup_book_rus-100x100.jpg",100,100,true]},"post_excerpt_stackable":"<p>\u041a\u043d\u0438\u0433\u0430 \u043e\u0431 \u043e\u0441\u043e\u0431\u0435\u043d\u043d\u043e\u0441\u0442\u044f\u0445 \u0438 \u043f\u0440\u0435\u0438\u043c\u0443\u0449\u0435\u0441\u0442\u0432\u0430\u0445 \u043a\u043e\u0440\u0435\u0439\u0441\u043a\u043e\u0433\u043e \u0443\u0445\u043e\u0434\u0430 \u0437\u0430 \u043a\u043e\u0436\u0435\u0439 (\u0440\u0443\u0441\u0441\u043a\u043e\u044f\u0437\u044b\u0447\u043d\u0430\u044f \u0432\u0435\u0440\u0441\u0438\u044f).<\/p>\n","category_list":"","author_info":{"name":"","url":""},"comments_num":"0 comments","jetpack_sharing_enabled":true,"_links":{"self":[{"href":"https:\/\/medipeel.rs\/sr\/wp-json\/wp\/v2\/product\/6230"}],"collection":[{"href":"https:\/\/medipeel.rs\/sr\/wp-json\/wp\/v2\/product"}],"about":[{"href":"https:\/\/medipeel.rs\/sr\/wp-json\/wp\/v2\/types\/product"}],"version-history":[{"count":1,"href":"https:\/\/medipeel.rs\/sr\/wp-json\/wp\/v2\/product\/6230\/revisions"}],"predecessor-version":[{"id":6232,"href":"https:\/\/medipeel.rs\/sr\/wp-json\/wp\/v2\/product\/6230\/revisions\/6232"}],"wp:featuredmedia":[{"embeddable":true,"href":"https:\/\/medipeel.rs\/sr\/wp-json\/wp\/v2\/media\/6231"}],"wp:attachment":[{"href":"https:\/\/medipeel.rs\/sr\/wp-json\/wp\/v2\/media?parent=6230"}],"wp:term":[{"taxonomy":"product_cat","embeddable":true,"href":"https:\/\/medipeel.rs\/sr\/wp-json\/wp\/v2\/product_cat?post=6230"},{"taxonomy":"product_tag","embeddable":true,"href":"https:\/\/medipeel.rs\/sr\/wp-json\/wp\/v2\/product_tag?post=6230"}],"curies":[{"name":"wp","href":"https:\/\/api.w.org\/{rel}","templated":true}]}}