{"id":6251,"date":"2024-01-14T18:58:34","date_gmt":"2024-01-14T17:58:34","guid":{"rendered":"https:\/\/medipeel.rs\/?post_type=product&#038;p=6251"},"modified":"2024-03-25T15:00:08","modified_gmt":"2024-03-25T14:00:08","slug":"medi-peel-special-perfumed-hand-care-set","status":"publish","type":"product","link":"https:\/\/medipeel.rs\/sr\/\u043f\u0440\u043e\u0438\u0437\u0432\u043e\u0434\/medi-peel-special-perfumed-hand-care-set\/","title":{"rendered":"Medi-Peel Special Perfumed Hand Care Set"},"content":{"rendered":"<p>Set parfimisanih krema za ruke Medi-Peel Special Parfumed Hand Care Set, koje intenzivno hidriraju, neguju, omek\u0161avaju ko\u017eu ruku i neguju zanoktice. Set je idealan za brzo obnavljanje veoma suve, o\u0161tec\u0301ene, ispucale ko\u017ee, posebno nakon kontakta sa vodom i sredstvima za \u010di\u0161c\u0301enje. Krema se brzo upija bez ostavljanja osec\u0301aja lepljivosti, trenutno vrac\u0301a va\u0161im rukama negovan izgled i pouzdano ih \u0161titi od spoljnih faktora stresa. Kolagen vla\u017ei, formira tanku za\u0161titni film na povr\u0161ini dermisa, koji zadr\u017eava vlagu i ima efekat zatezanja. Krema ne samo da \u010dini ko\u017eu va\u0161ih ruku glatkom i negovanom, vec\u0301 vas odu\u0161evljava i svojom bogatom aromom eteri\u010dnih ulja!<\/p>\n<p class=\" translation-block\">\u21161 Fresh Woody, parfumed izbeljujuc\u0301a krema za ruke.<br>\nIma sve\u017eu drvenu aromu. Gornje note: limun, breskva. Srednje note: jasmin, ru\u017ea, zelene note, neroli. Donje note: amber, kedar, mo\u0161us.<br>\nShea puter je odli\u010dan prirodni emolijens. Savr\u0161eno omek\u0161ava ko\u017eu ruku koja je postala suva i trenutno elimini\u0161e lju\u0161tenje i crvenilo. Zahvaljujuc\u0301i \u0161i puteru, ko\u017ea va\u0161ih ruku postaje mekana i bar\u0161unasta na dodir. Zadr\u017eavajuc\u0301i vlagu na povr\u0161ini ko\u017ee, \u0161i puter tako\u0111e spre\u010dava dehidraciju.<br>\nEkstrakt cveta hibiskusa je efikasan u smanjenju hiperpigmentacije, Osve\u017eava be\u017eivotnu ko\u017eu sa neujedna\u010denim tenom i ujedna\u010dava teksturu porozne ko\u017ee.<br>\nNiacinamid ima efekat izbeljivanja i poma\u017ee u osvetljavanju pigmentacije.<br>\nGC-H COMPLEX biljnog porekla poma\u017ee u revitalizaciji ko\u017ee.<\/p>\n<p class=\" translation-block\">\u21162 Fruity Powdery, parfimisana regenerativna krema za ruke.<br>\nIma voc\u0301nu aromu sve\u017ee tre\u0161nje. Gornje note: cvet tre\u0161nje, crvena jabuka, limun, dinja, ljubi\u010dica. Srednje note: cvet tre\u0161nje, jasmin, magnolija, ru\u017ea, ilang-ilang. Donje note: sandalovina, heliotrop, vanila, mo\u0161us, breskva.<br>\nPantenol i Super Berry Complex od 7 ekstrakata bobica bogatih vitaminima ubla\u017eavaju iritaciju, hidriraju, poma\u017eu u obnavljanju i revitalizaciji ko\u017ee.<br>\nShea puter vla\u017ei, elimini\u0161e lju\u0161tenje i crvenilo.<\/p>\n<p class=\" translation-block\">\u21163 Aromatic Floral, parfimisana krema za ruke sa efektom izgla\u0111ivanja bora.<br>\nIma osve\u017eavajuc\u0301u cvetno-biljnu aromu. Gornje note: bergamot, mandarina, limun, narand\u017ea, lavanda, ruzmarin. Srednje note: neroli, jasmin. Donje note: amber, an\u0111elika, ambratta, mo\u0161us.<br>\nAdenozin stimuli\u0161e sintezu kolagena i elastina, efikasno zagla\u0111uje bore, smanjuje promene vezane za uzrast i ujedna\u010dava teksturu ko\u017ee.<br>\nKompleks od 7 biljnih ekstrakata poma\u017ee vla\u017eenju i umirivanju ko\u017ee.<\/p>\n<p><strong>Na\u010din upotrebe:<\/strong> Nanesite kremu na \u010diste, suve ruke i ne\u017eno je razma\u017eite da upije. Tako\u0111e se preporu\u010duje da se krema nanese na suve laktove ili pete za ishranu i vla\u017eenje.<\/p>\n<p><em>Originalna Medi-Peel korejska kozmetika u Srbiji i Crnoj Gori. Visokokvalitetna kuc\u0301na nega lica i tela.<\/em><\/p>\n<hr \/>\n<div><em><em><strong><em>Sastojci:<\/em><\/strong><br \/>\n<\/em>Medi-Peel Perfume Hand Cream (No. 1. Fresh Woody)<\/em><br \/>\n<em>Purified water, glycerin, mineral oil, cetearyl alcohol, shea butter, niacinamide, polyglyceryl-3 distearate, cyclopentasiloxane, palmitic acid, 1, 2-hexanediol, stearic acid, hibiscus flower extract, hydrolyzed collagen, butylene glycol, hydrogenated lecithin, polyglyceryl-10 stearate, dimethicone, glyceryl stearate, carbomer, Hydroxyethyl acrylate\/sodium acryloyl dimethyl taurate copolymer, tromethamine, glyceryl stearate citrate, lemon peel oil, juniper oil, sorbitan isostearate, panthenol, caprylyl glycol, Sodium hyaluronate, sodium ascorbyl phosphate, oat bran extract, camellia flower extract, vitamin tree fruit extract, pomegranate extract, chayotte fruit extract, ceramide NP, hyaluronic acid, hydrolyzed hyaluronic Acid, Hydrolyzed Sodium Hyaluronate, Hydroxypropyl Trimonium Hyaluronate, Potassium Hyaluronate, Sodium Hyaluronate Crosspolymer, Ceramide NS, Biotin, Cholesterol, Folic Acid, Phytosping Gosine, pyridoxine, Ceramide AP, Ceramide AS, Pentylene Glycol, Cyanocobalamin, Sodium Acetylated Hyaluronate, Tocopherol, Allantoin, Ethylhexyl Glycerin, Linoleic Acid, Thiamine HCL, Ceramide EOP, Disodium EDTA, fragrance, amyl cinnamal, citral, citronellol, geraniol, hexyl cinnamal, hydroxycitronellol, limonene, linalool<\/em><\/div>\n<div><\/div>\n<div><\/div>\n<div><em>Medi-Peel Perfume Hand<\/em><em>Cream (No 2. Fruity Powderly)<\/em><br \/>\n<em>Purified water, glycerin, Cetearyl Alcohol, Shea Butter, Cetyl Ethylhexanoate, Cyclopentasiloxane, Ethylhexyl Palmitate, Polyglyceryl-3 Distearate, Caprylic\/Capric Triglyceride, Panthenol, Hydrolyzed Collagen, hydrogenated lecithin, butylene glycol, raspberry extract, acai palm fruit extract, blackcurrant fruit extract, western raspberry extract, raw sweet blueberry extract, cranberry extract, bilberry fruit extract, polyglyceryl-10 stea. Latex, palmitic acid, 1,2-hexanediol, glyceryl stearate, polyglyceryl-3 caprate, stearic acid, acrylate\/C10-30 alkyl acrylate crosspolymer, glyceryl stearate citrate, Hydroxyethyl acrylate\/sodium acryloyl dimethyl taurate copolymer, tromethamine, caprylyl glycol, ethylhexyl glycerin, polysorbate 60, sorbitan isostearate, sodium hyaluronate, ceramide NP. , Sodium Ascorbyl Phosphate, Ceramide NS, Cholesterol, Niacinamide, Phytosphingosine, Ceramide AP, Ceramide AS, Hyaluronic Acid, Hydrolyzed Hyaluronic Acid, Hydrolyzed Sodium Hyaluro Nate, Hydroxypropyl Trimonium Hyaluronate, Potassium Hyaluronate, Sodium Hyaluronate Crosspolymer, Biotin, Poly Acid, Pyridoxine, Pentylene Glycol, Cyanocobalamin, Sodium Acetylated Hyaluronate Nate, tocopherol, ceramide EOP, linoleic acid, thiamine HCL, phenoxyethanol, disodium EDTA, fragrance, alpha-isomethyl ionone, citronellol, hexylcinnamal, isoeugenol, limonene, linalool.<\/em><\/div>\n<div><\/div>\n<div><\/div>\n<div><\/div>\n<div><em>Medi-Peel Perfume Hand Cream (No. 3. Aromatic Floral)<\/em><br \/>\n<em>Purified water, glycerin, butylene glycol, cyclopentasiloxane, cetyl alcohol, cetearyl alcohol, cyclohexasiloxane, dimethicone, polyglyceryl-3 distear. Latex, glyceryl stearate SE, 1,2-hexanediol, glyceryl stearate citrate, hydrolyzed collagen, hydrogenated lecithin, vinegar, stearic acid, chamomile flower extract, port marigold flower extract, Hibiscus flower extract, lavender flower extract, corn mint leaf extract, rosemary flower extract, salvia leaf extract, ammonium acryloyl dimethyl taurate\/V picopolymer, polyglyceryl-10 stearate, panthenol, caprylyl glycol , Sodium Hyaluronate, Ceramide NP, Sodium Ascorbyl Phosphate, Ceramide NS, Cholesterol, Niacinamide, Phytosphingosine, Ceramide AP, Ceramide AX, Hyaluronic Acid, Hydrolyzed Hyaluronic Acid , Hydrolyzed Sodium Hyaluronate, Hydroxypropyl Trimonium Hyaluronate, Potassium Hyaluronate, Sodium Hyaluronate Crosspolymer, Biotin, Folic Acid, Pyridoxine, Pentylene Glycol, Cyanocobal Amine, sodium acetylated hyaluronate, ethylhexylglycerin, xanthan gum, adenosine, tocopherol, ceramide EP, linoleic acid, thiamine HCL, phenoxyethanol, disodium EDTA, fragrance, citral, gerani Ol, limonene, linalool<\/em><\/div>","protected":false},"excerpt":{"rendered":"<p>Set parfimisanih krema za ruke. 3*30ml<\/p>","protected":false},"featured_media":6252,"template":"","meta":[],"product_cat":[440,259,385,272,301,334,260,279],"product_tag":[],"featured_image_urls":{"full":["https:\/\/medipeel.rs\/wp-content\/uploads\/2024\/01\/medi-peel-special-perfumed-hand-care-set.jpg",1200,1200,false],"thumbnail":["https:\/\/medipeel.rs\/wp-content\/uploads\/2024\/01\/medi-peel-special-perfumed-hand-care-set-150x150.jpg",150,150,true],"medium":["https:\/\/medipeel.rs\/wp-content\/uploads\/2024\/01\/medi-peel-special-perfumed-hand-care-set-300x300.jpg",300,300,true],"medium_large":["https:\/\/medipeel.rs\/wp-content\/uploads\/2024\/01\/medi-peel-special-perfumed-hand-care-set-768x768.jpg",768,768,true],"large":["https:\/\/medipeel.rs\/wp-content\/uploads\/2024\/01\/medi-peel-special-perfumed-hand-care-set-1024x1024.jpg",1024,1024,true],"1536x1536":["https:\/\/medipeel.rs\/wp-content\/uploads\/2024\/01\/medi-peel-special-perfumed-hand-care-set.jpg",1200,1200,false],"2048x2048":["https:\/\/medipeel.rs\/wp-content\/uploads\/2024\/01\/medi-peel-special-perfumed-hand-care-set.jpg",1200,1200,false],"trp-custom-language-flag":["https:\/\/medipeel.rs\/wp-content\/uploads\/2024\/01\/medi-peel-special-perfumed-hand-care-set-12x12.jpg",12,12,true],"vcmegaposts-masonry":["https:\/\/medipeel.rs\/wp-content\/uploads\/2024\/01\/medi-peel-special-perfumed-hand-care-set-500x500.jpg",500,500,true],"vcmegaposts-normal":["https:\/\/medipeel.rs\/wp-content\/uploads\/2024\/01\/medi-peel-special-perfumed-hand-care-set-800x800.jpg",800,800,true],"vcmegaposts-type1":["https:\/\/medipeel.rs\/wp-content\/uploads\/2024\/01\/medi-peel-special-perfumed-hand-care-set-800x500.jpg",800,500,true],"woocommerce_thumbnail":["https:\/\/medipeel.rs\/wp-content\/uploads\/2024\/01\/medi-peel-special-perfumed-hand-care-set-450x600.jpg",450,600,true],"woocommerce_single":["https:\/\/medipeel.rs\/wp-content\/uploads\/2024\/01\/medi-peel-special-perfumed-hand-care-set-600x600.jpg",600,600,true],"woocommerce_gallery_thumbnail":["https:\/\/medipeel.rs\/wp-content\/uploads\/2024\/01\/medi-peel-special-perfumed-hand-care-set-100x100.jpg",100,100,true]},"post_excerpt_stackable":"<p>\u041d\u0430\u0431\u043e\u0440 \u043f\u0430\u0440\u0444\u044e\u043c\u0438\u0440\u043e\u0432\u0430\u043d\u043d\u044b\u0445 \u043a\u0440\u0435\u043c\u043e\u0432 \u0434\u043b\u044f \u0440\u0443\u043a. 3*30ml<\/p>\n","category_list":"","author_info":{"name":"","url":""},"comments_num":"0 comments","jetpack_sharing_enabled":true,"_links":{"self":[{"href":"https:\/\/medipeel.rs\/sr\/wp-json\/wp\/v2\/product\/6251"}],"collection":[{"href":"https:\/\/medipeel.rs\/sr\/wp-json\/wp\/v2\/product"}],"about":[{"href":"https:\/\/medipeel.rs\/sr\/wp-json\/wp\/v2\/types\/product"}],"version-history":[{"count":2,"href":"https:\/\/medipeel.rs\/sr\/wp-json\/wp\/v2\/product\/6251\/revisions"}],"predecessor-version":[{"id":6265,"href":"https:\/\/medipeel.rs\/sr\/wp-json\/wp\/v2\/product\/6251\/revisions\/6265"}],"wp:featuredmedia":[{"embeddable":true,"href":"https:\/\/medipeel.rs\/sr\/wp-json\/wp\/v2\/media\/6252"}],"wp:attachment":[{"href":"https:\/\/medipeel.rs\/sr\/wp-json\/wp\/v2\/media?parent=6251"}],"wp:term":[{"taxonomy":"product_cat","embeddable":true,"href":"https:\/\/medipeel.rs\/sr\/wp-json\/wp\/v2\/product_cat?post=6251"},{"taxonomy":"product_tag","embeddable":true,"href":"https:\/\/medipeel.rs\/sr\/wp-json\/wp\/v2\/product_tag?post=6251"}],"curies":[{"name":"wp","href":"https:\/\/api.w.org\/{rel}","templated":true}]}}