{"id":6256,"date":"2024-01-14T17:23:46","date_gmt":"2024-01-14T16:23:46","guid":{"rendered":"https:\/\/medipeel.rs\/?post_type=product&#038;p=6256"},"modified":"2024-03-23T14:50:25","modified_gmt":"2024-03-23T13:50:25","slug":"medi-peel-premium-peptide-naite-1000-shot-neck-stick","status":"publish","type":"product","link":"https:\/\/medipeel.rs\/sr\/\u043f\u0440\u043e\u0438\u0437\u0432\u043e\u0434\/medi-peel-premium-peptide-naite-1000-shot-neck-stick\/","title":{"rendered":"Medi-Peel Premium Peptide Naite 1000 Shot Neck Stick"},"content":{"rendered":"<p class=\" translation-block\">Stik za zatezanje vrata sa peptidnim kompleksom Medi-Peel Premium Naite Thread Neck Stick ima izra\u017een lifting efekat, zagla\u0111uje i smanjuje dubinu bora, poma\u017ee u borbi protiv ko\u017enih nabora vrata.<br>\nKoncentrovana formula je dizajnirana da pomogne u smanjenju pojave finih linija, bora i opu\u0161tene ko\u017ee, promovi\u0161uc\u0301i mladala\u010dkiju, podignutu konturu vrata. Ovaj zgodan i jednostavan za kori\u0161c\u0301enje format stika omoguc\u0301ava preciznu primenu, \u0161to ga \u010dini idealnim za ciljanje na odre\u0111ena problemati\u010dna podru\u010dja. Lagana i nemasna tekstura obezbe\u0111uje brzo upijanje u ko\u017eu, ostavljajuc\u0301i osec\u0301aj glatkoc\u0301e i hidratacije. Uz redovnu upotrebu, proizvod poma\u017ee da vratu i dekolteu vrati mladala\u010dki i podmla\u0111eni izgled.<br>\nStik sadr\u017ei moc\u0301an peptidni kompleks koji ima za cilj dubinsko podmla\u0111ivanje i ja\u010danje ko\u017ee. Zagla\u0111uje i smanjuje dubinu bora, usporava starenje i deluje lifting. Intenzivno vla\u017ei i zadr\u017eava vlagu u epidermisu, elimini\u0161e suvoc\u0301u, \u010dini ko\u017eu mekom i glatkom.<br>\nPeptidi aktiviraju proces regeneracije i obnavljanja epidermalnih c\u0301elija, ubrzavaju metabolizam i povec\u0301avaju imunitet. Obnavlja strukturu kolagenih i elastinskih vlakana i stimuli\u0161e njihovu sintezu. Oni uti\u010du na mi\u0161ic\u0301e lica, pru\u017eajuc\u0301i umirujuc\u0301i efekat, zbog \u010dega se bore izgla\u0111uju.<br>\nGlavni aktivni sastojci:<br>\nKompleks od 5 vrsta peptida povec\u0301ava \u010dvrstinu i elasti\u010dnost ko\u017ee, ubrzava proizvodnju sopstvenih kolagenskih i elastinskih vlakana u telu. Smanjite dubinu bora i spre\u010dite opu\u0161tanje ko\u017ee. Ja\u010da za\u0161titnu barijeru ko\u017ee.<br>\nHidrolizovani kolagen zagla\u0111uje i ujedna\u010dava ko\u017eu, \u010dini je \u010dvrstom i elasti\u010dnom, uklanja fine bore i osve\u017eava. Ima zaceljivanje rana i umirujuc\u0301e dejstvo, zadr\u017eava vlagu u dubokim slojevima ko\u017ee. Ima efekat regeneracije.<br>\nUlje slatkog badema ima antimikrobno i antioksidativno dejstvo, elimini\u0161e lju\u0161tenje, suvoc\u0301u i iritaciju. Poma\u017ee u izgla\u0111ivanju sitnih bora, ujedna\u010davanju mikroreljefa ko\u017ee, pobolj\u0161anju turgora i pobolj\u0161anju sinteze kolagena.<br>\nNiacinamid podsti\u010de sna\u017enu c\u0301elijsku obnovu ko\u017ee, pobolj\u0161ava elasti\u010dnost ko\u017ee, ja\u010da funkciju barijere, poma\u017ee u uklanjanju stara\u010dkih pega i osvetljava fleke.<br>\nAdenozin je moc\u0301na komponenta protiv starenja koja ubrzava regeneraciju c\u0301elija ko\u017ee, \u010dime povec\u0301ava njenu \u010dvrstoc\u0301u i elasti\u010dnost i izgla\u0111uje bore.<br>\nPogodno za sve tipove ko\u017ee.<\/p>\n<p><strong>Na\u010din upotrebe:<\/strong> Nanesite potrebnu koli\u010dinu stika na \u010distu, suvu ko\u017eu vrata. Ne\u017eno masirajte ko\u017eu laganim i kru\u017enim pokretima, odozdo prema gore, dok se krema potpuno ne upije.<\/p>\n<p><em>Originalna Medi-Peel korejska kozmetika u Srbiji i Crnoj Gori. Visokokvalitetna kuc\u0301na nega lica i tela.<\/em><\/p>\n<hr \/>\n<div><em><strong><em>Sastojci:<\/em><\/strong> Purified water, dicaprylyl carbonate, butylene glycol, hydrogenated poly (C6-14 olefin), ceresin, synthetic wax, stearyl dimethicone, C13-15 alkane, glycerin, caprylic\/capric tri. Glyceride, HDI\/trimethylolhexylactone crosspolymer, niacinamide, dimethicone, cetyl PEG\/PPG-10\/1 dimethicone, polymethyl methacrylate, 1,2-hexanediol, Solbi Tanolivate, C10-18 triglyceride, butylene glycol dicaprylate\/dicaprate, stearyl heptanoate, sodium chloride, jojoba ester, stearyl caprylate, sunflower seed wax, menthyl PCA, die Pentaerythritylhexahydroxystearate\/hexostearate\/hexarozinate, bis-diglycerylpolyacyl adipate-2, hydrolyzed collagen, ethylene\/propylene copolymer, trehalose, betaine, toco Peryl acetate, ethylhexylglycerin, adenosine, polyglycerin-3, green wattle flower wax, caffeine, ectoin, hydrogenated polyisobutene, hydrolyzed elastin, yeast\/rice fermentation filtrate, hydroxypropylmethylcellulose, pulu Orchid, gardenia extract, dextrin, propanediol, pentylene glycol, sodium hyaluronate crosspolymer, polyglyceryl-10 laurate, Porphyridium cruentum extract, phenethyl alcohol, hydrolyzed glycosamino Glycan, fructan, decyl glucoside, artichoke leaf extract, sodium hyaluronate, hexyldecanol, hydrolyzed sponge, pentaerythrityl tetra-di-t-butylhydroxyhydrocinnamate, hydrogenated lecithin , Ceramide NP, Benzyl Glycol, Glucose, Citric Acid, Hydrolyzed Hyaluronic Acid, Dipeptide Diaminobutyroylbenzylamide Diacetate (250 ppb), Caprylyl Glycol, Palmitoyl Tri. Peptide-5 (110 ppb), Lamifolia extract, L. vulgaris bark extract, xanthine, syringa root extract, tripeptide-1 (10 ppb), sodium acetylated hyaluronate, palmitoyl tripeptide-1 (10 ppb) ), palmitoyl pentapeptide-4 (10 ppb), copper tripeptide-1 (10 ppb), acetylhexapeptide-8 (10 ppb), calcium silicate, tocopherol, hyaluronic acid, hexapeptide-9 (5 ppb), sodium silicate, nonapeptide-1 (1 ppb), fragrance<\/em><\/div>","protected":false},"excerpt":{"rendered":"<p>Stik za zatezanje vrata sa peptidnim kompleksom. 20g<\/p>","protected":false},"featured_media":6257,"template":"","meta":[],"product_cat":[507,311,342,386,387,260,279],"product_tag":[],"featured_image_urls":{"full":["https:\/\/medipeel.rs\/wp-content\/uploads\/2024\/01\/medi-peel-premium-peptide-naite-1000-shot-neck-stick.jpg",1200,1200,false],"thumbnail":["https:\/\/medipeel.rs\/wp-content\/uploads\/2024\/01\/medi-peel-premium-peptide-naite-1000-shot-neck-stick-150x150.jpg",150,150,true],"medium":["https:\/\/medipeel.rs\/wp-content\/uploads\/2024\/01\/medi-peel-premium-peptide-naite-1000-shot-neck-stick-300x300.jpg",300,300,true],"medium_large":["https:\/\/medipeel.rs\/wp-content\/uploads\/2024\/01\/medi-peel-premium-peptide-naite-1000-shot-neck-stick-768x768.jpg",768,768,true],"large":["https:\/\/medipeel.rs\/wp-content\/uploads\/2024\/01\/medi-peel-premium-peptide-naite-1000-shot-neck-stick-1024x1024.jpg",1024,1024,true],"1536x1536":["https:\/\/medipeel.rs\/wp-content\/uploads\/2024\/01\/medi-peel-premium-peptide-naite-1000-shot-neck-stick.jpg",1200,1200,false],"2048x2048":["https:\/\/medipeel.rs\/wp-content\/uploads\/2024\/01\/medi-peel-premium-peptide-naite-1000-shot-neck-stick.jpg",1200,1200,false],"trp-custom-language-flag":["https:\/\/medipeel.rs\/wp-content\/uploads\/2024\/01\/medi-peel-premium-peptide-naite-1000-shot-neck-stick-12x12.jpg",12,12,true],"vcmegaposts-masonry":["https:\/\/medipeel.rs\/wp-content\/uploads\/2024\/01\/medi-peel-premium-peptide-naite-1000-shot-neck-stick-500x500.jpg",500,500,true],"vcmegaposts-normal":["https:\/\/medipeel.rs\/wp-content\/uploads\/2024\/01\/medi-peel-premium-peptide-naite-1000-shot-neck-stick-800x800.jpg",800,800,true],"vcmegaposts-type1":["https:\/\/medipeel.rs\/wp-content\/uploads\/2024\/01\/medi-peel-premium-peptide-naite-1000-shot-neck-stick-800x500.jpg",800,500,true],"woocommerce_thumbnail":["https:\/\/medipeel.rs\/wp-content\/uploads\/2024\/01\/medi-peel-premium-peptide-naite-1000-shot-neck-stick-450x600.jpg",450,600,true],"woocommerce_single":["https:\/\/medipeel.rs\/wp-content\/uploads\/2024\/01\/medi-peel-premium-peptide-naite-1000-shot-neck-stick-600x600.jpg",600,600,true],"woocommerce_gallery_thumbnail":["https:\/\/medipeel.rs\/wp-content\/uploads\/2024\/01\/medi-peel-premium-peptide-naite-1000-shot-neck-stick-100x100.jpg",100,100,true]},"post_excerpt_stackable":"<p>\u041f\u043e\u0434\u0442\u044f\u0433\u0438\u0432\u0430\u044e\u0449\u0438\u0439 \u0441\u0442\u0438\u043a \u0434\u043b\u044f \u0448\u0435\u0438 \u0441 \u043f\u0435\u043f\u0442\u0438\u0434\u043d\u044b\u043c \u043a\u043e\u043c\u043f\u043b\u0435\u043a\u0441\u043e\u043c. 20g<\/p>\n","category_list":"","author_info":{"name":"","url":""},"comments_num":"0 comments","jetpack_sharing_enabled":true,"_links":{"self":[{"href":"https:\/\/medipeel.rs\/sr\/wp-json\/wp\/v2\/product\/6256"}],"collection":[{"href":"https:\/\/medipeel.rs\/sr\/wp-json\/wp\/v2\/product"}],"about":[{"href":"https:\/\/medipeel.rs\/sr\/wp-json\/wp\/v2\/types\/product"}],"version-history":[{"count":1,"href":"https:\/\/medipeel.rs\/sr\/wp-json\/wp\/v2\/product\/6256\/revisions"}],"predecessor-version":[{"id":6258,"href":"https:\/\/medipeel.rs\/sr\/wp-json\/wp\/v2\/product\/6256\/revisions\/6258"}],"wp:featuredmedia":[{"embeddable":true,"href":"https:\/\/medipeel.rs\/sr\/wp-json\/wp\/v2\/media\/6257"}],"wp:attachment":[{"href":"https:\/\/medipeel.rs\/sr\/wp-json\/wp\/v2\/media?parent=6256"}],"wp:term":[{"taxonomy":"product_cat","embeddable":true,"href":"https:\/\/medipeel.rs\/sr\/wp-json\/wp\/v2\/product_cat?post=6256"},{"taxonomy":"product_tag","embeddable":true,"href":"https:\/\/medipeel.rs\/sr\/wp-json\/wp\/v2\/product_tag?post=6256"}],"curies":[{"name":"wp","href":"https:\/\/api.w.org\/{rel}","templated":true}]}}