{"id":6485,"date":"2024-03-08T00:32:14","date_gmt":"2024-03-07T23:32:14","guid":{"rendered":"https:\/\/medipeel.rs\/?post_type=product&#038;p=6485"},"modified":"2026-03-12T20:55:36","modified_gmt":"2026-03-12T19:55:36","slug":"medi-peel-peptide-9-volume-lifting-all-in-one-podo-ampoule-pro","status":"publish","type":"product","link":"https:\/\/medipeel.rs\/sr\/\u043f\u0440\u043e\u0438\u0437\u0432\u043e\u0434\/medi-peel-peptide-9-volume-lifting-all-in-one-podo-ampoule-pro\/","title":{"rendered":"Medi-Peel Peptide 9 Volume Lifting All In One Podo Ampoule Pro"},"content":{"rendered":"<p class=\" translation-block\">Vinski serum sa lifting efektom \u010dija formula za podmla\u0111ivanje  je dizajnirana za sve tipove ko\u017ee i pru\u017ea ravnote\u017eu izme\u0111u duboke hidratacije i vrac\u0301anja elasti\u010dnosti.\nMetoda lipozomalnog transporta obezbe\u0111uje prodiranje sredstava u duboke slojeve epiderme, \u010dime se pobolj\u0161avaju svojstva zagla\u0111ivanja i podizanja seruma. Glavne komponente pokrec\u0301u sintezu kolagena i elastina, ja\u010daju oval lica, spre\u010davaju stvaranje bora i nabora.\nDvofazna tekstura seruma ne ostavlja lepljivost, ostavljajuc\u0301i ko\u017eu nahranjenom i hidratizovanom.<\/p>\n<p class=\" translation-block\"><strong>Glavni aktivni sastojci:<\/strong><br>\nEkstrakt vina intenzivno hidrira, smanjuje dubinu bora i nabora, \u010dini ko\u017eu \u010dvrstom i elasti\u010dnom i ima sveobuhvatan podmla\u0111ujuc\u0301i efekat.<br>\nVolufilin je supstanca ekstrahovana iz anemarene, povec\u0301ava gustinu i volumen ko\u017ee, imajuc\u0301i efekat sli\u010dan lipofilingu.<br>\nResveratrol je moc\u0301an antioksidans koji se nalazi u ljusci gro\u017e\u0111a i drugog voc\u0301a, kakaoa i ora\u0161astih plodova. Resveratrol se bori protiv slobodnih radikala, pobolj\u0161ava za\u0161titne funkcije ko\u017ee, produ\u017eava mladost c\u0301elija i spre\u010dava prevremenu pojavu bora.<br>\nEktoin je organska aminokiselina koja efikasno \u0161titi od spolja\u0161njih faktora i UV zraka i ima dezinfekciono dejstvo. Kontroli\u0161e proizvodnju melanina i poma\u017ee u osvetljavanju pigmentacije.<br>\nEkstrakt patlid\u017eana pru\u017ea antioksidativnu za\u0161titu, ima antiinflamatorno i antimikrobno dejstvo.<br>\nEkstrakt kurkume dobro le\u010di, ima antiinflamatorno i antisepti\u010dko dejstvo, reguli\u0161e proizvodnju sebuma.<br>\nEkstrakt listova i cvetova drveta neema le\u010di, deluje protivupalno i antisepti\u010dno, \u010dini ko\u017eu glatkom i svilenkastom, reguli\u0161e proizvodnju sebuma.<br>\nEkstrakt morske alge (Corallina Officinalis Ektract) smanjuje nate\u010denost, povec\u0301ava proizvodnju kolagena, tonizira i dodaje elasti\u010dnost, ubrzava zarastanje i bori se protiv oksidativnog stresa.<br>\nUlje sjemena livadske pene sadr\u017ei vredne masne kiseline, deluje antioksidativno, omek\u0161ava i zagla\u0111uje, ne ostavlja lepljivost.<br>\nUlje jojobe je bogato vitaminima A i E, bori se protiv suvoc\u0301e i perutanja, neguje, \u010dini ko\u017eu \u010dvr\u0161\u0107om i elasti\u010dnijom.<br>\nUlje semena moringe deluje antioksidativno, \u0161titi od agresivnog dejstva faktora okoline i slobodnih radikala i umiruje.<br>\nPogodno za normalnu, kombinovanu i suvu ko\u017eu.<\/p>\n<p><strong>Na\u010din upotrebe:<\/strong> masa\u017enim pokretima nanesite potrebnu koli\u010dinu seruma na prethodno toniranu ko\u017eu.<\/p>\n<hr \/>\n<div>\n<p><em><strong><em>Sastojci:<\/em><\/strong> Caprylic\/Capric Triglyceride, Water, Limnanthes Alba (Meadowfoam) Seed Oil, Caprylic\/Capric\/Succinic Triglyceride, Glycerin, 1,2-Hexanediol, Niacinamide, Eclipta Prostrata Extract, Melia Azadirachta Leaf Extract, Melia Azadirachta Flower Extract, Coccinia Indica Fruit Extract, Solanum Melongena (Eggplant) Fruit Extract, Aloe Barbadensis Flower Extract, Curcuma Longa (Turmeric) Root Extract, Corallina Officinalis Extract, Ocimum Sanctum Leaf Extract, Wine Extract, Anemarrhena Asphodeloides Root Extract, Trifolium Pratense (Clover) Flower Extract, Simmondsia Chinensis (Jojoba) Seed Oil, Sodium Hyaluronate, Sodium Chloride, Ethylhexylglycerin, Adenosine ,Disodium edta, Xanthan Gum, Moringa Oleifera Seed Oil, Ectoin, Hydrogenated Polyisobutene, Butylene Glycol, Glycolipids, Polyglyceryl-10 Oleate, Caprylyl Glycol, Resveratrol, Dimethylsilanol Hyaluronate, Dextran, Hydrolyzed Sodium Hyaluronate, Hydrolyzed Hyaluronic Acid, Potassium Hyaluronate, Hyaluronic Acid, Sodium Hyaluronate Crosspolymer, Hydroxypropyltrimonium Hyaluronate, Hexapeptide-9, Sodium Hyaluronate Dimethylsilanol, Tocopherol, Sodium Acetylated Hyaluronate, Acetyl Tetrapeptide-3, Nonapeptide-1, Acetyl Hexapeptide-8, Copper Tripeptide-1, Tripeptide-1, Palmitoyl Tetrapeptide-7, Palmitoyl Tripeptide-1, Palmitoyl Pentapeptide-4, Fragrance<\/em><\/p>\n<\/div>","protected":false},"excerpt":{"rendered":"<p>Vinski serum sa lifting efektom. 30ml<\/p>","protected":false},"featured_media":6486,"template":"","meta":[],"product_cat":[328,311,272,346,377,376,348,386,334,261,260],"product_tag":[308,514],"featured_image_urls":{"full":["https:\/\/medipeel.rs\/wp-content\/uploads\/2024\/03\/medi-peel-peptide-9-volume-lifting-all-in-one-podo-ampoule-pro.jpg",1200,1200,false],"thumbnail":["https:\/\/medipeel.rs\/wp-content\/uploads\/2024\/03\/medi-peel-peptide-9-volume-lifting-all-in-one-podo-ampoule-pro-150x150.jpg",150,150,true],"medium":["https:\/\/medipeel.rs\/wp-content\/uploads\/2024\/03\/medi-peel-peptide-9-volume-lifting-all-in-one-podo-ampoule-pro-300x300.jpg",300,300,true],"medium_large":["https:\/\/medipeel.rs\/wp-content\/uploads\/2024\/03\/medi-peel-peptide-9-volume-lifting-all-in-one-podo-ampoule-pro-768x768.jpg",768,768,true],"large":["https:\/\/medipeel.rs\/wp-content\/uploads\/2024\/03\/medi-peel-peptide-9-volume-lifting-all-in-one-podo-ampoule-pro-1024x1024.jpg",1024,1024,true],"1536x1536":["https:\/\/medipeel.rs\/wp-content\/uploads\/2024\/03\/medi-peel-peptide-9-volume-lifting-all-in-one-podo-ampoule-pro.jpg",1200,1200,false],"2048x2048":["https:\/\/medipeel.rs\/wp-content\/uploads\/2024\/03\/medi-peel-peptide-9-volume-lifting-all-in-one-podo-ampoule-pro.jpg",1200,1200,false],"trp-custom-language-flag":["https:\/\/medipeel.rs\/wp-content\/uploads\/2024\/03\/medi-peel-peptide-9-volume-lifting-all-in-one-podo-ampoule-pro-12x12.jpg",12,12,true],"vcmegaposts-masonry":["https:\/\/medipeel.rs\/wp-content\/uploads\/2024\/03\/medi-peel-peptide-9-volume-lifting-all-in-one-podo-ampoule-pro-500x500.jpg",500,500,true],"vcmegaposts-normal":["https:\/\/medipeel.rs\/wp-content\/uploads\/2024\/03\/medi-peel-peptide-9-volume-lifting-all-in-one-podo-ampoule-pro-800x800.jpg",800,800,true],"vcmegaposts-type1":["https:\/\/medipeel.rs\/wp-content\/uploads\/2024\/03\/medi-peel-peptide-9-volume-lifting-all-in-one-podo-ampoule-pro-800x500.jpg",800,500,true],"woocommerce_thumbnail":["https:\/\/medipeel.rs\/wp-content\/uploads\/2024\/03\/medi-peel-peptide-9-volume-lifting-all-in-one-podo-ampoule-pro-450x600.jpg",450,600,true],"woocommerce_single":["https:\/\/medipeel.rs\/wp-content\/uploads\/2024\/03\/medi-peel-peptide-9-volume-lifting-all-in-one-podo-ampoule-pro-600x600.jpg",600,600,true],"woocommerce_gallery_thumbnail":["https:\/\/medipeel.rs\/wp-content\/uploads\/2024\/03\/medi-peel-peptide-9-volume-lifting-all-in-one-podo-ampoule-pro-100x100.jpg",100,100,true]},"post_excerpt_stackable":"<p>\u0412\u0438\u043d\u043d\u0430\u044f \u0441\u044b\u0432\u043e\u0440\u043e\u0442\u043a\u0430 \u0441 \u043b\u0438\u0444\u0442\u0438\u043d\u0433-\u044d\u0444\u0444\u0435\u043a\u0442\u043e\u043c. 30ml<\/p>\n","category_list":"","author_info":{"name":"","url":""},"comments_num":"0 comments","jetpack_sharing_enabled":true,"_links":{"self":[{"href":"https:\/\/medipeel.rs\/sr\/wp-json\/wp\/v2\/product\/6485"}],"collection":[{"href":"https:\/\/medipeel.rs\/sr\/wp-json\/wp\/v2\/product"}],"about":[{"href":"https:\/\/medipeel.rs\/sr\/wp-json\/wp\/v2\/types\/product"}],"version-history":[{"count":1,"href":"https:\/\/medipeel.rs\/sr\/wp-json\/wp\/v2\/product\/6485\/revisions"}],"predecessor-version":[{"id":6487,"href":"https:\/\/medipeel.rs\/sr\/wp-json\/wp\/v2\/product\/6485\/revisions\/6487"}],"wp:featuredmedia":[{"embeddable":true,"href":"https:\/\/medipeel.rs\/sr\/wp-json\/wp\/v2\/media\/6486"}],"wp:attachment":[{"href":"https:\/\/medipeel.rs\/sr\/wp-json\/wp\/v2\/media?parent=6485"}],"wp:term":[{"taxonomy":"product_cat","embeddable":true,"href":"https:\/\/medipeel.rs\/sr\/wp-json\/wp\/v2\/product_cat?post=6485"},{"taxonomy":"product_tag","embeddable":true,"href":"https:\/\/medipeel.rs\/sr\/wp-json\/wp\/v2\/product_tag?post=6485"}],"curies":[{"name":"wp","href":"https:\/\/api.w.org\/{rel}","templated":true}]}}