{"id":6494,"date":"2024-03-08T00:09:18","date_gmt":"2024-03-07T23:09:18","guid":{"rendered":"https:\/\/medipeel.rs\/?post_type=product&#038;p=6494"},"modified":"2025-11-10T11:16:35","modified_gmt":"2025-11-10T10:16:35","slug":"medi-peel-peptide-9-volume-bio-tox-toner-pro","status":"publish","type":"product","link":"https:\/\/medipeel.rs\/sr\/\u043f\u0440\u043e\u0438\u0437\u0432\u043e\u0434\/medi-peel-peptide-9-volume-bio-tox-toner-pro\/","title":{"rendered":"Medi-Peel Peptide 9 Volume Bio Tox Toner Pro"},"content":{"rendered":"<p>Peptidni toner sa Matriksilom pru\u017ea intenzivnu hidrataciju i provodi vlagu u duboke slojeve epiderme. U najkrac\u0301em moguc\u0301em roku se nosi sa suvoc\u0301om, zategnuto\u0161c\u0301u i perutanjem. Brzo nadokna\u0111uje nedostatak hidratacije i stabilizuje pH ravnote\u017eu nakon pranja. Aktivno zasic\u0301uje ko\u017eu hranljivim materijama i \u0161titi od dehidracije.  Pove\u0107ava gustinu tkiva i ja\u010da turgor. Stimuli\u0161e sintezu sopstvenih kolagenih vlakana, povec\u0301ava elasti\u010dnost ko\u017ee i poma\u017ee u izgla\u0111ivanju bora na ko\u017ei.<\/p>\n<p class=\" translation-block\">Proizvod sadr\u017ei bogat kompleks peptida:<br>\nMatrixyl\u00ae3000 (palmitoil tetrapeptid-7, palmitoil tripeptid-1) je patentirani kompleks koji sadr\u017ei matrikin signalne peptide. Stimuli\u0161e c\u0301elijsku aktivnost i ja\u010da ekstracelularni matriks, povec\u0301ava sintezu kolagena i hijaluronske kiseline, \u010dime se zate\u017ee i zagla\u0111uje ko\u017ea, modeluje oval lica i vrac\u0301a elasti\u010dnost.<br>\nArgirelin i acetil oktapeptid-3 su peptidi sa efektima sli\u010dnim botulinu koji opu\u0161taju mi\u0161ic\u0301e lica i spre\u010davaju stvaranje bora na licu i ko\u017enih nabora.<br>\nEktoin i kompleks hijaluronskih kiselina razli\u010dite molekularne te\u017eine dubinski vla\u017ee i obnavlja ravnote\u017eu vode u c\u0301elijskim sistemima. Ektoin je moc\u0301an antioksidans koji, pored svojih svojstava zadr\u017eavanja vlage, \u0161titi ko\u017eu od fotostarenja.<br>\nVolufilin, supstanca ekstrahovana iz anemarene, povec\u0301ava gustinu i volumen ko\u017ee, stvarajuc\u0301i efekat sli\u010dan lipofilingu.<br>\nHidrolizovani kolagen i elastin intenzivno hidriraju, poma\u017eu ko\u017ei da zadr\u017ei vlagu, pobolj\u0161ava teksturu, stimuli\u0161e procese oporavka i bori se protiv bora.<br>\nEnzim Lactobacillus podr\u017eava prirodnu mikrofloru ko\u017ee, pobolj\u0161ava strukturu kolagena i povec\u0301ava elasti\u010dnost. Pobolj\u0161ava ten, reguli\u0161e proizvodnju melanina, posvjetljuje hiperpigmentacije.<br>\nMultiEx BSASM\u00ae Plus je patentirani biljni kompleks koji se sastoji od ruzmarina, kamilice, kamelije, centele, sladic\u0301a, heljde i lobanje. Suzbija upalni proces, ima antisepti\u010dki efekat i bori se protiv razmno\u017eavanja bakterija. Odli\u010dno za ko\u017eu sa rozaceom, pro\u0161irenim porama i neujedna\u010denim tonom.<br>\nPogodno za normalnu, suvu i kombinovanu ko\u017eu.<\/p>\n<p><strong>Na\u010din upotrebe:<\/strong>\u00a0na o\u010di\u0161\u0107enu ko\u017eu nanesite potrebnu koli\u010dinu tonera ne\u017enim tapkajuc\u0301im pokretima. Za suvu i dehidriranu ko\u017eu preporu\u010duje se da se postupak ponovi od 2 do 4 puta za redom.<\/p>\n<hr \/>\n<p><strong><em>Sastojci:<\/em> <\/strong><em>Water, Glycerin, Butylene Glycol, Niacinamide, Betaine, Hydroxyacetophenone, PEG-60 Hydrogenated Castor Oil, Arginine, Carbomer, Ethylhexylglycerin, Sodiu Polyacrylate, Adenosine, Alcohol, Disodium EDTA, Juniperus Communis Fruit Extract, Eucalyptus Globulus Leaf Extract, Malt Extract, Hydrolyzed Collagen, Hydrolyzed Elastin, Centella Asiatica Extract, Scutellaria Baicalensis Root Extract, Polygonum Cuspidatum Root Extract, 1,2-Hexanediol, Propanediol, Glycyrrhiz Glabra (Licorice) Root Extract, Camellia Sinensis Leaf Extract, Sodium Hyaluronate Crosspolymer, Rosmarinus O\ufb03cinalis (Rosemary) Leaf Extract, Fructan, Chamomilla RecuUta (Matricaria) Flower Extract, Sodium Hyaluronate, Hydrolyzed Glycosaminoglycans, Glycine, Caprylyl Glycol, Polysorbate 80, Phellinus Linteus Extract, Serine, Glutamic acid, Ectoin, Hydrogenated Polyisobutene, Benzyl Glycol, Aspartic acid, Leucine, Cynanchum Atratum Extract, Astaxanthin, Hydrolyzed Hyaluronic Acid, Alanine, Lysine, Tyrosine, Phenylalanine, Valine, Threonine, Proline, Isoleucine, Histidine, Methionine, Cysteine, Palmitoyl TetrapepUde-7, Hydrolyzed Sodium Hyaluronate, Acetyl OctapepUde-3, Tripeptide-1, Palmitoyl TripepUde-1, Palmitoyl Pentapeptide-4, Copper Tripepeptide-1, Acetyl Hexapeptide-8, Sodium Benzoate, Sodium Acetylated Hyaluronate, Hexapeptide-9, Lactobacillus Ferment, Hydroxypropyltrimonium Hyaluronate, Hyaluronic Acid, Dimethylsilanol Hyaluronate, Nonapeptide-1, Pentylene Glycol, Anemarrhena Asphodeloides Root Extract, Potassium Hyaluronate, Tocopherol, Fragrance<\/em><\/p>","protected":false},"excerpt":{"rendered":"<p>Peptidni toner sa Matriksilom. 250ml<\/p>","protected":false},"featured_media":6495,"template":"","meta":[],"product_cat":[441,502,311,377,376,348,386,334,343,260],"product_tag":[308,514],"featured_image_urls":{"full":["https:\/\/medipeel.rs\/wp-content\/uploads\/2024\/03\/medi-peel-peptide-9-volume-bio-tox-toner-pro.jpg",1200,1200,false],"thumbnail":["https:\/\/medipeel.rs\/wp-content\/uploads\/2024\/03\/medi-peel-peptide-9-volume-bio-tox-toner-pro-150x150.jpg",150,150,true],"medium":["https:\/\/medipeel.rs\/wp-content\/uploads\/2024\/03\/medi-peel-peptide-9-volume-bio-tox-toner-pro-300x300.jpg",300,300,true],"medium_large":["https:\/\/medipeel.rs\/wp-content\/uploads\/2024\/03\/medi-peel-peptide-9-volume-bio-tox-toner-pro-768x768.jpg",768,768,true],"large":["https:\/\/medipeel.rs\/wp-content\/uploads\/2024\/03\/medi-peel-peptide-9-volume-bio-tox-toner-pro-1024x1024.jpg",1024,1024,true],"1536x1536":["https:\/\/medipeel.rs\/wp-content\/uploads\/2024\/03\/medi-peel-peptide-9-volume-bio-tox-toner-pro.jpg",1200,1200,false],"2048x2048":["https:\/\/medipeel.rs\/wp-content\/uploads\/2024\/03\/medi-peel-peptide-9-volume-bio-tox-toner-pro.jpg",1200,1200,false],"trp-custom-language-flag":["https:\/\/medipeel.rs\/wp-content\/uploads\/2024\/03\/medi-peel-peptide-9-volume-bio-tox-toner-pro-12x12.jpg",12,12,true],"vcmegaposts-masonry":["https:\/\/medipeel.rs\/wp-content\/uploads\/2024\/03\/medi-peel-peptide-9-volume-bio-tox-toner-pro-500x500.jpg",500,500,true],"vcmegaposts-normal":["https:\/\/medipeel.rs\/wp-content\/uploads\/2024\/03\/medi-peel-peptide-9-volume-bio-tox-toner-pro-800x800.jpg",800,800,true],"vcmegaposts-type1":["https:\/\/medipeel.rs\/wp-content\/uploads\/2024\/03\/medi-peel-peptide-9-volume-bio-tox-toner-pro-800x500.jpg",800,500,true],"woocommerce_thumbnail":["https:\/\/medipeel.rs\/wp-content\/uploads\/2024\/03\/medi-peel-peptide-9-volume-bio-tox-toner-pro-450x600.jpg",450,600,true],"woocommerce_single":["https:\/\/medipeel.rs\/wp-content\/uploads\/2024\/03\/medi-peel-peptide-9-volume-bio-tox-toner-pro-600x600.jpg",600,600,true],"woocommerce_gallery_thumbnail":["https:\/\/medipeel.rs\/wp-content\/uploads\/2024\/03\/medi-peel-peptide-9-volume-bio-tox-toner-pro-100x100.jpg",100,100,true]},"post_excerpt_stackable":"<p>\u041f\u0435\u043f\u0442\u0438\u0434\u043d\u044b\u0439 \u0442\u043e\u043d\u0435\u0440-\u0431\u0443\u0441\u0442\u0435\u0440 \u0441 \u043c\u0430\u0442\u0440\u0438\u043a\u0441\u0438\u043b\u043e\u043c. 250ml<\/p>\n","category_list":"","author_info":{"name":"","url":""},"comments_num":"0 comments","jetpack_sharing_enabled":true,"_links":{"self":[{"href":"https:\/\/medipeel.rs\/sr\/wp-json\/wp\/v2\/product\/6494"}],"collection":[{"href":"https:\/\/medipeel.rs\/sr\/wp-json\/wp\/v2\/product"}],"about":[{"href":"https:\/\/medipeel.rs\/sr\/wp-json\/wp\/v2\/types\/product"}],"version-history":[{"count":1,"href":"https:\/\/medipeel.rs\/sr\/wp-json\/wp\/v2\/product\/6494\/revisions"}],"predecessor-version":[{"id":6496,"href":"https:\/\/medipeel.rs\/sr\/wp-json\/wp\/v2\/product\/6494\/revisions\/6496"}],"wp:featuredmedia":[{"embeddable":true,"href":"https:\/\/medipeel.rs\/sr\/wp-json\/wp\/v2\/media\/6495"}],"wp:attachment":[{"href":"https:\/\/medipeel.rs\/sr\/wp-json\/wp\/v2\/media?parent=6494"}],"wp:term":[{"taxonomy":"product_cat","embeddable":true,"href":"https:\/\/medipeel.rs\/sr\/wp-json\/wp\/v2\/product_cat?post=6494"},{"taxonomy":"product_tag","embeddable":true,"href":"https:\/\/medipeel.rs\/sr\/wp-json\/wp\/v2\/product_tag?post=6494"}],"curies":[{"name":"wp","href":"https:\/\/api.w.org\/{rel}","templated":true}]}}