{"id":6497,"date":"2024-03-07T23:58:17","date_gmt":"2024-03-07T22:58:17","guid":{"rendered":"https:\/\/medipeel.rs\/?post_type=product&#038;p=6497"},"modified":"2024-03-23T15:03:08","modified_gmt":"2024-03-23T14:03:08","slug":"medi-peel-algo-tox-vita-cleanser","status":"publish","type":"product","link":"https:\/\/medipeel.rs\/sr\/\u043f\u0440\u043e\u0438\u0437\u0432\u043e\u0434\/medi-peel-algo-tox-vita-cleanser\/","title":{"rendered":"Medi-Peel Algo-Tox Vita Cleanser"},"content":{"rendered":"<p class=\" translation-block\">Gel za dubinsko \u010di\u0161\u0107enje sa vitaminskim kompleksom  je kiseoni\u010dni proizvod koji duboko \u010disti pore dodatno posvjetljuje i zagla\u0111uje ko\u017eu. Ima laganu aromu citrusa. Neutralni pH nivo od ~6,5 ne naru\u0161ava zdravu acidobaznu ravnote\u017eu ravnote\u017eu epidermisa.\nProizvod stvara bogatu pjenu koja temeljito uklanja ne\u010disto\u0107e, sprje\u010dava za\u010depljenje pora i pojavu upala. Redovnom upotrebom nje\u017eno posvjetljuje stara\u010dke pjege i post akni, bori se protiv dosadne ko\u017ee i daje zdrav sjaj i glatko\u0107u nakon pranja.<br>\nSadr\u017ei kompleks od 13 vitamina koji prodiru dublje zahvaljuju\u0107i liposomskoj tehnologiji isporuke:<br>\nPantenol (vitamin B5) ubla\u017eava crvenilo i svrab, ja\u010da hidrolipidnu barijeru, sprje\u010dava isparavanje vlage i poti\u010de regeneraciju ko\u017ee.<br>\nNatrijev askorbil fosfat, beta-karoten (vitamini C i A) posvjetljuju pigmentacije, blokiraju upalni proces, neutraliziraju oksidativni stres i poti\u010du proizvodnju kolagena, \u010dime pove\u0107avaju elasti\u010dnost i gusto\u0107u.<br>\nPiridoksin, cijanokobalamin (vitamini B6 i B12) vla\u017ee, umiruju, suzbija upalni proces, ja\u010daju kapilare i poma\u017eu u lije\u010denju akni.<br>\nMenadion (vitamin K) ja\u010da stijenke krvnih sudova i sprje\u010dava rosaceu, poti\u010de proces obnove i produ\u017ee mladost ko\u017ee.<br>\nTiamin, riboflavin (vitamini B1 i B2) imaju antioksidativno dejstvo, odli\u010dno kondicioniraju, reguli\u0161u metaboli\u010dke procese u zidovima krvnih sudova.<br>\nTokoferol, linolna kiselina (vitamini E i F) spre\u010davaju isparavanje vlage, \u010dime se odr\u017eava optimalan nivo hidratacije. Ubr\u017eavaju proces zarastanja, oja\u010davaju lokalni imunitet.<br><\/p>\n<p class=\" translation-block\">Dodatni aktivni sastojci:<br>\nEkstrakt p\u0161eni\u010dnih klica odr\u017eava optimalne nivo hidratacije, kondicioniranja i ima umirujuc\u0301i efekat.<br>\nPeptidi povec\u0301avaju proizvodnju sopstvenog kolagena, potiskuju proces glikacije i stimuli\u0161u c\u0301elijsku regeneraciju, \u010dime se izgla\u0111uju bore i aktiviraju sposobnost ko\u017ee da se oporavi.<br>\nKompleks Centella asiatica sadr\u017ei ekstrakt centele i 4 njegova derivata: aziatikozid, madekasozid, madekasinsku kiselinu i azijatsku kiselinu. Elimini\u0161e crvenilo i iritaciju, omek\u0161ava, pospe\u0161uje zarastanje i ja\u010da za\u0161titnu barijeru, a tako\u0111e ja\u010da zidove krvnih sudova, spre\u010davajuc\u0301i pojavu pau\u010dinastih vena.<br>\nEkstrakt limunove kore i voc\u0301a zagla\u0111uje ko\u017eu, delikatno posvetljuje i detoksifikuje, vrac\u0301a ravnote\u017eu vode i lipida u epidermisu.<br>\nNatural Protector\u2122 (ekstrakti kore bele vrbe, origana, \u010dempresa, portulaka, cimeta, bajkalske kapice, ekstrakt fermentisanog sojinog zrna) je biljni kompleks koji ima antiinflamatorno i antibakterijsko dejstvo, tako\u0111e normalizuje proizvodnju sebuma, umiruje, vla\u017ei i odr\u017eava ravnote\u017eu vode.<br>\nPogodno za sve tipove ko\u017ee.<\/p>\n<p><strong>Na\u010din upotrebe:<\/strong> Naneti debeli sloj gela na suvo lice, namazati izbegavajuc\u0301i podru\u010dje oko o\u010diju i usana. Sa\u010dekajte da se stvore mehuric\u0301i, zatim masirajte ko\u017eu 30-60 sekundi i isperite vodom.<\/p>\n<hr \/>\n<p><strong><em>Sastojci:<\/em> <\/strong><em>Water, Ammonium Laureth Sulfate, Cocamidopropyl Betaine, Methyl Perfluorobutyl Ether, Methyl Perfluoroisobutyl Ether, Acrylates Copolymer, Ammonium Lauryl Sulfate, Hippophae Rhamnoides Water, Lactobacillus\/Soybean Ferment Extract, Portulaca Oleracea Extract, Origanum Vulgare Leaf Extract, Cinnamomum Cass Bark Extract, Salix Alba (Willow) Bark Extract, Scutellaria Baicalensis Root Extract, Chamaecyparis Obtusa Leaf Extract, Sodium Chloride, Lauryl Hydroxysultaine Potassium Hydroxide, Panthenol, Sodium Ascorbyl Phosphate, Niacinamide, Biotin, Pyridoxine, Folic Acid, Cyanocobalamin, Tocopherol, Thiamine HCl, Beta-Carotene, Linoleic Acid, Riboflavin, Menadione, Hippophae Rhamnoides Extract, Centella Asiatica Extract, Madecassic Acid, Asiaticoside, Asiatic Acid, Madecassoside, Citrus Limon (Lemon) Peel Extract, Citrus Limon (Lemon) Fruit Extract, Dipotassium Glycyrrhizate, Sodium Cocoyl Apple Amino acid, Triticum Vulgare (Wheat) Sprout Extract, Glycerin, Hydrogenated Lecithin, Polyglyceryl-10 Stearate, Potassium Alginate, Acetyl Hexapeptide-8, Copper Tripeptide-1, Hexapeptide-9, Acetyl Octapeptide-3, Palmitoyl Hexapeptide-12, Disodium Cocoamphodiacetate, Dipropylene Glycol, Hydroxyacetophenone, Citrus Aurantium Dulcis (Orange) Peel Oil, Hippophae Rhamnoides Oil, Cymbopogon Schoenanthus Oil, Butylene Glycol, 1,2-Hexanediol, Disodium EDTA, Hexylene Glycol, Citric Acid, Tetrasodium Glutamate Diacetate, Caprylyl Glycol, Yellow 5 (CI 19140), Red 40 (CI 16035), Limonene, Citral, Geraniol<\/em><\/p>","protected":false},"excerpt":{"rendered":"<p>Kiseoni\u010dni gel za dubinsko \u010di\u0161\u0107enje sa vitaminskim kompleksom. 150ml<\/p>","protected":false},"featured_media":6498,"template":"","meta":[],"product_cat":[272,254,373,342,349,381,382,260],"product_tag":[],"featured_image_urls":{"full":["https:\/\/medipeel.rs\/wp-content\/uploads\/2024\/03\/medi-peel-algo-tox-vita-cleanser.jpg",1200,1200,false],"thumbnail":["https:\/\/medipeel.rs\/wp-content\/uploads\/2024\/03\/medi-peel-algo-tox-vita-cleanser-150x150.jpg",150,150,true],"medium":["https:\/\/medipeel.rs\/wp-content\/uploads\/2024\/03\/medi-peel-algo-tox-vita-cleanser-300x300.jpg",300,300,true],"medium_large":["https:\/\/medipeel.rs\/wp-content\/uploads\/2024\/03\/medi-peel-algo-tox-vita-cleanser-768x768.jpg",768,768,true],"large":["https:\/\/medipeel.rs\/wp-content\/uploads\/2024\/03\/medi-peel-algo-tox-vita-cleanser-1024x1024.jpg",1024,1024,true],"1536x1536":["https:\/\/medipeel.rs\/wp-content\/uploads\/2024\/03\/medi-peel-algo-tox-vita-cleanser.jpg",1200,1200,false],"2048x2048":["https:\/\/medipeel.rs\/wp-content\/uploads\/2024\/03\/medi-peel-algo-tox-vita-cleanser.jpg",1200,1200,false],"trp-custom-language-flag":["https:\/\/medipeel.rs\/wp-content\/uploads\/2024\/03\/medi-peel-algo-tox-vita-cleanser-12x12.jpg",12,12,true],"vcmegaposts-masonry":["https:\/\/medipeel.rs\/wp-content\/uploads\/2024\/03\/medi-peel-algo-tox-vita-cleanser-500x500.jpg",500,500,true],"vcmegaposts-normal":["https:\/\/medipeel.rs\/wp-content\/uploads\/2024\/03\/medi-peel-algo-tox-vita-cleanser-800x800.jpg",800,800,true],"vcmegaposts-type1":["https:\/\/medipeel.rs\/wp-content\/uploads\/2024\/03\/medi-peel-algo-tox-vita-cleanser-800x500.jpg",800,500,true],"woocommerce_thumbnail":["https:\/\/medipeel.rs\/wp-content\/uploads\/2024\/03\/medi-peel-algo-tox-vita-cleanser-450x600.jpg",450,600,true],"woocommerce_single":["https:\/\/medipeel.rs\/wp-content\/uploads\/2024\/03\/medi-peel-algo-tox-vita-cleanser-600x600.jpg",600,600,true],"woocommerce_gallery_thumbnail":["https:\/\/medipeel.rs\/wp-content\/uploads\/2024\/03\/medi-peel-algo-tox-vita-cleanser-100x100.jpg",100,100,true]},"post_excerpt_stackable":"<p>\u041a\u0438\u0441\u043b\u043e\u0440\u043e\u0434\u043d\u044b\u0439 \u0433\u0435\u043b\u044c \u0434\u043b\u044f \u0433\u043b\u0443\u0431\u043e\u043a\u043e\u0433\u043e \u043e\u0447\u0438\u0449\u0435\u043d\u0438\u044f \u043a\u043e\u0436\u0438 \u0441 \u043a\u043e\u043c\u043f\u043b\u0435\u043a\u0441\u043e\u043c \u0432\u0438\u0442\u0430\u043c\u0438\u043d\u043e\u0432. 150ml<\/p>\n","category_list":"","author_info":{"name":"","url":""},"comments_num":"0 comments","jetpack_sharing_enabled":true,"_links":{"self":[{"href":"https:\/\/medipeel.rs\/sr\/wp-json\/wp\/v2\/product\/6497"}],"collection":[{"href":"https:\/\/medipeel.rs\/sr\/wp-json\/wp\/v2\/product"}],"about":[{"href":"https:\/\/medipeel.rs\/sr\/wp-json\/wp\/v2\/types\/product"}],"version-history":[{"count":1,"href":"https:\/\/medipeel.rs\/sr\/wp-json\/wp\/v2\/product\/6497\/revisions"}],"predecessor-version":[{"id":6499,"href":"https:\/\/medipeel.rs\/sr\/wp-json\/wp\/v2\/product\/6497\/revisions\/6499"}],"wp:featuredmedia":[{"embeddable":true,"href":"https:\/\/medipeel.rs\/sr\/wp-json\/wp\/v2\/media\/6498"}],"wp:attachment":[{"href":"https:\/\/medipeel.rs\/sr\/wp-json\/wp\/v2\/media?parent=6497"}],"wp:term":[{"taxonomy":"product_cat","embeddable":true,"href":"https:\/\/medipeel.rs\/sr\/wp-json\/wp\/v2\/product_cat?post=6497"},{"taxonomy":"product_tag","embeddable":true,"href":"https:\/\/medipeel.rs\/sr\/wp-json\/wp\/v2\/product_tag?post=6497"}],"curies":[{"name":"wp","href":"https:\/\/api.w.org\/{rel}","templated":true}]}}