{"id":6506,"date":"2024-03-07T23:14:48","date_gmt":"2024-03-07T22:14:48","guid":{"rendered":"https:\/\/medipeel.rs\/?post_type=product&#038;p=6506"},"modified":"2026-03-12T20:34:21","modified_gmt":"2026-03-12T19:34:21","slug":"medi-peel-mooltox-hyaluron-layer-toner2","status":"publish","type":"product","link":"https:\/\/medipeel.rs\/sr\/\u043f\u0440\u043e\u0438\u0437\u0432\u043e\u0434\/medi-peel-mooltox-hyaluron-layer-toner2\/","title":{"rendered":"Medi-Peel Mooltox Hyaluron Layer Toner"},"content":{"rendered":"<p class=\" translation-block\">Ultra-hidratantni toner Medi-Peel Hyaluronic Acid Layer Mooltox Toner trenutno osve\u017eava nakon nano\u0161enja, nadokna\u0111uje nedostatak vlage i elimini\u0161e dehidraciju, a tako\u0111e pobolj\u0161ava elasti\u010dnost i \u010dvrstoc\u0301u ko\u017ee.\nOsnovni proizvod se lako uklapa u bilo koju rutinu nege ko\u017ee i savr\u0161eno priprema ko\u017eu za \u0161minkanje.<br>\nToner zagla\u0111uje teksturu, su\u017eava pro\u0161irene pore, omek\u0161ava podru\u010dja koja se lju\u0161te i ispucala, umiruje i zadr\u017eava vlagu u c\u0301elijama. Promovi\u0161e zbijanje tkiva i usporava starenje.<br>\nProizvod je kreiran kori\u0161c\u0301enjem lamelarne MLE tehnologije, koja je po strukturi sli\u010dna lipidima ro\u017enatog sloja: ja\u010da hidrolipidni sloj i spre\u010dava isparavanje vlage, a tako\u0111e poma\u017ee aktivnim komponentama da prodire dublje u epidermis.<br>\nFormula sadr\u017ei Circle Hyaluronic Acid\u2122 tehnologiju, koja se sastoji od hijaluronske kiseline zatvorene u posebne kapsule koje imaju malu molekulsku te\u017einu, zbog \u010dega lako prodiru u pore. Dakle, Circle Hyaluronic Acid\u2122 omoguc\u0301ava da se hiluronska kiselina bolje upije u ko\u017ei, radec\u0301i br\u017ee i efikasnije.<\/p>\n<p class=\" translation-block\"><strong>Glavni sastojci: <\/strong><br>\nCeramidi su sli\u010dni epidermalnim lipidima: ja\u010daju za\u0161titni hidrolipidni sloj, elimini\u0161u lju\u0161tenje i suvoc\u0301u, spre\u010davaju gubitak vlage i smanjuju osetljivost na spolja\u0161nje iritanse.<br>\nKolagen intenzivno hidrira, poma\u017ee c\u0301elijama da zadr\u017ee vlagu, pobolj\u0161ava teksturu ko\u017ee, stimuli\u0161e procese oporavka i poma\u017ee u izgla\u0111ivanju bora.<br>\nEktoin je organska aminokiselina koja efikasno \u0161titi od spolja\u0161njih faktora i UV zraka i ima dezinfekciono dejstvo. Kontroli\u0161e proizvodnju melanina i poma\u017ee u osvetljavanju pigmentacije.<br>\nEkstrakt azijske centele ja\u010da krvne sudove, suzbija upale, poma\u017ee u borbi protiv ekcema i rozacee, spre\u010dava pojavu pau\u010dinastih vena, smanjuje osetljivost.<br>\nEkstrakt ploda smokve sadr\u017ei poseban enzim ficin - supstancu koja \u010disti, delikatno lju\u0161ti stratum corneum, ujedna\u010dava ton i podsti\u010de obnavljanje, bez izazivanja iritacije.<br>\nEkstrakt cveta aloe vere omek\u0161ava i umiruje, ubla\u017eava crvenilo i svrab, elimini\u0161e dehidraciju, povec\u0301ava elasti\u010dnost i tonira.<br>\nEkstrakt portulaka ubrzava regeneraciju i podsti\u010de zarastanje, su\u017eava pore i smanjuje proizvodnju sebuma.<br>\nEkstrakt jerihonske ru\u017ee dubinski hrani, vla\u017ei i obnavlja. Ima antioksidativni efekat koji spre\u010dava uni\u0161tavanje c\u0301elija i usporava proces starenja.<br>\nEkstrakt patlid\u017eana pru\u017ea antioksidativnu za\u0161titu, ima antiinflamatorno i antimikrobno dejstvo.<br>\nKsilitil glukozid, derivat glicerola i glukoze, pobolj\u0161ava funkcionisanje proteina akvaporina. Akvaporini stvaraju kanale koji omoguc\u0301avaju ko\u017ei da apsorbuje vlagu. Gliceril glukozid elimini\u0161e suvoc\u0301u i zadr\u017eava vlagu u c\u0301elijama.<br>\nPogodno za sve tipove ko\u017ee.<\/p>\n<p><strong>Na\u010din upotrebe:<\/strong>\u00a0na o\u010di\u0161\u0107enu ko\u017eu nanesite potrebnu koli\u010dinu tonera ne\u017enim tapkajuc\u0301im pokretima. Za suvu i dehidriranu ko\u017eu preporu\u010duje se da se postupak ponovi od 2 do 4 puta za redom.<\/p>\n<hr \/>\n<p><strong><em>Sastojci:<\/em> <\/strong><em>Water, Glycerin, Butylene Glycol, 1,2-Hexanediol, Portulaca Oleracea Extract, Centella Asiatica Extract, Ficus Carica (Fig) Fruit Extract, Anastatica Hierochuntica Extract, Centella Asiatica Root Extract, Enantia Chlorantha Bark Extract, Coccinia Indica Fruit Extract, Solanum Melongena (Eggplant) Fruit Extract, Aloe Barbadensis Flower Extract, Curcuma Longa (Turmeric) Root Extract, Anemarrhena Asphodeloides Root Extract, Corallina Officinalis Extract, Ocimum Sanctum Leaf Extract, Hydrogenated Lecithin, Sodium Hyaluronate(100.1 ppm), Sodium Citrate, Adenosine, Disodium EDTA, Allantoin, Polyglutamic Acid, Xylitylglucoside, Anhydroxylitol, Xylitol, Ceramide NP, Glyceryl Glucoside, Collagen, Leuconostoc\/Radish Root Ferment Filtrate, Ectoin, Glycine, Glutamic Acid, Sucrose Distearate, Squalane, Arginine, Oleanolic Acid, Caprylic\/Capric Triglyceride, Propanediol, Hydrogenated Polyisobutene, Hydroxypropyl Cyclodextrin, Melia Azadirachta Leaf Extract, Melia Azadirachta Flower Extract, Hydroxyacetophenone, Ethylhexylglycerin, Citric Acid.<\/em><\/p>","protected":false},"excerpt":{"rendered":"<p>Ultra-hidratantni toner za lice sa hijaluronskom kiselinom za pobolj\u0161anje elasti\u010dnosti ko\u017ee. 300ml<\/p>","protected":false},"featured_media":6507,"template":"","meta":[],"product_cat":[441,342,348,386,333,334,343,260],"product_tag":[443],"featured_image_urls":{"full":["https:\/\/medipeel.rs\/wp-content\/uploads\/2024\/03\/medi-peel-hyaluron-layer-mooltox-toner.jpg",1200,1200,false],"thumbnail":["https:\/\/medipeel.rs\/wp-content\/uploads\/2024\/03\/medi-peel-hyaluron-layer-mooltox-toner-150x150.jpg",150,150,true],"medium":["https:\/\/medipeel.rs\/wp-content\/uploads\/2024\/03\/medi-peel-hyaluron-layer-mooltox-toner-300x300.jpg",300,300,true],"medium_large":["https:\/\/medipeel.rs\/wp-content\/uploads\/2024\/03\/medi-peel-hyaluron-layer-mooltox-toner-768x768.jpg",768,768,true],"large":["https:\/\/medipeel.rs\/wp-content\/uploads\/2024\/03\/medi-peel-hyaluron-layer-mooltox-toner-1024x1024.jpg",1024,1024,true],"1536x1536":["https:\/\/medipeel.rs\/wp-content\/uploads\/2024\/03\/medi-peel-hyaluron-layer-mooltox-toner.jpg",1200,1200,false],"2048x2048":["https:\/\/medipeel.rs\/wp-content\/uploads\/2024\/03\/medi-peel-hyaluron-layer-mooltox-toner.jpg",1200,1200,false],"trp-custom-language-flag":["https:\/\/medipeel.rs\/wp-content\/uploads\/2024\/03\/medi-peel-hyaluron-layer-mooltox-toner-12x12.jpg",12,12,true],"vcmegaposts-masonry":["https:\/\/medipeel.rs\/wp-content\/uploads\/2024\/03\/medi-peel-hyaluron-layer-mooltox-toner-500x500.jpg",500,500,true],"vcmegaposts-normal":["https:\/\/medipeel.rs\/wp-content\/uploads\/2024\/03\/medi-peel-hyaluron-layer-mooltox-toner-800x800.jpg",800,800,true],"vcmegaposts-type1":["https:\/\/medipeel.rs\/wp-content\/uploads\/2024\/03\/medi-peel-hyaluron-layer-mooltox-toner-800x500.jpg",800,500,true],"woocommerce_thumbnail":["https:\/\/medipeel.rs\/wp-content\/uploads\/2024\/03\/medi-peel-hyaluron-layer-mooltox-toner-450x600.jpg",450,600,true],"woocommerce_single":["https:\/\/medipeel.rs\/wp-content\/uploads\/2024\/03\/medi-peel-hyaluron-layer-mooltox-toner-600x600.jpg",600,600,true],"woocommerce_gallery_thumbnail":["https:\/\/medipeel.rs\/wp-content\/uploads\/2024\/03\/medi-peel-hyaluron-layer-mooltox-toner-100x100.jpg",100,100,true]},"post_excerpt_stackable":"<p>\u0423\u043b\u044c\u0442\u0440\u0430 \u0443\u0432\u043b\u0430\u0436\u043d\u044f\u044e\u0449\u0438\u0439 \u0442\u043e\u043d\u0435\u0440 \u0434\u043b\u044f \u043b\u0438\u0446\u0430 \u0441 \u0433\u0438\u0430\u043b\u0443\u0440\u043e\u043d\u043e\u0432\u043e\u0439 \u043a\u0438\u0441\u043b\u043e\u0442\u043e\u0439 \u0434\u043b\u044f \u043f\u043e\u0432\u044b\u0448\u0435\u043d\u0438\u044f \u044d\u043b\u0430\u0441\u0442\u0438\u0447\u043d\u043e\u0441\u0442\u0438 \u043a\u043e\u0436\u0438. 300ml<\/p>\n","category_list":"","author_info":{"name":"","url":""},"comments_num":"0 comments","jetpack_sharing_enabled":true,"_links":{"self":[{"href":"https:\/\/medipeel.rs\/sr\/wp-json\/wp\/v2\/product\/6506"}],"collection":[{"href":"https:\/\/medipeel.rs\/sr\/wp-json\/wp\/v2\/product"}],"about":[{"href":"https:\/\/medipeel.rs\/sr\/wp-json\/wp\/v2\/types\/product"}],"version-history":[{"count":2,"href":"https:\/\/medipeel.rs\/sr\/wp-json\/wp\/v2\/product\/6506\/revisions"}],"predecessor-version":[{"id":6568,"href":"https:\/\/medipeel.rs\/sr\/wp-json\/wp\/v2\/product\/6506\/revisions\/6568"}],"wp:featuredmedia":[{"embeddable":true,"href":"https:\/\/medipeel.rs\/sr\/wp-json\/wp\/v2\/media\/6507"}],"wp:attachment":[{"href":"https:\/\/medipeel.rs\/sr\/wp-json\/wp\/v2\/media?parent=6506"}],"wp:term":[{"taxonomy":"product_cat","embeddable":true,"href":"https:\/\/medipeel.rs\/sr\/wp-json\/wp\/v2\/product_cat?post=6506"},{"taxonomy":"product_tag","embeddable":true,"href":"https:\/\/medipeel.rs\/sr\/wp-json\/wp\/v2\/product_tag?post=6506"}],"curies":[{"name":"wp","href":"https:\/\/api.w.org\/{rel}","templated":true}]}}