{"id":6515,"date":"2024-03-07T22:30:03","date_gmt":"2024-03-07T21:30:03","guid":{"rendered":"https:\/\/medipeel.rs\/?post_type=product&#038;p=6515"},"modified":"2025-09-06T16:01:58","modified_gmt":"2025-09-06T14:01:58","slug":"medi-peel-mooltox-hyaluron-layer-body-lotion","status":"publish","type":"product","link":"https:\/\/medipeel.rs\/sr\/\u043f\u0440\u043e\u0438\u0437\u0432\u043e\u0434\/medi-peel-mooltox-hyaluron-layer-body-lotion\/","title":{"rendered":"Medi-Peel Mooltox Hyaluron Layer Body Lotion"},"content":{"rendered":"<p class=\" translation-block\">Akva losion za telo sa hijaluronskim kiselinom  prodire duboko u \u0107elije epidermisa, intenzivno hidrira i na \u0107elijskom nivou otklanja uzroci dehidracije. Efikasno elimini\u0161e ose\u0107aj zategnutosti, suvo\u0107e i perutanja, aktivno hrani i obnavlja optimalni nivo hidratacije. Ima pH vrednost od 5.5\u00b11. \n<br>Zahvaljuju\u0107i posebnoj tehnologiji Circle Hyaluronic Acid, molekuli hijaluronske kiseline su zatvoreni u posebne sferne kapsule sli\u010dne obliku pora. Ovo omogu\u0107ava aktivnim sastojcima da prodru mnogo dublje i intenzivno deluju na epidermis. Kvalitetno hidrira i zadr\u017eava vlagu u \u0107elijama, obezbe\u0111uju\u0107i produ\u017eeno hidratantno dejstvo. <br>\nLosion ima veoma laganu teksturu sa plavim kapsulama usmerenim ka dubokoj hidrataciji i ishrani. Brzo se upija, ne ostavlja lepljiv ose\u0107aj, izuzetno elimini\u0161e sve znakove suvo\u0107e. Delikatno uklanja odumrle \u0107elije epidermisa, zagla\u0111uju\u0107i mikroreljef i omek\u0161avaju\u0107i grublje delove ko\u017ee. Poma\u017ee u o\u010duvanju mladala\u010dkog izgleda i lepote ko\u017ee.<\/p>\n<p class=\" translation-block\">Ekstrakt semena bele svile hrani i hidrira, puni vitaminima i mineralima, normalizuje metaboli\u010dke procese u tkivima, kao i pouzdano \u0161titi od \u0161tetnog dejstva UV zra\u010denja.<br>\nEkstrakt crnog pirin\u010da ima hidratantna i omek\u0161avaju\u0107a svojstva, pobolj\u0161ava boju ko\u017ee, posvetljuje pigmentne fleke, ubrzava regenerativne procese u ko\u017enim tkivima.<br>\nRi\u017eine ceramide ja\u010daju \u0107elije i \u0161tite ih od o\u0161te\u0107enja, spre\u010davaju isparavanje vlage i doprinose dugotrajnoj hidrataciji, odr\u017eavaju\u0107i optimalnu hidro-lipidnu ravnote\u017eu.<br>\n\nOdgovara suvoj, normalnoj i me\u0161ovitoj ko\u017ei.<br><\/p>\n<p><strong>Na\u010din upotrebe:<\/strong> Nanesite potrebnu koli\u010dinu losiona na \u010distu ko\u017eu tela masa\u017enim pokretima.<\/p>\n<hr \/>\n<p><strong><em>Sastojci:<\/em> <\/strong><em>Water, Rice Ferment Filtrate (Sake), Glycerin, Propanediol, Polyglyceryl-3 Methylglucose Distearate, Hydrogenated Poly(C6-14 Ole\ufb01n), Dicaprylyl Carbonate, 1,2 Hexanediol, Cyclohexasiloxane, Cetearyl Olivate, Sorbitan Olivate, Glyceryl Stearate, Ammonium Acryloyldimethyltaurate\/VP Copolymer, Carbomer, Caprylic\/Cap Triglyceride, Ethylhexylglycerin, Tromethamine, Disodium EDTA, Saccharomyces\/Rice Ferment Filtrate, Butylene Glycol, Eugenol, Cyamopsis Tetragonoloba (Gu Gum, Agar, Tocopherol, Melia Azadirachta Leaf Extract, Melia Azadirachta Flower Extract, Coccinia Indica Fruit Extract, Xanthan Gum, Sesamum Indicum (Sesame) Seed Extract, Glycine Soja (Soybean) Seed Extract, Rubus Frucosus (Blackberry) Fruit Extract, Morus Alba Fruit Extract, Oryza Sava (Rice) Extract, Oryza Sava (Rice) Bran Wax, Papain, Solanum Melongena (Eggplant) Fruit Extract, Caprylyl Glycol, Hydrogenated Lecithin, Eclipta Prostrata Extract, Cetearyl Alcohol, Simmondsia Chinensis (Jojoba) Seed Oil, Ocimum Sanctum Leaf Extract, Stearic Acid, Corallina O\ufb03cinalis Extract, Artemisia Princeps Leaf Extract, Curcuma Longa (Turmeric) Root Extract, Glycolic Acid, Lacc Acid, Citric Acid, Moringa Oleifera Seed Extract, Moringa Oleifera Seed Oil, Glucose, Tartaric Acid Malic Acid, Sodium Hyaluronate, Chondrus Crispus Extract, Pyrus Malus (Apple) Fruit Extract, Saccharum O\ufb03cinarum (Sugarcane) Extract, Vaccinium Myrllus Leaf Extract, Vis Vinifera (Grape) Leaf Extract, Ceramide NP, Citrus Limon (Lemon) Fruit Extract, Leucine, Asparc Acid, Alanine, Isoleucine, Phenylalanine, Hydroxypropyltrimonium Hyaluronate, Potassium Sorbate, Glycine, Glutamic Acid, Methionine, Valine, Serine, Arginine, Cholesterol, Proline, Phytosphingosine, Hisdine, Taurine, Vis Vinifera (Grape) Juice Extract, Ornithine, Ceramide NS, Ceramide NG, Ceramide AS, Ceramide AP, Hydrolyzed Hyaluronic Acid, Sodium Acetylated Hyaluronate, Hyaluronic Acid, Sodium Hyaluronate Crosspolymer, Hydrolyzed Sodium Hyaluronate, Potassium Hyaluronate, Ceramide EOP, CI 42090 Fragrance<\/em><\/p>","protected":false},"excerpt":{"rendered":"<p>Hidratantni losion za telo sa hijaluronskom kiselinom. 400ml<\/p>","protected":false},"featured_media":6516,"template":"","meta":[],"product_cat":[441,342,348,334,260,279,281],"product_tag":[443],"featured_image_urls":{"full":["https:\/\/medipeel.rs\/wp-content\/uploads\/2024\/03\/medi-peel-hyaluronic-acid-layer-mooltox-body-lotion.jpg",1200,1200,false],"thumbnail":["https:\/\/medipeel.rs\/wp-content\/uploads\/2024\/03\/medi-peel-hyaluronic-acid-layer-mooltox-body-lotion-150x150.jpg",150,150,true],"medium":["https:\/\/medipeel.rs\/wp-content\/uploads\/2024\/03\/medi-peel-hyaluronic-acid-layer-mooltox-body-lotion-300x300.jpg",300,300,true],"medium_large":["https:\/\/medipeel.rs\/wp-content\/uploads\/2024\/03\/medi-peel-hyaluronic-acid-layer-mooltox-body-lotion-768x768.jpg",768,768,true],"large":["https:\/\/medipeel.rs\/wp-content\/uploads\/2024\/03\/medi-peel-hyaluronic-acid-layer-mooltox-body-lotion-1024x1024.jpg",1024,1024,true],"1536x1536":["https:\/\/medipeel.rs\/wp-content\/uploads\/2024\/03\/medi-peel-hyaluronic-acid-layer-mooltox-body-lotion.jpg",1200,1200,false],"2048x2048":["https:\/\/medipeel.rs\/wp-content\/uploads\/2024\/03\/medi-peel-hyaluronic-acid-layer-mooltox-body-lotion.jpg",1200,1200,false],"trp-custom-language-flag":["https:\/\/medipeel.rs\/wp-content\/uploads\/2024\/03\/medi-peel-hyaluronic-acid-layer-mooltox-body-lotion-12x12.jpg",12,12,true],"vcmegaposts-masonry":["https:\/\/medipeel.rs\/wp-content\/uploads\/2024\/03\/medi-peel-hyaluronic-acid-layer-mooltox-body-lotion-500x500.jpg",500,500,true],"vcmegaposts-normal":["https:\/\/medipeel.rs\/wp-content\/uploads\/2024\/03\/medi-peel-hyaluronic-acid-layer-mooltox-body-lotion-800x800.jpg",800,800,true],"vcmegaposts-type1":["https:\/\/medipeel.rs\/wp-content\/uploads\/2024\/03\/medi-peel-hyaluronic-acid-layer-mooltox-body-lotion-800x500.jpg",800,500,true],"woocommerce_thumbnail":["https:\/\/medipeel.rs\/wp-content\/uploads\/2024\/03\/medi-peel-hyaluronic-acid-layer-mooltox-body-lotion-450x600.jpg",450,600,true],"woocommerce_single":["https:\/\/medipeel.rs\/wp-content\/uploads\/2024\/03\/medi-peel-hyaluronic-acid-layer-mooltox-body-lotion-600x600.jpg",600,600,true],"woocommerce_gallery_thumbnail":["https:\/\/medipeel.rs\/wp-content\/uploads\/2024\/03\/medi-peel-hyaluronic-acid-layer-mooltox-body-lotion-100x100.jpg",100,100,true]},"post_excerpt_stackable":"<p>\u0423\u0432\u043b\u0430\u0436\u043d\u044f\u044e\u0449\u0438\u0439 \u043b\u043e\u0441\u044c\u043e\u043d \u0434\u043b\u044f \u0442\u0435\u043b\u0430 \u0441 \u0433\u0438\u0430\u043b\u0443\u0440\u043e\u043d\u043e\u0432\u043e\u0439 \u043a\u0438\u0441\u043b\u043e\u0442\u043e\u0439. 400ml<\/p>\n","category_list":"","author_info":{"name":"","url":""},"comments_num":"0 comments","jetpack_sharing_enabled":true,"_links":{"self":[{"href":"https:\/\/medipeel.rs\/sr\/wp-json\/wp\/v2\/product\/6515"}],"collection":[{"href":"https:\/\/medipeel.rs\/sr\/wp-json\/wp\/v2\/product"}],"about":[{"href":"https:\/\/medipeel.rs\/sr\/wp-json\/wp\/v2\/types\/product"}],"version-history":[{"count":1,"href":"https:\/\/medipeel.rs\/sr\/wp-json\/wp\/v2\/product\/6515\/revisions"}],"predecessor-version":[{"id":6517,"href":"https:\/\/medipeel.rs\/sr\/wp-json\/wp\/v2\/product\/6515\/revisions\/6517"}],"wp:featuredmedia":[{"embeddable":true,"href":"https:\/\/medipeel.rs\/sr\/wp-json\/wp\/v2\/media\/6516"}],"wp:attachment":[{"href":"https:\/\/medipeel.rs\/sr\/wp-json\/wp\/v2\/media?parent=6515"}],"wp:term":[{"taxonomy":"product_cat","embeddable":true,"href":"https:\/\/medipeel.rs\/sr\/wp-json\/wp\/v2\/product_cat?post=6515"},{"taxonomy":"product_tag","embeddable":true,"href":"https:\/\/medipeel.rs\/sr\/wp-json\/wp\/v2\/product_tag?post=6515"}],"curies":[{"name":"wp","href":"https:\/\/api.w.org\/{rel}","templated":true}]}}