{"id":6650,"date":"2024-04-12T13:40:58","date_gmt":"2024-04-12T11:40:58","guid":{"rendered":"https:\/\/medipeel.rs\/?post_type=product&#038;p=6650"},"modified":"2025-01-27T20:27:40","modified_gmt":"2025-01-27T19:27:40","slug":"medi-peel-peptide-9-vitanol-cream-pro","status":"publish","type":"product","link":"https:\/\/medipeel.rs\/sr\/\u043f\u0440\u043e\u0438\u0437\u0432\u043e\u0434\/medi-peel-peptide-9-vitanol-cream-pro\/","title":{"rendered":"Medi-Peel Peptide 9 Vitanol Cream Pro"},"content":{"rendered":"<p class=\" translation-block\">Krema za lice sa peptidima i vitaminskim kompleksom za posvetljivanje i blistavost ko\u017ee Medi-Peel Peptide 9 Vitanol Cream Pro je napredno re\u0161enje u oblasti kozmetologije, dizajnirano za one koji te\u017ee besprekornom izgledu ko\u017ee. Rezultati nakon upotrebe: smanjenje vidljivosti stara\u010dkih pega; ujedna\u010deniji i blistaviji ton ko\u017ee; pobolj\u0161anje teksture i elasti\u010dnosti ko\u017ee; zna\u010dajno smanjenje finih linija i bora; duboka hidratacija i ishrana ko\u017ee; obnavljanje za\u0161titne barijere ko\u017ee; smanjenje upale i crvenila.<br>\nOva inovativna krema za lice kombinuje visoku koncentraciju niacinamida (12%) i jedinstveni vitaminski kompleks Vitanol, uklju\u010dujuc\u0301i vitamine A, E, F, K za borbu protiv tamnih fleka, obezbe\u0111ujuc\u0301i efikasno izbeljivanje ko\u017ee. Jedinstvena tehnologija dvostrukog premaza sa vitaminom C maksimizira efikasnost uno\u0161enja aktivnih sastojaka u duboke slojeve ko\u017ee, obezbe\u0111ujuc\u0301i njihovu stabilnost i aktivnost, \u0161to poma\u017ee u zna\u010dajnom pobolj\u0161anju tena i smanjenju pojave tamnih fleka.<br>\n15 vrsta peptida u kombinaciji sa niacinamidom stvara sna\u017ean sinergisti\u010dki efekat koji promovi\u0161e intenzivnu negu dubokih stara\u010dkih pega, daje ko\u017ei sjaj, pobolj\u0161ava njen tonus i op\u0161te stanje, \u010dinec\u0301i ko\u017eu \u010dvr\u0161c\u0301om i elasti\u010dnijom.<br>\nSadr\u017ei eozidin i RedSnow za hidrataciju i umirivanje ko\u017ee umorne od intenzivne sun\u010deve svetlosti i spolja\u0161njih iritacija.<br>\nFormula kreme je obogac\u0301ena adenozinom, kolagenom i ektoinom, koji poma\u017eu u pobolj\u0161anju elasti\u010dnosti ko\u017ee i intenzivnoj hidrataciji, odr\u017eavajuc\u0301i ko\u017eu mekom i glatkom.\nTekstura kreme je bogata i hranljiva, a istovremeno se lako upija, ne ostavljajuc\u0301i osec\u0301aj masnoc\u0301e ili lepljivosti, pru\u017eajuc\u0301i dugotrajnu hidrataciju i udobnost.<br>\nSastojci:<br>\nUlje jojobe je visoko cenjeno u kozmetologiji zbog svojih jedinstvenih hidratantnih i regenerativnih svojstava. Zahvaljujuc\u0301i svom hemijskom sastavu, veoma sli\u010dnom ljudskom sebumu, ovo ulje se lako upija u ko\u017eu bez ostavljanja masnog sjaja. Efikasno omek\u0161ava i hrani ko\u017eu, podsti\u010duc\u0301i zadr\u017eavanje vlage unutar ko\u017ene barijere i spre\u010davajuc\u0301i njen gubitak.<br>\nEkstrakt plodova pasjeg trna  (Hippophae rhamnoides) u sastavu posvetluje pigmentaciju, ja\u010da zidove krvnih sudova, pobolj\u0161ava cirkulaciju krvi. Bori se protiv rozacee - pro\u0161irenja krvnih sudova koji se pojavljuju na obrazima, bradi, nosu. Poma\u017ee u odr\u017eavanju \u010dvrstine i elasti\u010dnosti kroz proizvodnju kolagena, izgla\u0111uje bore.<br>\nTokoferol, ili vitamin E, je poznat u kozmetologiji kao jedan od najefikasnijih antioksidanata. \u0160titi c\u0301elijske membrane od oksidativnog stresa izazvanog slobodnim radikalima i UV zra\u010denjem, \u010dime spre\u010dava prerano starenje ko\u017ee. Tokoferol tako\u0111e poma\u017ee u vla\u017eenju ko\u017ee, pobolj\u0161ava njenu elasti\u010dnost i podsti\u010de zarastanje manjih rana i iritacija.<br>\nUlje suncokretovog semena sadr\u017ei veliku koli\u010dinu vitamina E, linolne kiseline i drugih korisnih supstanci koje blagotvorno uti\u010du na stanje ko\u017ee. Ovo ulje ima izra\u017eena svojstva hidratacije i omek\u0161avanja, poma\u017ee u obnavljanju za\u0161titne barijere ko\u017ee i smanjuje upale. Zbog svoje lagane teksture, suncokretovo ulje je pogodno za negu osetljive ko\u017ee, pru\u017eajuc\u0301i joj mekoc\u0301u i udobnost.<br>\nPreporu\u010duje se za ko\u017eu bez sjaja, neujedna\u010denog tona ko\u017ee sa znacima pigmentacije, upale, suvoc\u0301e i perutanja.<\/p>\n<p><strong>Na\u010din upotrebe:<\/strong> Nanesite kremu na prethodno o\u010di\u0161c\u0301enu ko\u017eu, utrljajte nje\u017enim pokretima dok se potpuno ne upije.<\/p>\n<p><em>Originalna Medi-Peel korejska kozmetika u Srbiji i Crnoj Gori. Visokokvalitetna kuc\u0301na nega lica i tela.<\/em><\/p>\n<hr \/>\n<p><strong><em>Sastojci:<\/em> <\/strong><em>Water, Butylene Glycol, Niacinamide(12 %), Isoamyl Laurate, Hydrogenated Coconut Oil, Propanediol, Cetearyl Alcohol, 1,2-Hexanediol, Octyldodecanol, Hydrolyzed Collagen, Glyceryl Stearate, Microcrystalline Wax, Hydrogenated Vegetable Oil, Cetearyl Olivate, Panthenol, Sorbitan Olivate, Hippophae Rhamnoides Fruit Extract(8,123 ppm), PEG-100 Stearate, Simmondsia Chinensis (Jojoba) Seed Oil, (-)-alpha-bisabolol, Carbomer, Methylpropanediol, Sodium Hyaluronate, Tromethamine, Hydrolyzed Hyaluronic Acid, Hyaluronic Acid, Phaseolus Radiatus Seed Extract, Glycerin, Pentylene Glycol, Betaine, Cucurbita Pepo (Pumpkin) Seed Extract, Polygonum Fagopyrum (Buckwheat) Seed Extract, Punica Granatum Fruit Extract, Adenosine, Glucosylrutin, Hydrogenated Ethylhexyl Olivate, Disodium EDTA, Elaeis Guineensis (Palm) Oil, Polyglutamic Acid, Belamcanda Chinensis Root Extract, Ethylhexylglycerin, Hydrogenated Lecithin, Hydrogenated Olive Oil Unsaponifiables, Caprylic\/Capric Triglyceride, Haematococcus Pluvialis Extract, Lactobacillus Ferment, Salicylic Acid, Sucrose Palmitate, Citric Acid, Ectoin, Hydrolyzed Sponge, Retinyl Palmitate(6,160 ppb), Tocopherol, Menadione(5,000 ppb), Polyglyceryl-4 Oleate, Glutathione(4,000 ppb), Artemisia Annua Extract, Linoleic Acid, Phaeodactylum Tricornutum Extract, Helianthus Annuus (Sunflower) Seed Oil, Arachis Hypogaea (Peanut) Oil, Camellia Japonica Flower Extract, Rosmarinus Officinalis (Rosemary) Leaf Extract, Citrus Unshiu Peel Extract, Linolenic Acid, Cocos Nucifera (Coconut) Oil, Alteromonas Ferment Extract, Phenethyl Alcohol, Polyglyceryl-10 Laurate, Olea Europaea (Olive) Fruit Oil, Ascorbic Acid(400 ppb), Chlorella Minutissima Extract, Caprylyl Glycol, Sodium Phosphate, Lecithin, Retinal(40 ppb), Copper Tripeptide-1(300 ppb), Acetyl Hexapeptide-8(200 ppb), Oligopeptide-29(75 ppb), Palmitoyl Pentapeptide-4(60 ppb), Acetyl Octapeptide-3(50 ppb), Oligopeptide-32(50 ppb), Oligopeptide-6(50 ppb), Palmitoyl Tetrapeptide-7(25 ppb), Palmitoyl Tripeptide-1(25 ppb), Palmitoyl Tripeptide-5(25 ppb), sh-Oligopeptide-1(0.1 ppb), sh-Oligopeptide-2(0.1 ppb), sh-Polypeptide-1(0.1 ppb), sh-Polypeptide-10(0.1 ppb), sh-Polypeptide-60(0.1 ppb), Fragrance<\/em><\/p>","protected":false},"excerpt":{"rendered":"<p>Krema sa vitaminskim kompleksom za posvetljivanje i blistavost ko\u017ee. 50g<\/p>","protected":false},"featured_media":6651,"template":"","meta":[],"product_cat":[385,272,301,386,382,260],"product_tag":[308,516],"featured_image_urls":{"full":["https:\/\/medipeel.rs\/wp-content\/uploads\/2024\/04\/medi-peel-peptide-9-vitanol-cream-pro2.jpg",1200,1200,false],"thumbnail":["https:\/\/medipeel.rs\/wp-content\/uploads\/2024\/04\/medi-peel-peptide-9-vitanol-cream-pro2-150x150.jpg",150,150,true],"medium":["https:\/\/medipeel.rs\/wp-content\/uploads\/2024\/04\/medi-peel-peptide-9-vitanol-cream-pro2-300x300.jpg",300,300,true],"medium_large":["https:\/\/medipeel.rs\/wp-content\/uploads\/2024\/04\/medi-peel-peptide-9-vitanol-cream-pro2-768x768.jpg",768,768,true],"large":["https:\/\/medipeel.rs\/wp-content\/uploads\/2024\/04\/medi-peel-peptide-9-vitanol-cream-pro2-1024x1024.jpg",1024,1024,true],"1536x1536":["https:\/\/medipeel.rs\/wp-content\/uploads\/2024\/04\/medi-peel-peptide-9-vitanol-cream-pro2.jpg",1200,1200,false],"2048x2048":["https:\/\/medipeel.rs\/wp-content\/uploads\/2024\/04\/medi-peel-peptide-9-vitanol-cream-pro2.jpg",1200,1200,false],"trp-custom-language-flag":["https:\/\/medipeel.rs\/wp-content\/uploads\/2024\/04\/medi-peel-peptide-9-vitanol-cream-pro2-12x12.jpg",12,12,true],"vcmegaposts-masonry":["https:\/\/medipeel.rs\/wp-content\/uploads\/2024\/04\/medi-peel-peptide-9-vitanol-cream-pro2-500x500.jpg",500,500,true],"vcmegaposts-normal":["https:\/\/medipeel.rs\/wp-content\/uploads\/2024\/04\/medi-peel-peptide-9-vitanol-cream-pro2-800x800.jpg",800,800,true],"vcmegaposts-type1":["https:\/\/medipeel.rs\/wp-content\/uploads\/2024\/04\/medi-peel-peptide-9-vitanol-cream-pro2-800x500.jpg",800,500,true],"woocommerce_thumbnail":["https:\/\/medipeel.rs\/wp-content\/uploads\/2024\/04\/medi-peel-peptide-9-vitanol-cream-pro2-450x600.jpg",450,600,true],"woocommerce_single":["https:\/\/medipeel.rs\/wp-content\/uploads\/2024\/04\/medi-peel-peptide-9-vitanol-cream-pro2-600x600.jpg",600,600,true],"woocommerce_gallery_thumbnail":["https:\/\/medipeel.rs\/wp-content\/uploads\/2024\/04\/medi-peel-peptide-9-vitanol-cream-pro2-100x100.jpg",100,100,true]},"post_excerpt_stackable":"<p>\u041a\u0440\u0435\u043c c \u0432\u0438\u0442\u0430\u043c\u0438\u043d\u043d\u044b\u043c \u043a\u043e\u043c\u043f\u043b\u0435\u043a\u0441\u043e\u043c \u0434\u043b\u044f \u043e\u0441\u0432\u0435\u0442\u043b\u0435\u043d\u0438\u044f \u0438 \u0441\u0438\u044f\u043d\u0438\u044f \u043a\u043e\u0436\u0438. 50g<\/p>\n","category_list":"","author_info":{"name":"","url":""},"comments_num":"0 comments","jetpack_sharing_enabled":true,"_links":{"self":[{"href":"https:\/\/medipeel.rs\/sr\/wp-json\/wp\/v2\/product\/6650"}],"collection":[{"href":"https:\/\/medipeel.rs\/sr\/wp-json\/wp\/v2\/product"}],"about":[{"href":"https:\/\/medipeel.rs\/sr\/wp-json\/wp\/v2\/types\/product"}],"version-history":[{"count":1,"href":"https:\/\/medipeel.rs\/sr\/wp-json\/wp\/v2\/product\/6650\/revisions"}],"predecessor-version":[{"id":6652,"href":"https:\/\/medipeel.rs\/sr\/wp-json\/wp\/v2\/product\/6650\/revisions\/6652"}],"wp:featuredmedia":[{"embeddable":true,"href":"https:\/\/medipeel.rs\/sr\/wp-json\/wp\/v2\/media\/6651"}],"wp:attachment":[{"href":"https:\/\/medipeel.rs\/sr\/wp-json\/wp\/v2\/media?parent=6650"}],"wp:term":[{"taxonomy":"product_cat","embeddable":true,"href":"https:\/\/medipeel.rs\/sr\/wp-json\/wp\/v2\/product_cat?post=6650"},{"taxonomy":"product_tag","embeddable":true,"href":"https:\/\/medipeel.rs\/sr\/wp-json\/wp\/v2\/product_tag?post=6650"}],"curies":[{"name":"wp","href":"https:\/\/api.w.org\/{rel}","templated":true}]}}