{"id":6728,"date":"2024-05-20T20:26:01","date_gmt":"2024-05-20T18:26:01","guid":{"rendered":"https:\/\/medipeel.rs\/?post_type=product&#038;p=6728"},"modified":"2025-11-24T00:01:27","modified_gmt":"2025-11-23T23:01:27","slug":"medi-peel-phyto-cica-nol-b5-3000-shot-serum","status":"publish","type":"product","link":"https:\/\/medipeel.rs\/sr\/\u043f\u0440\u043e\u0438\u0437\u0432\u043e\u0434\/medi-peel-phyto-cica-nol-b5-3000-shot-serum\/","title":{"rendered":"Medi-Peel Phyto Cica-Nol B5 3000 Shot Serum"},"content":{"rendered":"<p class=\" translation-block\">Mekani piling serum sa spikulama i centelom Medi-Peel Phyto Cica-Nol B5 3000 Shot Serum pru\u017ea delikatno obnavljanje, zagla\u0111uje teksturu ko\u017ee, umiruje i vla\u017ei, omek\u0161ava ljuskave i grube povr\u0161ine. Spre\u010dava za\u010depljenje pora, upale i mitesere. Izjedna\u010dava ton, smanjuje te\u017einu pigmentacije i promene u vezi sa uzrastom. <br>Preporu\u010duje se za ko\u017eu sa o\u017eiljcima, flekama od akni, pro\u0161irenim porama.<br>\nSadr\u017ei specijalnu Phyto Cica-Nol Leedle\u2122 tehnologiju, koja se sastoji od pre\u010di\u0161c\u0301enih spikula (mikroiglica organskog porekla - strukturnih elemenata tela slatkovodnih sun\u0111era), u kombinaciji sa ekstraktom centele. Ova tehnologija omoguc\u0301ava spikulama da rade \u0161to je moguc\u0301e efikasnije i transportuju centele duboko u ko\u017eu, istovremeno smanjujuc\u0301i verovatnoc\u0301u iritacije.<br>\nGlavni aktivni sastojci:<br>\nCica-Nol B5 je patentirani kompleks koji se sastoji od ekstrakta centella asiatica, madekasozida, madekasinske kiseline, azijske kiseline, aziatikozida i pantenola. Deluje umirujuc\u0301e i regeneri\u0161uc\u0301e, intenzivno vla\u017ei i podsti\u010de nakupljanje vlage u c\u0301elijama, zna\u010dajno pobolj\u0161ava ten i ujedna\u010dava tonus, smanjuje crvenilo, aktivno hrani i bori se protiv suvoc\u0301e.<br>\nSalicilna kiselina \u010disti pore, osvetljava mitisere i lojne niti, spre\u010dava za\u010depljenje pora i upale i smanjuje masnu ko\u017eu.<br>\nJantarna kiselina ima antisepti\u010dki efekat, matira, smanjuje masni sjaj, pobolj\u0161ava c\u0301elijsko disanje, ubrzava metabolizam, aktivira regeneraciju i obnavljanje.<br>\nAquaxil\u2122 - kombinacija glukoze i ksilitola, vla\u017ei i obnavlja, spre\u010dava transepidermalni gubitak vlage, elimini\u0161e dehidraciju, bori se protiv perutanja, omek\u0161ava i zagla\u0111uje.<br>\nSingGreen je kompleks ekstrakata papaje, jabuke, gro\u017e\u0111a i \u0161ljive. Ne\u017eno eksfolira, ujedna\u010dava ton i zagla\u0111uje.<br>\nNiacinamid (vitamin B3) usporava isporuku melanina u epidermu i na taj na\u010din spre\u010dava stvaranje stara\u010dkih pega. Smanjuje osetljivost na spolja\u0161nje iritanse, ujedna\u010dava ton, podsti\u010de proizvodnju kolagena i povec\u0301ava gustinu tkiva.<br>\nEkstrakt smokve sadr\u017ei poseban enzim ficin - supstancu koja \u010disti, delikatno lju\u0161ti stratum corneum, ujedna\u010dava ton i stimuli\u0161e obnavljanje, bez iritacije.<br>\n3 vrste hijaluronske kiseline aktivno vla\u017ee i odr\u017eavaju optimalan nivo hidratacije. Formiraju za\u0161titni sloj koji spre\u010dava isparavanje vlage.<br>\nEkstrakt nara \u0161titi od oksidativnog stresa, omek\u0161ava i deluje protiv starenja.<br>\nPogodno za osetljivu ko\u017eu.<br>\nTokom kori\u0161\u0107enja seruma mo\u017ee se javiti lagano peckanje, \u0161to je normalno zbog delovanja spikula na ko\u017ei. Intenzitet osec\u0301aja peckanja zavisi od koncentracije aktivnih sastojaka. Za korisnike koji prvi put koriste ili koji umaju  tanku, osetljivu ko\u017eu, preporu\u010duje se ni\u017ea koncentracija seruma od 3000 SHOT.<\/p>\n<p><strong>Na\u010din upotrebe:<\/strong> Nanesite serum na lice odmah nakon pranja ili tonera. Nakon apsorpcije nanesite hidratantnu kremu. Preporu\u010duje se da se koristi kao poja\u010diva\u010d za druge koncentrovane proizvode (serumi, esencije, kreme). Pogodno za svakodnevnu upotrebu.<br \/>\nPa\u017enja! Upotreba seruma sa kozmeti\u010dkim ure\u0111ajima (dermapen, mezoroler itd.) je kontraindikovana. Ne preporu\u010duje se upotreba proizvoda odmah nakon dermatolo\u0161kih procedura. Izbegavajte povre\u0111ena podru\u010dja ko\u017ee.<\/p>\n<p><em>Originalna Medi-Peel korejska kozmetika u Srbiji i Crnoj Gori. Visokokvalitetna kuc\u0301na nega lica i tela.<\/em><\/p>\n<hr \/>\n<p><strong><em>Sastojci:<\/em> <\/strong><em>Purified water, glycerin, dipropylene glycol, niacinamide, butylene glycol, propanediol, 1,2-hexanediol, carbomer, tromethamine, hydroxyacetophenone, hydrolyzed sponge, glycerol -25PCA isostearate, ethylhexylglycerin, hydrolyzed gardenia extract, hydrolyzed malt extract, adenosine, hydrolyzed tricolor violet extract, xanthan gum, disodium EDTA, hyaluronic acid. , hydrolyzed hyaluronic acid, sodium hyaluronate, xylityl glucoside, anhydroxylitol, xylitol, sulfur colloid, pentylene glycol, papaya fruit extract, fig extract, ginkgo extract, mulberry fruit extract, apple Extract, plum extract, pomegranate extract, grape extract, centella asiatica extract (1,500 ppb), madecassoside (1,015 ppb), decyl glucoside, caprylyl glycol, citric acid, salicylic acid, succinic acid, hesperidin, hydro Generated lecithin, panthenol (2.5 ppb), polyglyceryl-10 laurate, asiaticoside (1.5 ppb), asiatic acid (1.5 ppb), madecassic acid (1.5 ppb), sodium ascorbyl phosphate, biotin, folic Acid, pyridoxine, cyanocobalamin, tocopherol, beta-carotene, riboflavin, thiamine HCL, fragrance<\/em><\/p>","protected":false},"excerpt":{"rendered":"<p>Mekani piling serum sa spikulama i centelom. 50g<\/p>","protected":false},"featured_media":6729,"template":"","meta":[],"product_cat":[328,259,409,342,378,348,349,379,381,384,333,334,261,260,314],"product_tag":[411],"featured_image_urls":{"full":["https:\/\/medipeel.rs\/wp-content\/uploads\/2024\/05\/medi-peel-phyto-cica-nol-b5-3000-shot-serum2.jpg",1200,1200,false],"thumbnail":["https:\/\/medipeel.rs\/wp-content\/uploads\/2024\/05\/medi-peel-phyto-cica-nol-b5-3000-shot-serum2-150x150.jpg",150,150,true],"medium":["https:\/\/medipeel.rs\/wp-content\/uploads\/2024\/05\/medi-peel-phyto-cica-nol-b5-3000-shot-serum2-300x300.jpg",300,300,true],"medium_large":["https:\/\/medipeel.rs\/wp-content\/uploads\/2024\/05\/medi-peel-phyto-cica-nol-b5-3000-shot-serum2-768x768.jpg",768,768,true],"large":["https:\/\/medipeel.rs\/wp-content\/uploads\/2024\/05\/medi-peel-phyto-cica-nol-b5-3000-shot-serum2-1024x1024.jpg",1024,1024,true],"1536x1536":["https:\/\/medipeel.rs\/wp-content\/uploads\/2024\/05\/medi-peel-phyto-cica-nol-b5-3000-shot-serum2.jpg",1200,1200,false],"2048x2048":["https:\/\/medipeel.rs\/wp-content\/uploads\/2024\/05\/medi-peel-phyto-cica-nol-b5-3000-shot-serum2.jpg",1200,1200,false],"trp-custom-language-flag":["https:\/\/medipeel.rs\/wp-content\/uploads\/2024\/05\/medi-peel-phyto-cica-nol-b5-3000-shot-serum2-12x12.jpg",12,12,true],"vcmegaposts-masonry":["https:\/\/medipeel.rs\/wp-content\/uploads\/2024\/05\/medi-peel-phyto-cica-nol-b5-3000-shot-serum2-500x500.jpg",500,500,true],"vcmegaposts-normal":["https:\/\/medipeel.rs\/wp-content\/uploads\/2024\/05\/medi-peel-phyto-cica-nol-b5-3000-shot-serum2-800x800.jpg",800,800,true],"vcmegaposts-type1":["https:\/\/medipeel.rs\/wp-content\/uploads\/2024\/05\/medi-peel-phyto-cica-nol-b5-3000-shot-serum2-800x500.jpg",800,500,true],"woocommerce_thumbnail":["https:\/\/medipeel.rs\/wp-content\/uploads\/2024\/05\/medi-peel-phyto-cica-nol-b5-3000-shot-serum2-450x600.jpg",450,600,true],"woocommerce_single":["https:\/\/medipeel.rs\/wp-content\/uploads\/2024\/05\/medi-peel-phyto-cica-nol-b5-3000-shot-serum2-600x600.jpg",600,600,true],"woocommerce_gallery_thumbnail":["https:\/\/medipeel.rs\/wp-content\/uploads\/2024\/05\/medi-peel-phyto-cica-nol-b5-3000-shot-serum2-100x100.jpg",100,100,true]},"post_excerpt_stackable":"<p>\u041c\u044f\u0433\u043a\u0430\u044f \u043f\u0438\u043b\u0438\u043d\u0433-\u0441\u044b\u0432\u043e\u0440\u043e\u0442\u043a\u0430 \u0441\u043e \u0441\u043f\u0438\u043a\u0443\u043b\u0430\u043c\u0438 \u0438 \u0446\u0435\u043d\u0442\u0435\u043b\u043b\u043e\u0439. 50g<\/p>\n","category_list":"","author_info":{"name":"","url":""},"comments_num":"0 comments","jetpack_sharing_enabled":true,"_links":{"self":[{"href":"https:\/\/medipeel.rs\/sr\/wp-json\/wp\/v2\/product\/6728"}],"collection":[{"href":"https:\/\/medipeel.rs\/sr\/wp-json\/wp\/v2\/product"}],"about":[{"href":"https:\/\/medipeel.rs\/sr\/wp-json\/wp\/v2\/types\/product"}],"version-history":[{"count":1,"href":"https:\/\/medipeel.rs\/sr\/wp-json\/wp\/v2\/product\/6728\/revisions"}],"predecessor-version":[{"id":6730,"href":"https:\/\/medipeel.rs\/sr\/wp-json\/wp\/v2\/product\/6728\/revisions\/6730"}],"wp:featuredmedia":[{"embeddable":true,"href":"https:\/\/medipeel.rs\/sr\/wp-json\/wp\/v2\/media\/6729"}],"wp:attachment":[{"href":"https:\/\/medipeel.rs\/sr\/wp-json\/wp\/v2\/media?parent=6728"}],"wp:term":[{"taxonomy":"product_cat","embeddable":true,"href":"https:\/\/medipeel.rs\/sr\/wp-json\/wp\/v2\/product_cat?post=6728"},{"taxonomy":"product_tag","embeddable":true,"href":"https:\/\/medipeel.rs\/sr\/wp-json\/wp\/v2\/product_tag?post=6728"}],"curies":[{"name":"wp","href":"https:\/\/api.w.org\/{rel}","templated":true}]}}