{"id":6731,"date":"2024-05-20T20:15:33","date_gmt":"2024-05-20T18:15:33","guid":{"rendered":"https:\/\/medipeel.rs\/?post_type=product&#038;p=6731"},"modified":"2024-06-25T19:41:52","modified_gmt":"2024-06-25T17:41:52","slug":"medi-peel-phyto-cica-nol-b5-calming-vegan-mask","status":"publish","type":"product","link":"https:\/\/medipeel.rs\/sr\/\u043f\u0440\u043e\u0438\u0437\u0432\u043e\u0434\/medi-peel-phyto-cica-nol-b5-calming-vegan-mask\/","title":{"rendered":"Medi-Peel Phyto Cica-Nol B5 Calming Vegan Mask"},"content":{"rendered":"<p class=\" translation-block\">Umirujuc\u0301a veganska maska sa kompleksom centele i pantenola za umornu bledu, osetljivu, lako crvenilu ko\u017eu Medi-Peel  Phyto Cica Nol B5 Calming Vegan Mask brzo i lako umiruje suvu i zategnutu ko\u017eu,  hidrira, uklanja suvoc\u0301e, crvenila, svrab i iritacije,  ujedna\u010dava ton ko\u017ee.<br>\nPakovanje sadr\u017ei 30 listova maski, gusto natopljenih hranljivom esencijom, \u0161to je dovoljno za svakodnevnu upotrebu tokom 30 dana.<br>\nKlju\u010dna komponenta esencije maske je 5% kompleks \u201eCica-Nol B5\u201c, koji uklju\u010duje 5 vrsta ekstrakta centele (centella asiatica, madecassosid, asiaticosid, asiatic and madecasic kiseline), kao i D-pantenol. Kompleks ima umirujuc\u0301e i regenerativno dejstvo, intenzivno vla\u017ei i podsti\u010de akumulaciju vlage u c\u0301elijama, zna\u010dajno pobolj\u0161ava ten i ujedna\u010dava tonus, smanjuje crvenilo, aktivno hrani i bori se protiv suvoc\u0301e, reguli\u0161e ravnote\u017eu vode i masti u epidermisu, kontroli\u0161e proizvodnju sebuma, vrac\u0301a integritet ko\u017ee.<br>\nBlaga koncentracija AHA i BHA kiselina \u010dini ko\u017eu glatkom, delikatno eksfolira ro\u017enja\u010de epidermisa i omek\u0161ava gruba podru\u010dja. Stimuli\u0161e procese regeneracije i obnavljanja, ne\u017eno osvetljava i ujedna\u010dava ukupni ton. Promovi\u0161e zarastanje upale bez fleke.<br>\nKompleks aminokiselina je odgovoran za hidrataciju, povec\u0301ava barijeru i za\u0161titne funkcije ko\u017ee i njenu sposobnost da izdr\u017ei \u0161tetnih uticaja okoline; obezbe\u0111uje br\u017ee i bolje zarastanje tkiva.<br>\n11 lipozomalnih vitamina tonizira ko\u017eu, vrac\u0301a joj elasti\u010dnost i \u010dvrstoc\u0301u, dajuc\u0301i joj zdrav ton.<br>\n7 vrsta hijaluronske kiseline prodiru u duboke slojeve epidermisa, aktivno vla\u017ee c\u0301elije i poma\u017eu u zadr\u017eavanju vlage u ko\u017ei. Zajedno sa ceramidama formiraju za\u0161titni sloj koji spre\u010dava gubitak vlage i poma\u017ee u obnavljanju ko\u017ee. Oni ubla\u017eavaju suvoc\u0301u, lju\u0161tenje i korisni su u le\u010denju alergijskih osipa, ekcema i psorijaze.<br>\nAquaxil\u2122 je patentirani hidratantni kompleks koji pobolj\u0161ava sposobnost c\u0301elija da zadr\u017ee vlagu. Stimuli\u0161e sintezu ceramida, spre\u010dava pojavu suvoc\u0301e i lju\u0161tenja, zagla\u0111uje teksturu.<\/p>\n<p><strong>Na\u010din upotrebe:<\/strong> Otvorite poklopac kutije, pomoc\u0301u pincete izvucite list maske, prilagodite ga obliku lica tako da ravnomerno pristaje ko\u017ei. Nakon 15-20 minuta skinite masku i utrljajte preostalu esenciju da se upije.<\/p>\n<p><em>Originalna Medi-Peel korejska kozmetika u Srbiji i Crnoj Gori. Visokokvalitetna kuc\u0301na nega lica i tela.<\/em><\/p>\n<hr \/>\n<p><strong><em>Sastojci:<\/em> <\/strong><em>Purified water, dipropylene glycol, glycerin, propanediol, 1,2-hexanediol, hydroxyacetophenone, caprylyl glycol, ethylhexylglycerin, C12-14alkes-12, carbomer, arginine , xanthan gum, disodium EDTA, adenosine, niacinamide, butylene glycol, pentylene glycol, madecassoside (10,000 ppb), citric acid, salicylic acid, decyl glucoside, xylityl glucoside, anhydroside Xylitol, papaya fruit extract, apple extract, plum extract, grape extract, xylitol, centella asiatica extract (1,000 ppb), sodium hyaluronate crosspolymer, hydrogenated lecithin, hydrolyzed glycosaminoglycan, pomegranate extract, Fig extract, mulberry fruit extract, ginkgo extract, sodium hyaluronate, polyglyceryl-10 stearate, panthenol (100 ppb), benzyl glycol, sodium ascorbyl phosphate, tocopheryl acetate, hydrolyzed hyaluronic acid. Lonic Acid, Ceramide NP, Hydroxypropyl Trimonium Hyaluronate, Glycosphingolipid, Glyceryl Linolinate, Glyceryl Arachidonate, Asiaticoside (1 ppb), Asiatic Acid (1 ppb), Madecassic Acid (1 ppb), Biotin, Thiamine HCL, Retinyl Palmitate, Pyridoxine, Folic Acid, Sodium Acetylated Hyaluronate, Hyaluronic Acid, Raspberry Ketone, Cyanocobalamin, Fragrance<\/em><\/p>","protected":false},"excerpt":{"rendered":"<p>Umirujuc\u0301a veganska maska sa kompleksom centele i pantenola za umornu bledu, osetljivu, lako crvenilu ko\u017eu. 30 kom\/350g<\/p>","protected":false},"featured_media":6732,"template":"","meta":[],"product_cat":[259,264,359,342,348,349,379,381,334,260,314],"product_tag":[411],"featured_image_urls":{"full":["https:\/\/medipeel.rs\/wp-content\/uploads\/2024\/05\/medi-peel-phyto-cica-nol-b5-calming-vegan-mask2.jpg",1200,1200,false],"thumbnail":["https:\/\/medipeel.rs\/wp-content\/uploads\/2024\/05\/medi-peel-phyto-cica-nol-b5-calming-vegan-mask2-150x150.jpg",150,150,true],"medium":["https:\/\/medipeel.rs\/wp-content\/uploads\/2024\/05\/medi-peel-phyto-cica-nol-b5-calming-vegan-mask2-300x300.jpg",300,300,true],"medium_large":["https:\/\/medipeel.rs\/wp-content\/uploads\/2024\/05\/medi-peel-phyto-cica-nol-b5-calming-vegan-mask2-768x768.jpg",768,768,true],"large":["https:\/\/medipeel.rs\/wp-content\/uploads\/2024\/05\/medi-peel-phyto-cica-nol-b5-calming-vegan-mask2-1024x1024.jpg",1024,1024,true],"1536x1536":["https:\/\/medipeel.rs\/wp-content\/uploads\/2024\/05\/medi-peel-phyto-cica-nol-b5-calming-vegan-mask2.jpg",1200,1200,false],"2048x2048":["https:\/\/medipeel.rs\/wp-content\/uploads\/2024\/05\/medi-peel-phyto-cica-nol-b5-calming-vegan-mask2.jpg",1200,1200,false],"trp-custom-language-flag":["https:\/\/medipeel.rs\/wp-content\/uploads\/2024\/05\/medi-peel-phyto-cica-nol-b5-calming-vegan-mask2-12x12.jpg",12,12,true],"vcmegaposts-masonry":["https:\/\/medipeel.rs\/wp-content\/uploads\/2024\/05\/medi-peel-phyto-cica-nol-b5-calming-vegan-mask2-500x500.jpg",500,500,true],"vcmegaposts-normal":["https:\/\/medipeel.rs\/wp-content\/uploads\/2024\/05\/medi-peel-phyto-cica-nol-b5-calming-vegan-mask2-800x800.jpg",800,800,true],"vcmegaposts-type1":["https:\/\/medipeel.rs\/wp-content\/uploads\/2024\/05\/medi-peel-phyto-cica-nol-b5-calming-vegan-mask2-800x500.jpg",800,500,true],"woocommerce_thumbnail":["https:\/\/medipeel.rs\/wp-content\/uploads\/2024\/05\/medi-peel-phyto-cica-nol-b5-calming-vegan-mask2-450x600.jpg",450,600,true],"woocommerce_single":["https:\/\/medipeel.rs\/wp-content\/uploads\/2024\/05\/medi-peel-phyto-cica-nol-b5-calming-vegan-mask2-600x600.jpg",600,600,true],"woocommerce_gallery_thumbnail":["https:\/\/medipeel.rs\/wp-content\/uploads\/2024\/05\/medi-peel-phyto-cica-nol-b5-calming-vegan-mask2-100x100.jpg",100,100,true]},"post_excerpt_stackable":"<p>\u0423\u0441\u043f\u043e\u043a\u0430\u0438\u0432\u0430\u044e\u0449\u0430\u044f \u0432\u0435\u0433\u0430\u043d\u0441\u043a\u0430\u044f \u043c\u0430\u0441\u043a\u0430 \u0441 \u043a\u043e\u043c\u043f\u043b\u0435\u043a\u0441\u043e\u043c \u0446\u0435\u043d\u0442\u0435\u043b\u043b\u044b \u0438 \u043f\u0430\u043d\u0442\u0435\u043d\u043e\u043b\u0430 \u0434\u043b\u044f \u0442\u0443\u0441\u043a\u043b\u043e\u0439, \u043b\u0435\u0433\u043a\u043e \u043a\u0440\u0430\u0441\u043d\u0435\u044e\u0449\u0435\u0439 \u0438 \u0447\u0443\u0432\u0441\u0442\u0432\u0438\u0442\u0435\u043b\u044c\u043d\u043e\u0439 \u043a\u043e\u0436\u0438. 30 \u0448\u0442.\/350g<\/p>\n","category_list":"","author_info":{"name":"","url":""},"comments_num":"0 comments","jetpack_sharing_enabled":true,"_links":{"self":[{"href":"https:\/\/medipeel.rs\/sr\/wp-json\/wp\/v2\/product\/6731"}],"collection":[{"href":"https:\/\/medipeel.rs\/sr\/wp-json\/wp\/v2\/product"}],"about":[{"href":"https:\/\/medipeel.rs\/sr\/wp-json\/wp\/v2\/types\/product"}],"version-history":[{"count":1,"href":"https:\/\/medipeel.rs\/sr\/wp-json\/wp\/v2\/product\/6731\/revisions"}],"predecessor-version":[{"id":6733,"href":"https:\/\/medipeel.rs\/sr\/wp-json\/wp\/v2\/product\/6731\/revisions\/6733"}],"wp:featuredmedia":[{"embeddable":true,"href":"https:\/\/medipeel.rs\/sr\/wp-json\/wp\/v2\/media\/6732"}],"wp:attachment":[{"href":"https:\/\/medipeel.rs\/sr\/wp-json\/wp\/v2\/media?parent=6731"}],"wp:term":[{"taxonomy":"product_cat","embeddable":true,"href":"https:\/\/medipeel.rs\/sr\/wp-json\/wp\/v2\/product_cat?post=6731"},{"taxonomy":"product_tag","embeddable":true,"href":"https:\/\/medipeel.rs\/sr\/wp-json\/wp\/v2\/product_tag?post=6731"}],"curies":[{"name":"wp","href":"https:\/\/api.w.org\/{rel}","templated":true}]}}