{"id":6734,"date":"2024-05-20T19:46:57","date_gmt":"2024-05-20T17:46:57","guid":{"rendered":"https:\/\/medipeel.rs\/?post_type=product&#038;p=6734"},"modified":"2025-08-01T20:30:42","modified_gmt":"2025-08-01T18:30:42","slug":"medi-peel-red-lacto-collagen-barrier-cream","status":"publish","type":"product","link":"https:\/\/medipeel.rs\/sr\/\u043f\u0440\u043e\u0438\u0437\u0432\u043e\u0434\/medi-peel-red-lacto-collagen-barrier-cream\/","title":{"rendered":"Medi-Peel Red Lacto Collagen Barrier Cream"},"content":{"rendered":"<p class=\" translation-block\">Veganska za\u0161titna krema sa laktokolagenom za povec\u0301anje elasti\u010dnosti i su\u017eavanje pora Medi-Peel Red Lacto Collagen Barrier Cream \u010dini ko\u017eu elasti\u010dnijom i gustom, vrac\u0301a integritet ko\u017ee, ujedna\u010dava reljef, ubrzava procese zarastanja i obnavljanja, ja\u010da za\u0161titna barijera ko\u017ee, \u0161titi od agresivnog uticaja spolja\u0161njih faktora. Sa moc\u0301nom me\u0161avinom laktobacila, veganskog kolagena i peptida, krema vidljivo su\u017eava pore i pobolj\u0161ava elasti\u010dnost za mla\u0111i izgled. Dubinski vla\u017ei, odr\u017eava ravnote\u017eu vode i lipida, zasic\u0301uje c\u0301elije vlagom i spre\u010dava dehidraciju (eksperimentalno je potvr\u0111en efekat zadr\u017eavanja vlage u ko\u017ei do 200 sati). Krema stimuli\u0161e sintezu kolagena i elastina, ja\u010da vlakna epidermisa i usporava destruktivne oksidativne procese. Povec\u0301ava tonus ko\u017ee, spre\u010dava pojavu bora i nabora na ko\u017ei. Umiruje iritaciju i crvenilo, smanjuje upale, ujedna\u010dava ton, uklanja crvenilo i daje mek, ujedna\u010den sjaj.<br>\nZahvaljujuc\u0301i najnovijoj tehnologiji inkapsulacije OGE\u2122, klju\u010dni aktivni sastojci se brzo apsorbuju za maksimalnu efikasnost.<br>\n\nGlavni aktivni sastojci:<br>\nLizat bifidobakterije i enzimi laktobacila efikasno su\u017eavaju pore, podr\u017eavaju prirodnu mikrofloru ko\u017ee, pobolj\u0161avaju strukturu kolagena, povec\u0301avaju elasti\u010dnost, pobolj\u0161avaju ten, reguli\u0161u proizvodnju melanina i olak\u0161avaju hiperpigmentaciju. Obnavljaju i ja\u010daju za\u0161titnu barijeru ko\u017ee, ja\u010daju imuni sistem i reguli\u0161u metabolizam.<br>\nVeganski T-Collagen kompleks je inovativna formula, sinergija kolagena tipove I, II i III, koji u kombinaciji sa patentiranim Syn-Collagen Booster\u2122 kompleksom povec\u0301ava elasti\u010dnost ko\u017ee, \u010dinec\u0301i je \u010dvr\u0161c\u0301om i zdravijom. Kolagen obnavlja strukturu epidermisa iznutra, ja\u010da c\u0301elijske zidove, pobolj\u0161ava metabolizam proteina. Podr\u017eava matricu ko\u017ee, poma\u017ee u izgla\u0111ivanju malih bora i nabora.<br>\nKompleks od 8 vrsta peptida obezbe\u0111uje duboku hidrataciju i izuzetnu glatkoc\u0301u ko\u017ee, deluje duboko protiv starenja, smanjuje pojavu bora i spre\u010dava nastanak novih, stimuli\u0161e procese obnove i regeneracije, usporava starenje c\u0301elija.<br>\n8 vrsta hijaluronske kiseline razli\u010dite molekularne te\u017eine formiraju za\u0161titni film na ko\u017ei, spre\u010davajuc\u0301i gubitak vlage, pobolj\u0161avaju za\u0161titne funkcije ko\u017ee, zadr\u017eavaju vlagu, prodiru u najdublje slojeve ko\u017ee,  izgla\u0111uje bore, povec\u0301ava elasti\u010dnost i regeneraciju c\u0301elija.<br>\nEktoin je aminokiselina koja \u0161titi c\u0301elije od stresa isu\u0161ivanja tako \u0161to ih okru\u017euje molekulima vode. Molekul ektoina mo\u017ee da privu\u010de i zadr\u017ei 4-5 molekula vode u blizini, odr\u017eavajuc\u0301i optimalan nivo hidratacije i \u0161titec\u0301i od dehidracije. Efikasan je prirodni antioksidans, blokira agresivno dejstvo UV zraka i potiskuje sintezu melanina, pobolj\u0161ava stanje ko\u017ee nakon izlaganja sun\u010devoj svetlosti i aktivno se bori protiv fotostarenja. Smanjuje upale ko\u017ee.<br>\nKompleks ekstrakta nara, jabuke, brusnice, jagode i \u0161ljive deluje antioksidativno, \u0161titi c\u0301elije od agresivnog uticaja spolja\u0161njih faktora, usporava proces starenja, omek\u0161ava ko\u017eu, vrac\u0301a sve\u017einu i prirodan sjaj licu.<br>\nSvi sastojci uklju\u010deni u kremu su ozna\u010deni oznakom EWG Green, \u0161to garantuje najvi\u0161i nivo bezbednosti i ekolo\u0161ke prihvatljivosti. Formula je bez PEG-a, silikona i alkohola kako bi zadovoljila potrebe \u010dak i najosetljivijih tipova ko\u017ee.<br>\nZa izra\u017eeniji efekat preporu\u010duje se zajedni\u010dka upotreba tonera i seruma iz serije Medi-Peel Red Lacto Collagen.<\/p>\n<p><strong>Na\u010din upotrebe:<\/strong> Nanesite kremu na prethodno o\u010di\u0161c\u0301enu ko\u017eu, utrljajte nje\u017enim pokretima dok se potpuno ne upije.<\/p>\n<p><em>Originalna Medi-Peel korejska kozmetika u Srbiji i Crnoj Gori. Visokokvalitetna kuc\u0301na nega lica i tela.<\/em><\/p>\n<hr \/>\n<p><strong><em>Sastojci:<\/em> <\/strong><em>Purified water, propanediol, glycerin, isohexadecane, butylene glycol, caprylic\/capric triglyceride, 1,2-hexanediol, niacinamide, bifida fermentation lysate (8,700 ppm), ammonium acrylic acid. Il dimethyl taurate\/V picopolymer, cetearyl olivate, hydroxyethyl acrylate\/sodium acryloyl dimethyl taurate copolymer, sorbitan olivate, polyacrylate-13, hydrogenated polyisobutene, Betaine, xanthan gum, sodium hyaluronate, Ethylhexylglycerin, Sorbitan Isostearate, Sodium Stearoyl Glutamate, Glyceryl Polymethacrylate, Adenosine, Disodium EDTA, Polyglyceryl-10 Laurate, Ethylhexyl Palmitate, Cabbage Extract, Lactobacillus Fermentation Water (200 ppm), ectoin, glycine, borage extract, Prickly pear extract, hydroxyproline, proline, hydrogenated lecithin, cyanocobalamin, centella asiatica extract, fig extract, ceramide NP, watermelon extract, strawberry extract, Hibiscus flower extract, hydrogenated polydecene, plum extract, pomegranate extract, apple extract, cranberry extract, isostearyl isostearate, polyglyceryl-2 stearate, isononyl isononanoate, evening primrose flower extract, king pine leaf extract, arrowroot extract, elm root extract, hyaluronic acid, hydrolyzed hyaluronic acid, hydrolyzed sodium hyaluronate, polyglyceryl-10 stearate, potassium high Aluronate, hydroxypropyltrimonium hyaluronate, sodium hyaluronate crosspolymer, cetearyl alcohol, sodium acetylated hyaluronate, SH-polypeptide-121 (20 ppb), SH-poly Peptide-50, palmitic acid, stearic acid, water-soluble collagen (10 ppb), safflower seed oil, hydrogenated phosphatidylcholine, evening primrose oil, squalane, potassium sorbate, acetyl hexapeptide-8, copper tripeptide-1, hexapeptide Peptide-9, palmitoylpentapeptide-4, palmitoyltripeptide-1, tripeptide-1, polyquaternium-51.<\/em><\/p>","protected":false},"excerpt":{"rendered":"<p>Veganska za\u0161titna krema sa laktokolagenom za povec\u0301anje elasti\u010dnosti i su\u017eavanje pora. 80ml<\/p>","protected":false},"featured_media":6735,"template":"","meta":[],"product_cat":[259,385,342,386,333,260,314],"product_tag":[307],"featured_image_urls":{"full":["https:\/\/medipeel.rs\/wp-content\/uploads\/2024\/05\/medi-peel-red-lacto-peptide-collagen-barrier-cream2.jpg",1200,1200,false],"thumbnail":["https:\/\/medipeel.rs\/wp-content\/uploads\/2024\/05\/medi-peel-red-lacto-peptide-collagen-barrier-cream2-150x150.jpg",150,150,true],"medium":["https:\/\/medipeel.rs\/wp-content\/uploads\/2024\/05\/medi-peel-red-lacto-peptide-collagen-barrier-cream2-300x300.jpg",300,300,true],"medium_large":["https:\/\/medipeel.rs\/wp-content\/uploads\/2024\/05\/medi-peel-red-lacto-peptide-collagen-barrier-cream2-768x768.jpg",768,768,true],"large":["https:\/\/medipeel.rs\/wp-content\/uploads\/2024\/05\/medi-peel-red-lacto-peptide-collagen-barrier-cream2-1024x1024.jpg",1024,1024,true],"1536x1536":["https:\/\/medipeel.rs\/wp-content\/uploads\/2024\/05\/medi-peel-red-lacto-peptide-collagen-barrier-cream2.jpg",1200,1200,false],"2048x2048":["https:\/\/medipeel.rs\/wp-content\/uploads\/2024\/05\/medi-peel-red-lacto-peptide-collagen-barrier-cream2.jpg",1200,1200,false],"trp-custom-language-flag":["https:\/\/medipeel.rs\/wp-content\/uploads\/2024\/05\/medi-peel-red-lacto-peptide-collagen-barrier-cream2-12x12.jpg",12,12,true],"vcmegaposts-masonry":["https:\/\/medipeel.rs\/wp-content\/uploads\/2024\/05\/medi-peel-red-lacto-peptide-collagen-barrier-cream2-500x500.jpg",500,500,true],"vcmegaposts-normal":["https:\/\/medipeel.rs\/wp-content\/uploads\/2024\/05\/medi-peel-red-lacto-peptide-collagen-barrier-cream2-800x800.jpg",800,800,true],"vcmegaposts-type1":["https:\/\/medipeel.rs\/wp-content\/uploads\/2024\/05\/medi-peel-red-lacto-peptide-collagen-barrier-cream2-800x500.jpg",800,500,true],"woocommerce_thumbnail":["https:\/\/medipeel.rs\/wp-content\/uploads\/2024\/05\/medi-peel-red-lacto-peptide-collagen-barrier-cream2-450x600.jpg",450,600,true],"woocommerce_single":["https:\/\/medipeel.rs\/wp-content\/uploads\/2024\/05\/medi-peel-red-lacto-peptide-collagen-barrier-cream2-600x600.jpg",600,600,true],"woocommerce_gallery_thumbnail":["https:\/\/medipeel.rs\/wp-content\/uploads\/2024\/05\/medi-peel-red-lacto-peptide-collagen-barrier-cream2-100x100.jpg",100,100,true]},"post_excerpt_stackable":"<p>\u0412\u0435\u0433\u0430\u043d\u0441\u043a\u0438\u0439 \u0437\u0430\u0449\u0438\u0442\u043d\u044b\u0439 \u043a\u0440\u0435\u043c \u0441 \u043b\u0430\u043a\u0442\u043e-\u043a\u043e\u043b\u043b\u0430\u0433\u0435\u043d\u043e\u043c \u0434\u043b\u044f \u043f\u043e\u0432\u044b\u0448\u0435\u043d\u0438\u044f \u044d\u043b\u0430\u0441\u0442\u0438\u0447\u043d\u043e\u0441\u0442\u0438 \u0438 \u0441\u0443\u0436\u0435\u043d\u0438\u044f \u043f\u043e\u0440. 80ml<\/p>\n","category_list":"","author_info":{"name":"","url":""},"comments_num":"0 comments","jetpack_sharing_enabled":true,"_links":{"self":[{"href":"https:\/\/medipeel.rs\/sr\/wp-json\/wp\/v2\/product\/6734"}],"collection":[{"href":"https:\/\/medipeel.rs\/sr\/wp-json\/wp\/v2\/product"}],"about":[{"href":"https:\/\/medipeel.rs\/sr\/wp-json\/wp\/v2\/types\/product"}],"version-history":[{"count":1,"href":"https:\/\/medipeel.rs\/sr\/wp-json\/wp\/v2\/product\/6734\/revisions"}],"predecessor-version":[{"id":6736,"href":"https:\/\/medipeel.rs\/sr\/wp-json\/wp\/v2\/product\/6734\/revisions\/6736"}],"wp:featuredmedia":[{"embeddable":true,"href":"https:\/\/medipeel.rs\/sr\/wp-json\/wp\/v2\/media\/6735"}],"wp:attachment":[{"href":"https:\/\/medipeel.rs\/sr\/wp-json\/wp\/v2\/media?parent=6734"}],"wp:term":[{"taxonomy":"product_cat","embeddable":true,"href":"https:\/\/medipeel.rs\/sr\/wp-json\/wp\/v2\/product_cat?post=6734"},{"taxonomy":"product_tag","embeddable":true,"href":"https:\/\/medipeel.rs\/sr\/wp-json\/wp\/v2\/product_tag?post=6734"}],"curies":[{"name":"wp","href":"https:\/\/api.w.org\/{rel}","templated":true}]}}