{"id":6737,"date":"2024-05-20T19:39:54","date_gmt":"2024-05-20T17:39:54","guid":{"rendered":"https:\/\/medipeel.rs\/?post_type=product&#038;p=6737"},"modified":"2026-04-25T13:10:12","modified_gmt":"2026-04-25T11:10:12","slug":"medi-peel-red-lacto-collagen-tightening-ampoule","status":"publish","type":"product","link":"https:\/\/medipeel.rs\/sr\/\u043f\u0440\u043e\u0438\u0437\u0432\u043e\u0434\/medi-peel-red-lacto-collagen-tightening-ampoule\/","title":{"rendered":"Medi-Peel Red Lacto Collagen Tightening Ampoule"},"content":{"rendered":"<p class=\" translation-block\">Veganski serum-ampula sa laktokolagenom za pobolj\u0161anje elasti\u010dnosti i su\u017eavanje pora Medi-Peel Red Lacto Collagen Tightening Ampoule je idealna za one koji \u017eele da smanje pojavu pora, pobolj\u0161aju \u010dvrstoc\u0301u ko\u017ee i obezbede dugotrajnu hidrataciju. Ima efekat zatezanja, poma\u017ee u borbi protiv pro\u0161irenih pora i pobolj\u0161ava teksturu ko\u017ee. Proizvod sveobuhvatno radi na pobolj\u0161anju stanja ko\u017ee sa pro\u0161irenim porama: smanjuje njihovu dubinu i izra\u017eenost, ujedna\u010dava teksturu lica i ja\u010da vlakna epidermisa. \u010cini ko\u017eu gu\u0161c\u0301u i ja\u010dom, zagla\u0111uje mikroreljef, vrac\u0301a \u010dvrstinu i elasti\u010dnost. Aktivno vla\u017ei i podsti\u010de zadr\u017eavanje vlage (eksperimentalno je potvr\u0111en efekat zadr\u017eavanja vlage u ko\u017ei do 200 sati), odr\u017eava optimalnu ravnote\u017eu hidro-lipida tokom celog dana. Umiruje iritaciju i crvenilo, smanjuje upale, ujedna\u010dava ton, uklanja crvenilo i daje mek, ujedna\u010den sjaj. Obnavlja i ja\u010da za\u0161titnu barijeru ko\u017ee, \u0161titi od agresivnog dejstva spolja\u0161njih faktora.<br>\nZahvaljujuc\u0301i najnovijoj tehnologiji inkapsulacije OGE\u2122, klju\u010dni aktivni sastojci se brzo apsorbuju za maksimalnu efikasnost.<br>\n\nGlavni aktivni sastojci:<br>\nLizat bifidobakterije i enzimi laktobacila efikasno su\u017eavaju pore, podr\u017eavaju prirodnu mikrofloru ko\u017ee, pobolj\u0161avaju strukturu kolagena, povec\u0301avaju elasti\u010dnost, pobolj\u0161avaju ten, reguli\u0161u proizvodnju melanina i olak\u0161avaju hiperpigmentaciju. Obnavljaju i ja\u010daju za\u0161titnu barijeru ko\u017ee, ja\u010daju imuni sistem i reguli\u0161u metabolizam.<br>\nVeganski T-Collagen kompleks je inovativna formula, sinergija kolagena tipove I, II i III, koji u kombinaciji sa patentiranim Syn-Collagen Booster\u2122 kompleksom povec\u0301ava elasti\u010dnost ko\u017ee, \u010dinec\u0301i je \u010dvr\u0161c\u0301om i zdravijom. Kolagen obnavlja strukturu epidermisa iznutra, ja\u010da c\u0301elijske zidove, pobolj\u0161ava metabolizam proteina. Podr\u017eava matricu ko\u017ee, poma\u017ee u izgla\u0111ivanju malih bora i nabora.<br>\nKompleks od 8 vrsta peptida obezbe\u0111uje duboku hidrataciju i izuzetnu glatkoc\u0301u ko\u017ee, deluje duboko protiv starenja, smanjuje pojavu bora i spre\u010dava nastanak novih, stimuli\u0161e procese obnove i regeneracije, usporava starenje c\u0301elija.<br>\n8 vrsta hijaluronske kiseline razli\u010dite molekularne te\u017eine formiraju za\u0161titni film na ko\u017ei, spre\u010davajuc\u0301i gubitak vlage, pobolj\u0161avaju za\u0161titne funkcije ko\u017ee, zadr\u017eavaju vlagu, prodiru u najdublje slojeve ko\u017ee,  izgla\u0111uje bore, povec\u0301ava elasti\u010dnost i regeneraciju c\u0301elija.<br>\nEktoin je aminokiselina koja \u0161titi c\u0301elije od stresa isu\u0161ivanja tako \u0161to ih okru\u017euje molekulima vode. Molekul ektoina mo\u017ee da privu\u010de i zadr\u017ei 4-5 molekula vode u blizini, odr\u017eavajuc\u0301i optimalan nivo hidratacije i \u0161titec\u0301i od dehidracije. Efikasan je prirodni antioksidans, blokira agresivno dejstvo UV zraka i potiskuje sintezu melanina, pobolj\u0161ava stanje ko\u017ee nakon izlaganja sun\u010devoj svetlosti i aktivno se bori protiv fotostarenja. Smanjuje upale ko\u017ee.<br>\nKompleks ekstrakta nara, jabuke, brusnice, jagode i \u0161ljive deluje antioksidativno, \u0161titi c\u0301elije od agresivnog uticaja spolja\u0161njih faktora, usporava proces starenja, omek\u0161ava ko\u017eu, vrac\u0301a sve\u017einu i prirodan sjaj licu.<br>\nSvi sastojci uklju\u010deni u ampulu su ozna\u010deni oznakom EWG Green, \u0161to garantuje najvi\u0161i nivo bezbednosti i ekolo\u0161ke prihvatljivosti. Formula je bez PEG-a, silikona i alkohola kako bi zadovoljila potrebe \u010dak i najosetljivijih tipova ko\u017ee.<br>\nZa izra\u017eeniji efekat preporu\u010duje se zajedni\u010dka upotreba tonera i za\u0161titnog krema iz serije Medi-Peel Red Lacto Collagen.<\/p>\n<p><strong>Na\u010din upotrebe:<\/strong> Nanesite nekoliko kapi ampule na o\u010di\u0161c\u0301enu i toniziranu ko\u017eu  i pa\u017eljivo rasporedite po licu. Ne\u017eno umasirajte proizvod u ko\u017eu i sa\u010dekajte da se upije. Nakon nanesite kremu.<\/p>\n<p><em>Originalna Medi-Peel korejska kozmetika u Srbiji i Crnoj Gori. Visokokvalitetna kuc\u0301na nega lica i tela.<\/em><\/p>\n<hr \/>\n<p><strong><em>Sastojci:<\/em> <\/strong><em>Purified water, octyldodecanol, coco-caprylate\/caprate, 1,2-hexanediol, niacinamide, glycerin, bifida fermentation lysate (8,700 ppm), butylene glycol, unsaponifiable hydrogenated olive oil. , Acrylate\/C10-30 alkyl acrylate crosspolymer, tromethamine, ethylhexylglycerin, xanthan gum, adenosine, disodium EDTA, cabbage extract, Lactobacillus fermentation (200 ppm), chamomile flower oil, ectoin , glycine, borage extract, purple chinensis extract, hydroxyproline, proline, cyanocobalamin, watermelon extract, strawberry extract, hibiscus flower extract, hydrogenated polydecene, plum extract, pomegranate extract, apple extract, cranberry extract, Isostearyl isostearate, polyglyceryl-2 stearate, isononyl isononanoate, evening primrose flower extract, giant pine leaf extract, arrowroot root extract, elm root extract, hyaluronic acid, hydrol. Rised Hyaluronic Acid, Hydrolyzed Sodium Hyaluronate, Polyglyceryl-10 Stearate, Potassium Hyaluronate, Sodium Hyaluronate, Hydroxypropyl Trimonium Hyaluronate, Sodium Hi Aluronate crosspolymer, cetearyl alcohol, sodium acetylated hyaluronate, sodium stearoyl glutamate, SH-polypeptide-121 (20 ppb), SH-polypeptide-50, palmitic acid, stearic Acid, soluble collagen (10 ppb), safflower seed oil, hydrogenated phosphatidylcholine, evening primrose oil, squalane, potassium sorbate, acetyl hexapeptide-8, ceramide NP, copper tripeptide-1, hexapeptide-9, palmitoyl penta Peptide-4, Palmitoyl Tripeptide-1, Tripeptide-1, Polyquaternium-51<\/em><\/p>","protected":false},"excerpt":{"rendered":"<p>Veganski serum-ampula sa laktokolagenom za pobolj\u0161anje elasti\u010dnosti i su\u017eavanje pora. 50ml<\/p>","protected":false},"featured_media":6738,"template":"","meta":[],"product_cat":[259,342,386,333,261,260,314],"product_tag":[307],"featured_image_urls":{"full":["https:\/\/medipeel.rs\/wp-content\/uploads\/2024\/05\/medi-peel-red-lacto-peptide-collagen-tightening-ampoule2.jpg",1200,1200,false],"thumbnail":["https:\/\/medipeel.rs\/wp-content\/uploads\/2024\/05\/medi-peel-red-lacto-peptide-collagen-tightening-ampoule2-150x150.jpg",150,150,true],"medium":["https:\/\/medipeel.rs\/wp-content\/uploads\/2024\/05\/medi-peel-red-lacto-peptide-collagen-tightening-ampoule2-300x300.jpg",300,300,true],"medium_large":["https:\/\/medipeel.rs\/wp-content\/uploads\/2024\/05\/medi-peel-red-lacto-peptide-collagen-tightening-ampoule2-768x768.jpg",768,768,true],"large":["https:\/\/medipeel.rs\/wp-content\/uploads\/2024\/05\/medi-peel-red-lacto-peptide-collagen-tightening-ampoule2-1024x1024.jpg",1024,1024,true],"1536x1536":["https:\/\/medipeel.rs\/wp-content\/uploads\/2024\/05\/medi-peel-red-lacto-peptide-collagen-tightening-ampoule2.jpg",1200,1200,false],"2048x2048":["https:\/\/medipeel.rs\/wp-content\/uploads\/2024\/05\/medi-peel-red-lacto-peptide-collagen-tightening-ampoule2.jpg",1200,1200,false],"trp-custom-language-flag":["https:\/\/medipeel.rs\/wp-content\/uploads\/2024\/05\/medi-peel-red-lacto-peptide-collagen-tightening-ampoule2-12x12.jpg",12,12,true],"vcmegaposts-masonry":["https:\/\/medipeel.rs\/wp-content\/uploads\/2024\/05\/medi-peel-red-lacto-peptide-collagen-tightening-ampoule2-500x500.jpg",500,500,true],"vcmegaposts-normal":["https:\/\/medipeel.rs\/wp-content\/uploads\/2024\/05\/medi-peel-red-lacto-peptide-collagen-tightening-ampoule2-800x800.jpg",800,800,true],"vcmegaposts-type1":["https:\/\/medipeel.rs\/wp-content\/uploads\/2024\/05\/medi-peel-red-lacto-peptide-collagen-tightening-ampoule2-800x500.jpg",800,500,true],"woocommerce_thumbnail":["https:\/\/medipeel.rs\/wp-content\/uploads\/2024\/05\/medi-peel-red-lacto-peptide-collagen-tightening-ampoule2-450x600.jpg",450,600,true],"woocommerce_single":["https:\/\/medipeel.rs\/wp-content\/uploads\/2024\/05\/medi-peel-red-lacto-peptide-collagen-tightening-ampoule2-600x600.jpg",600,600,true],"woocommerce_gallery_thumbnail":["https:\/\/medipeel.rs\/wp-content\/uploads\/2024\/05\/medi-peel-red-lacto-peptide-collagen-tightening-ampoule2-100x100.jpg",100,100,true]},"post_excerpt_stackable":"<p>\u0412\u0435\u0433\u0430\u043d\u0441\u043a\u0430\u044f \u0430\u043c\u043f\u0443\u043b\u044c\u043d\u0430\u044f \u0441\u044b\u0432\u043e\u0440\u043e\u0442\u043a\u0430 \u0441 \u043b\u0430\u043a\u0442\u043e\u043a\u043e\u043b\u043b\u0430\u0433\u0435\u043d\u043e\u043c \u0434\u043b\u044f \u043f\u043e\u0432\u044b\u0448\u0435\u043d\u0438\u044f \u044d\u043b\u0430\u0441\u0442\u0438\u0447\u043d\u043e\u0441\u0442\u0438 \u0438 \u0441\u0443\u0436\u0435\u043d\u0438\u044f \u043f\u043e\u0440. 50ml<\/p>\n","category_list":"","author_info":{"name":"","url":""},"comments_num":"0 comments","jetpack_sharing_enabled":true,"_links":{"self":[{"href":"https:\/\/medipeel.rs\/sr\/wp-json\/wp\/v2\/product\/6737"}],"collection":[{"href":"https:\/\/medipeel.rs\/sr\/wp-json\/wp\/v2\/product"}],"about":[{"href":"https:\/\/medipeel.rs\/sr\/wp-json\/wp\/v2\/types\/product"}],"version-history":[{"count":1,"href":"https:\/\/medipeel.rs\/sr\/wp-json\/wp\/v2\/product\/6737\/revisions"}],"predecessor-version":[{"id":6739,"href":"https:\/\/medipeel.rs\/sr\/wp-json\/wp\/v2\/product\/6737\/revisions\/6739"}],"wp:featuredmedia":[{"embeddable":true,"href":"https:\/\/medipeel.rs\/sr\/wp-json\/wp\/v2\/media\/6738"}],"wp:attachment":[{"href":"https:\/\/medipeel.rs\/sr\/wp-json\/wp\/v2\/media?parent=6737"}],"wp:term":[{"taxonomy":"product_cat","embeddable":true,"href":"https:\/\/medipeel.rs\/sr\/wp-json\/wp\/v2\/product_cat?post=6737"},{"taxonomy":"product_tag","embeddable":true,"href":"https:\/\/medipeel.rs\/sr\/wp-json\/wp\/v2\/product_tag?post=6737"}],"curies":[{"name":"wp","href":"https:\/\/api.w.org\/{rel}","templated":true}]}}