{"id":6840,"date":"2024-06-29T15:09:39","date_gmt":"2024-06-29T13:09:39","guid":{"rendered":"https:\/\/medipeel.rs\/?post_type=product&#038;p=6840"},"modified":"2025-12-28T13:25:22","modified_gmt":"2025-12-28T12:25:22","slug":"medi-peel-vegan-hyaluronic-acid-mooltox-modeling-cup-pack","status":"publish","type":"product","link":"https:\/\/medipeel.rs\/sr\/\u043f\u0440\u043e\u0438\u0437\u0432\u043e\u0434\/medi-peel-vegan-hyaluronic-acid-mooltox-modeling-cup-pack\/","title":{"rendered":"Medi-Peel Vegan Hyaluronic Acid Mooltox Modeling Cup Pack"},"content":{"rendered":"<p class=\" translation-block\">Hidratantna alginatna maska za modeliranje lica sa kompleksom hijaluronske kiseline i akvaporina Medi-Peel Vegan Hyaluronic Acid Mooltox Modeling Cup Pack je namenjena dehidriranoj ko\u017ei koja je izgubila elasti\u010dnost. Maska hladi, umiruje, dubinski vla\u017ei ko\u017eu, ja\u010da turgor, \u010dinec\u0301i je punom i elasti\u010dnom. Ujedna\u010dava ton i teksturu ko\u017ee, daje ko\u017ei glatkoc\u0301u i elasti\u010dnost.<br>\nZa razliku od klasi\u010dnih maski od tkanine, maska za modeliranje c\u0301e obezbediti \u010dvrsto prijanjanje \u010dak i na zakrivljenim delovima lica.<br>\nKlju\u010dna komponenta maske, hijaluronska kiselina je moc\u0301an humektant prirodno prisutan u ko\u017ei i poma\u017ee u odr\u017eavanju vla\u017enosti i elasti\u010dnosti. Deluje kao magnet za vlagu, pru\u017eajuc\u0301i duboku hidrataciju povr\u0161inskim slojevima ko\u017ee, \u0161to povec\u0301ava njenu glatkoc\u0301u i elasti\u010dnost.<br>\nAkvaporini su revolucionarni sastojci za negu ko\u017ee koji pobolj\u0161avaju kretanje vode izme\u0111u c\u0301elija ko\u017ee, promovi\u0161uc\u0301i optimalne nivoe hidratacije. Akvaporini povec\u0301avaju sposobnost ko\u017ee da zadr\u017ei vlagu, \u010dinec\u0301i je glatkom, mek\u0161om i elasti\u010dnijom.<br>\nCeramidi su molekuli lipida koji igraju klju\u010dnu ulogu u odr\u017eavanju barijere ko\u017ee, za\u0161titi od agresivnih spoljnih faktora i zadr\u017eavanju vlage. Ceramidi poma\u017eu u obnavljanju prirodne barijere ko\u017ee, podsti\u010duc\u0301i zdraviji ten.<br>\nAlgin je prirodni polisaharid dobijen iz sme\u0111ih algi, koji ima jedinstvenu sposobnost da privu\u010de ogroman broj molekula vode. Upravo ovo svojstvo \u010dini algin maske moc\u0301nim hidratantnim sredstvom koje mo\u017ee pa\u017eljivo da nadoknadi gubitak vode \u010dak i na najsuvoj i povre\u0111enoj ko\u017ei. Pored vla\u017eenja dubokih slojeva epidermisa, proizvodi sa alginatom imaju blagi antisepti\u010dki, antiinflamatorni, limfni drena\u017eni efekat, pobolj\u0161avaju mikrocirkulaciju, ja\u010daju epidermis i stvaraju efekat liftinga, izgla\u0111ujuc\u0301i fine bore.<br>\nMaska tako\u0111e uklju\u010duje me\u0161avinu od 10 razli\u010ditih peptida, koji u sinergiji sa gaziranom vodom pobolj\u0161avaju strukturu i funkciju ko\u017ee, promovi\u0161u njeno obnavljanje i podmla\u0111ivanje, obezbe\u0111ujuc\u0301i elasti\u010dnost, glatkoc\u0301u i mladost.<\/p>\n<p><strong>Na\u010din upotrebe:<\/strong> spatulom sipajte 7-8 ka\u0161ika vode i brzo prome\u0161ajte prah do guste konzistencije koja se nec\u0301e \u0161iriti. Nanesite masku na lice, ravnomerno je raspore\u0111ujuc\u0301i, sledec\u0301im redosledom: obrazi -&gt; brada -&gt; \u010delo -&gt; nos.  Posle 15-20 minuta skinite o\u010dvrsnutu masku, obri\u0161ite ko\u017eu tonikom i primenite osnovnu negu.<br \/>\nPreporu\u010dena upotreba 2-3 puta sedmi\u010dno.<\/p>\n<p><em>Originalna Medi-Peel korejska kozmetika u Srbiji i Crnoj Gori. Visokokvalitetna kuc\u0301na nega lica i tela.<\/em><\/p>\n<hr \/>\n<p><strong><em>Sastojci:<\/em> <\/strong><em>Diatomaceous Earth, Algin, Glucose, Calcium Sulfate, Tetrapotassium Pyrophosphate, Magnesium Carbonate, Carbonated Water (1,176 ppm), Titanium Dioxide, Water, 1,2-Hexanediol, Ceramide NP, Butylene Glycol, Glycerine, Glyceryl Glucoside, Inula Britannica Flower\/Leaf\/Stem Extract, Lactobacillus Ferment Lysate, Taraxacum Platycarpum Extract, Ixeridium Dentatum Extract, Sodium Hyaluronate (500 ppb), Glycine (1 ppb), Polyglyceryl-10 Laurate, Copper Tripeptide-1, Glutamic Acid (1 ppb), Acetyl Octapeptide-3, Acetyl Hexapeptide-8, Arginine (1 ppb), Tripeptide-1, Palmitoyl Tripeptide-1, Palmitoyl Tripeptide-5, Pentapeptide-3, Polyglutamic Acid (1 ppb), Hexapeptide-2, Hexapeptide-9, Palmitoyl Pentapeptide-4, Fragrance, Ultramarines<\/em><\/p>","protected":false},"excerpt":{"rendered":"<p>Hidratantna alginatna maska za modeliranje lica sa kompleksom hijaluronske kiseline i akvaporina. 28g<\/p>","protected":false},"featured_media":6841,"template":"","meta":[],"product_cat":[518,328,354,342,386,260,314],"product_tag":[443],"featured_image_urls":{"full":["https:\/\/medipeel.rs\/wp-content\/uploads\/2024\/07\/medi-peel-vegan-hyaluronic-acid-mooltox-modeling-cup-pack2.jpg",1200,1200,false],"thumbnail":["https:\/\/medipeel.rs\/wp-content\/uploads\/2024\/07\/medi-peel-vegan-hyaluronic-acid-mooltox-modeling-cup-pack2-150x150.jpg",150,150,true],"medium":["https:\/\/medipeel.rs\/wp-content\/uploads\/2024\/07\/medi-peel-vegan-hyaluronic-acid-mooltox-modeling-cup-pack2-300x300.jpg",300,300,true],"medium_large":["https:\/\/medipeel.rs\/wp-content\/uploads\/2024\/07\/medi-peel-vegan-hyaluronic-acid-mooltox-modeling-cup-pack2-768x768.jpg",768,768,true],"large":["https:\/\/medipeel.rs\/wp-content\/uploads\/2024\/07\/medi-peel-vegan-hyaluronic-acid-mooltox-modeling-cup-pack2-1024x1024.jpg",1024,1024,true],"1536x1536":["https:\/\/medipeel.rs\/wp-content\/uploads\/2024\/07\/medi-peel-vegan-hyaluronic-acid-mooltox-modeling-cup-pack2.jpg",1200,1200,false],"2048x2048":["https:\/\/medipeel.rs\/wp-content\/uploads\/2024\/07\/medi-peel-vegan-hyaluronic-acid-mooltox-modeling-cup-pack2.jpg",1200,1200,false],"trp-custom-language-flag":["https:\/\/medipeel.rs\/wp-content\/uploads\/2024\/07\/medi-peel-vegan-hyaluronic-acid-mooltox-modeling-cup-pack2-12x12.jpg",12,12,true],"vcmegaposts-masonry":["https:\/\/medipeel.rs\/wp-content\/uploads\/2024\/07\/medi-peel-vegan-hyaluronic-acid-mooltox-modeling-cup-pack2-500x500.jpg",500,500,true],"vcmegaposts-normal":["https:\/\/medipeel.rs\/wp-content\/uploads\/2024\/07\/medi-peel-vegan-hyaluronic-acid-mooltox-modeling-cup-pack2-800x800.jpg",800,800,true],"vcmegaposts-type1":["https:\/\/medipeel.rs\/wp-content\/uploads\/2024\/07\/medi-peel-vegan-hyaluronic-acid-mooltox-modeling-cup-pack2-800x500.jpg",800,500,true],"woocommerce_thumbnail":["https:\/\/medipeel.rs\/wp-content\/uploads\/2024\/07\/medi-peel-vegan-hyaluronic-acid-mooltox-modeling-cup-pack2-450x600.jpg",450,600,true],"woocommerce_single":["https:\/\/medipeel.rs\/wp-content\/uploads\/2024\/07\/medi-peel-vegan-hyaluronic-acid-mooltox-modeling-cup-pack2-600x600.jpg",600,600,true],"woocommerce_gallery_thumbnail":["https:\/\/medipeel.rs\/wp-content\/uploads\/2024\/07\/medi-peel-vegan-hyaluronic-acid-mooltox-modeling-cup-pack2-100x100.jpg",100,100,true]},"post_excerpt_stackable":"<p>\u0423\u0432\u043b\u0430\u0436\u043d\u044f\u044e\u0449\u0430\u044f \u0430\u043b\u044c\u0433\u0438\u043d\u0430\u0442\u043d\u0430\u044f \u043c\u043e\u0434\u0435\u043b\u0438\u0440\u0443\u044e\u0449\u0430\u044f \u043c\u0430\u0441\u043a\u0430 \u0434\u043b\u044f \u043b\u0438\u0446\u0430 \u0441 \u043a\u043e\u043c\u043f\u043b\u0435\u043a\u0441\u043e\u043c \u0433\u0438\u0430\u043b\u0443\u0440\u043e\u043d\u043e\u0432\u043e\u0439 \u043a\u0438\u0441\u043b\u043e\u0442\u044b \u0438 \u0430\u043a\u0432\u0430\u043f\u043e\u0440\u0438\u043d\u043e\u0432. 28g<\/p>\n","category_list":"","author_info":{"name":"","url":""},"comments_num":"0 comments","jetpack_sharing_enabled":true,"_links":{"self":[{"href":"https:\/\/medipeel.rs\/sr\/wp-json\/wp\/v2\/product\/6840"}],"collection":[{"href":"https:\/\/medipeel.rs\/sr\/wp-json\/wp\/v2\/product"}],"about":[{"href":"https:\/\/medipeel.rs\/sr\/wp-json\/wp\/v2\/types\/product"}],"version-history":[{"count":1,"href":"https:\/\/medipeel.rs\/sr\/wp-json\/wp\/v2\/product\/6840\/revisions"}],"predecessor-version":[{"id":6843,"href":"https:\/\/medipeel.rs\/sr\/wp-json\/wp\/v2\/product\/6840\/revisions\/6843"}],"wp:featuredmedia":[{"embeddable":true,"href":"https:\/\/medipeel.rs\/sr\/wp-json\/wp\/v2\/media\/6841"}],"wp:attachment":[{"href":"https:\/\/medipeel.rs\/sr\/wp-json\/wp\/v2\/media?parent=6840"}],"wp:term":[{"taxonomy":"product_cat","embeddable":true,"href":"https:\/\/medipeel.rs\/sr\/wp-json\/wp\/v2\/product_cat?post=6840"},{"taxonomy":"product_tag","embeddable":true,"href":"https:\/\/medipeel.rs\/sr\/wp-json\/wp\/v2\/product_tag?post=6840"}],"curies":[{"name":"wp","href":"https:\/\/api.w.org\/{rel}","templated":true}]}}