{"id":6848,"date":"2024-06-29T14:41:39","date_gmt":"2024-06-29T12:41:39","guid":{"rendered":"https:\/\/medipeel.rs\/?post_type=product&#038;p=6848"},"modified":"2025-12-28T13:25:47","modified_gmt":"2025-12-28T12:25:47","slug":"medi-peel-vegan-vitamin-collagen-modeling-cup-pack","status":"publish","type":"product","link":"https:\/\/medipeel.rs\/sr\/\u043f\u0440\u043e\u0438\u0437\u0432\u043e\u0434\/medi-peel-vegan-vitamin-collagen-modeling-cup-pack\/","title":{"rendered":"Medi-Peel Vegan Vitamin Collagen Modeling Cup Pack"},"content":{"rendered":"<p class=\" translation-block\">Posvetljujuc\u0301a alginatna maska za modeliranje lica sa ekstraktom limuna i kolagenom Medi-Peel Vegan Vitamin Collagen Modeling Cup Pack je dizajnirana za umornu ko\u017eu bez sjaja. Maska obnavlja ko\u017eu, tonizira i vla\u017ei, ne\u017eno posvetluje  pigmentaciju i fleke, ujedna\u010dava ton i daje ko\u017ei blistavost. <br>\nZa razliku od klasi\u010dnih maski od tkanine, maska za modeliranje c\u0301e obezbediti \u010dvrsto prijanjanje \u010dak i na zakrivljenim delovima lica.<br>\nKlju\u010dna komponenta maske je ekstrakt limuna, poznat po visokom sadr\u017eaju vitamina C. Moc\u0301an je antioksidans koji poma\u017ee u za\u0161titi ko\u017ee od nepovoljnih spoljnih faktora. Tako\u0111e ima prirodna adstringentna svojstva koja zate\u017eu i toniziraju ko\u017eu, povec\u0301avajuc\u0301i njenu ukupnu svetlost i jasnoc\u0301u.\nSna\u017ean antioksidans, vitamin C igra klju\u010dnu ulogu u sintezi kolagena i poma\u017ee u spre\u010davanju fotoo\u0161tec\u0301enja izazvanog ultraljubi\u010dastim zra\u010denjem. Poznat je po svojoj sposobnosti da posvetli ko\u017eu, smanji fine linije i bore i pobolj\u0161a ukupnu teksturu ko\u017ee.<br>\nNiacinamid (vitamin B3) ja\u010da ko\u017enu barijeru, smanjuje upale, olak\u0161ava hiperpigmentaciju i reguli\u0161e stvaranje masnoc\u0301e. Pobolj\u0161ava teksturu i ton ko\u017ee za ujedna\u010deniji ten.<br>\nPantenol, tako\u0111e poznat kao provitamin B5, ima efekat duboke hidratacije, poma\u017euc\u0301i da ko\u017ea bude meka, glatka i zdrava.<br>\nKolagen efikasno podsti\u010de obnavljanje ko\u017ee, smanjuje pojavu pora i bora, pobolj\u0161ava ukupnu teksturu ko\u017ee i povec\u0301ava njenu elasti\u010dnost. Maska koristi kolagen biljnog porekla, \u0161to \u010dini njen sastav bezbednim za vegane.<br>\nAlgin je prirodni polisaharid dobijen iz sme\u0111ih algi, koji ima jedinstvenu sposobnost da privu\u010de ogroman broj molekula vode. Upravo ovo svojstvo \u010dini algin maske moc\u0301nim hidratantnim sredstvom koje mo\u017ee pa\u017eljivo da nadoknadi gubitak vode \u010dak i na najsuvoj i povre\u0111enoj ko\u017ei. Pored vla\u017eenja dubokih slojeva epidermisa, proizvodi sa alginatom imaju blagi antisepti\u010dki, antiinflamatorni, limfni drena\u017eni efekat, pobolj\u0161avaju mikrocirkulaciju, ja\u010daju epidermis i stvaraju efekat liftinga, izgla\u0111ujuc\u0301i fine bore.<br>\nMaska tako\u0111e uklju\u010duje me\u0161avinu od 12 razli\u010ditih peptida, koji u sinergiji sa gaziranom vodom pobolj\u0161avaju strukturu i funkciju ko\u017ee, promovi\u0161u njeno obnavljanje i podmla\u0111ivanje, obezbe\u0111ujuc\u0301i elasti\u010dnost, glatkoc\u0301u i mladost.<\/p>\n<p><strong>Na\u010din upotrebe:<\/strong> spatulom sipajte 7-8 ka\u0161ika vode i brzo prome\u0161ajte prah do guste konzistencije koja se nec\u0301e \u0161iriti. Nanesite masku na lice, ravnomerno je raspore\u0111ujuc\u0301i, sledec\u0301im redosledom: obrazi -&gt; brada -&gt; \u010delo -&gt; nos.  Posle 15-20 minuta skinite o\u010dvrsnutu masku, obri\u0161ite ko\u017eu tonikom i primenite osnovnu negu.<br \/>\nPreporu\u010dena upotreba 2-3 puta sedmi\u010dno.<\/p>\n<p><em>Originalna Medi-Peel korejska kozmetika u Srbiji i Crnoj Gori. Visokokvalitetna kuc\u0301na nega lica i tela.<\/em><\/p>\n<hr \/>\n<p><strong><em>Sastojci:<\/em> <\/strong><em>Diatomaceous Earth, Algin, Glucose, Calcium Sulfate, Tetrapotassium Pyrophosphate, Magnesium Carbonate, Titanium Dioxide, Carbonated Water (980 ppm), Citrus Limon (Lemon) Peel Extract (1,000 ppb), Citrus Limon (Lemon) Fruit Extract (1,000 ppb), 1,2-Hexanediol, Glycerine, Water, Butylene Glycol, sh-Polypeptide-123 (1,000 ppb), Lactobacillus Ferment Filtrate, Poterium Officinale Root Extract, Piper Longum Fruit Extract, Niacinamide (20 ppb), sh-Polypeptide-121 (19.8 ppb), Polyglyceryl-10 Laurate, Collagen (1 ppb), Panthenol (1 ppb), Copper Tripeptide-1, Potassium Sorbate, Acetyl Octapeptide-3, Acetyl Hexapeptide-8, Tripeptide-1, Palmitoyl Tripeptide-1, Palmitoyl Tripeptide-5, Pentapeptide-3, Hexapeptide-2, Hexapeptide-9, Palmitoyl Pentapeptide-4, Gluconolactone, Retinol (0.001 ppb), Biotin (0.001 ppb), Cyanocobalamin (0.001 ppb), Ascorbic Acid (0.001 ppb), Tocopheryl Acetate (0.001 ppb), Fragrance, Iron Oxide Yellow<\/em><\/p>","protected":false},"excerpt":{"rendered":"<p>Posvetljujuc\u0301a alginatna maska za modeliranje lica sa ekstraktom limuna i kolagenom. 28g<\/p>","protected":false},"featured_media":6849,"template":"","meta":[],"product_cat":[518,502,328,354,272,342,386,382,260],"product_tag":[319],"featured_image_urls":{"full":["https:\/\/medipeel.rs\/wp-content\/uploads\/2024\/07\/medi-peel-vegan-vitamin-collagen-modeling-cup-pack2.jpg",1200,1200,false],"thumbnail":["https:\/\/medipeel.rs\/wp-content\/uploads\/2024\/07\/medi-peel-vegan-vitamin-collagen-modeling-cup-pack2-150x150.jpg",150,150,true],"medium":["https:\/\/medipeel.rs\/wp-content\/uploads\/2024\/07\/medi-peel-vegan-vitamin-collagen-modeling-cup-pack2-300x300.jpg",300,300,true],"medium_large":["https:\/\/medipeel.rs\/wp-content\/uploads\/2024\/07\/medi-peel-vegan-vitamin-collagen-modeling-cup-pack2-768x768.jpg",768,768,true],"large":["https:\/\/medipeel.rs\/wp-content\/uploads\/2024\/07\/medi-peel-vegan-vitamin-collagen-modeling-cup-pack2-1024x1024.jpg",1024,1024,true],"1536x1536":["https:\/\/medipeel.rs\/wp-content\/uploads\/2024\/07\/medi-peel-vegan-vitamin-collagen-modeling-cup-pack2.jpg",1200,1200,false],"2048x2048":["https:\/\/medipeel.rs\/wp-content\/uploads\/2024\/07\/medi-peel-vegan-vitamin-collagen-modeling-cup-pack2.jpg",1200,1200,false],"trp-custom-language-flag":["https:\/\/medipeel.rs\/wp-content\/uploads\/2024\/07\/medi-peel-vegan-vitamin-collagen-modeling-cup-pack2-12x12.jpg",12,12,true],"vcmegaposts-masonry":["https:\/\/medipeel.rs\/wp-content\/uploads\/2024\/07\/medi-peel-vegan-vitamin-collagen-modeling-cup-pack2-500x500.jpg",500,500,true],"vcmegaposts-normal":["https:\/\/medipeel.rs\/wp-content\/uploads\/2024\/07\/medi-peel-vegan-vitamin-collagen-modeling-cup-pack2-800x800.jpg",800,800,true],"vcmegaposts-type1":["https:\/\/medipeel.rs\/wp-content\/uploads\/2024\/07\/medi-peel-vegan-vitamin-collagen-modeling-cup-pack2-800x500.jpg",800,500,true],"woocommerce_thumbnail":["https:\/\/medipeel.rs\/wp-content\/uploads\/2024\/07\/medi-peel-vegan-vitamin-collagen-modeling-cup-pack2-450x600.jpg",450,600,true],"woocommerce_single":["https:\/\/medipeel.rs\/wp-content\/uploads\/2024\/07\/medi-peel-vegan-vitamin-collagen-modeling-cup-pack2-600x600.jpg",600,600,true],"woocommerce_gallery_thumbnail":["https:\/\/medipeel.rs\/wp-content\/uploads\/2024\/07\/medi-peel-vegan-vitamin-collagen-modeling-cup-pack2-100x100.jpg",100,100,true]},"post_excerpt_stackable":"<p>\u041e\u0441\u0432\u0435\u0442\u043b\u044f\u044e\u0449\u0430\u044f \u0430\u043b\u044c\u0433\u0438\u043d\u0430\u0442\u043d\u0430\u044f \u043c\u043e\u0434\u0435\u043b\u0438\u0440\u0443\u044e\u0449\u0430\u044f \u043c\u0430\u0441\u043a\u0430 \u0434\u043b\u044f \u043b\u0438\u0446\u0430 \u0441 \u044d\u043a\u0441\u0442\u0440\u0430\u043a\u0442\u043e\u043c \u043b\u0438\u043c\u043e\u043d\u0430 \u0438 \u043a\u043e\u043b\u043b\u0430\u0433\u0435\u043d\u043e\u043c. 28g<\/p>\n","category_list":"","author_info":{"name":"","url":""},"comments_num":"0 comments","jetpack_sharing_enabled":true,"_links":{"self":[{"href":"https:\/\/medipeel.rs\/sr\/wp-json\/wp\/v2\/product\/6848"}],"collection":[{"href":"https:\/\/medipeel.rs\/sr\/wp-json\/wp\/v2\/product"}],"about":[{"href":"https:\/\/medipeel.rs\/sr\/wp-json\/wp\/v2\/types\/product"}],"version-history":[{"count":1,"href":"https:\/\/medipeel.rs\/sr\/wp-json\/wp\/v2\/product\/6848\/revisions"}],"predecessor-version":[{"id":6851,"href":"https:\/\/medipeel.rs\/sr\/wp-json\/wp\/v2\/product\/6848\/revisions\/6851"}],"wp:featuredmedia":[{"embeddable":true,"href":"https:\/\/medipeel.rs\/sr\/wp-json\/wp\/v2\/media\/6849"}],"wp:attachment":[{"href":"https:\/\/medipeel.rs\/sr\/wp-json\/wp\/v2\/media?parent=6848"}],"wp:term":[{"taxonomy":"product_cat","embeddable":true,"href":"https:\/\/medipeel.rs\/sr\/wp-json\/wp\/v2\/product_cat?post=6848"},{"taxonomy":"product_tag","embeddable":true,"href":"https:\/\/medipeel.rs\/sr\/wp-json\/wp\/v2\/product_tag?post=6848"}],"curies":[{"name":"wp","href":"https:\/\/api.w.org\/{rel}","templated":true}]}}