{"id":6864,"date":"2024-06-29T10:32:31","date_gmt":"2024-06-29T08:32:31","guid":{"rendered":"https:\/\/medipeel.rs\/?post_type=product&#038;p=6864"},"modified":"2025-02-10T12:28:04","modified_gmt":"2025-02-10T11:28:04","slug":"medi-peel-premium-golden-camellia-wrinkle-essence","status":"publish","type":"product","link":"https:\/\/medipeel.rs\/sr\/\u043f\u0440\u043e\u0438\u0437\u0432\u043e\u0434\/medi-peel-premium-golden-camellia-wrinkle-essence\/","title":{"rendered":"Medi-Peel Premium Golden Camellia Wrinkle Essence"},"content":{"rendered":"<p class=\" translation-block\">Kiseoni\u010dna esencija protiv bora Medi-Peel Premium Golden Camellia Wrinkle Essence je vrhunski kompleksni proizvod specijalno dizajniran da pobolj\u0161a elasti\u010dnost ko\u017ee i smanji bore. Ovaj proizvod kombinuje inovativne sastojke i naprednu tehnologiju za postizanje najboljih rezultata. Ima intenzivna svojstva podmla\u0111ivanja, regeneri\u0161e matriks ko\u017ee i stimuli\u0161e stvaranje novih kolagenih vlakana. Smanjuje dubinu bora  i spre\u010dava pojavu novih bora. Ujedna\u010dava mikroreljef ko\u017ee, daje joj sjaj, \u010dini je glatkom i mekom, elimini\u0161e suvoc\u0301u i lju\u0161tenje. Vrac\u0301a hidrolipidni sloj ko\u017ee i ravnote\u017eu vode, zasic\u0301uje ko\u017eu vlagom, promovi\u0161e njeno zadr\u017eavanje u dubokim slojevima epidermisa. Proizvod zna\u010dajno pobolj\u0161ava za\u0161titne funkcije ko\u017ee, hrani je, deluje antioksidativno i bori se protiv slobodnih radikala, pokrec\u0301e procese regeneracije unutar c\u0301elija, pobolj\u0161ava cirkulaciju krvi i \u0161titi od negativnih efekata UV zraka.<br>\nEsencija ima vec\u0301u koncentraciju aktivnih sastojaka od tonera, emulzije ili kreme i prodire u dublje slojeve epidermisa. Mo\u017ee da zameni i toner i serum. A ako ga nanesete u nekoliko slojeva, delovac\u0301e kao maska. <br>\nInovativna formula kiseoni\u010dne esencije donosi vam novo iskustvo nege ko\u017ee jer stvara penu na va\u0161em licu kada se nanese. Kiseoni\u010dni mehuric\u0301i obezbe\u0111uju isporuku aktivnih sastojaka duboko u ko\u017eu, \u0161to proizvod \u010dini efikasnijim. Dobijate efekat ja\u010danja, hidratacije i sjaja koji je mnogo izra\u017eeniji nego kada koristite obi\u010dne esencije ili kreme.<br>\nFormulisan sa patentiranim Double Biome 150 hours\u2122 kompleksom ekstrakta Centella Asiatica i ulja semena kamelije, fermentisanim na niskoj temperaturi tokom 150 sati za maksimalne umirujuc\u0301e efekte i zdravu ko\u017eu. \nSadr\u017ei vi\u0161e polifenola od obi\u010dne kamelije, ekstrakt lista zlatne kamelije ima antiinflamatorna svojstva, poma\u017ee u smanjenju crvenila i iritacije ko\u017ee i spre\u010dava prevremeno starenje.<br>\nKombinacija 24-karatnog zlata, zlatnog pentapeptida i zlatnog vitamina C zna\u010dajno pobolj\u0161ava elasti\u010dnost ko\u017ee, hrani je i \u010dini je mla\u0111om i \u010dvr\u0161c\u0301om.\nZlatni vitamin C je lipozomalni vitaminski kompleks koji sadr\u017ei L-askorbinsku kiselinu, \u010disti sastojak vitamina C koji ima mnogo blagotvornih efekata na ko\u017eu. Ovo je vrhunska tehnologija inkapsulacije koja re\u0161ava problem hemijske nestabilnosti i oksidacije L-askorbinske kiseline. Zahvaljujuc\u0301i mikro\u010desticama koloidnog zlata i glutationa u kompleksu, poma\u017ee da se pobolj\u0161a prodiranje vitamina u ko\u017eu sa 100% efikasno\u0161c\u0301u i pobolj\u0161a njena hranljiva svojstva. Kada se redovno koristi, zlatni vitamin C daje ko\u017ei svetliji, ujedna\u010deniji ten, potiskuje proizvodnju melanina, poma\u017ee u osvetljavanju hiperpigmentacije i smanjenju intenziteta tamnih fleka.<br>\nZlatni pentapeptid efikasno uti\u010de na bore, smanjujuc\u0301i njihovu te\u017einu. Zahvaljujuc\u0301i multifaktorskom dejstvu atoma zlata na procese koji se de\u0161avaju u ko\u017ei, zna\u010dajno pobolj\u0161ava strukturu epidermisa, poja\u010dava sintezu kolagena i regeneraciju ko\u017ee. <br>\nOligo-HA\u2122 kompleks spre\u010dava starenje ko\u017ee, odr\u017eava njenu vla\u017enost i elasti\u010dnost.<br>\nFC CALMING SOE AL(H)\u2122 kompleks smanjuje iritaciju i crvenilo ko\u017ee.<br>\nTECA Hankook-001\u2122 tehnologija poma\u017ee antioksidativnim komponentama da prodru duboko u ko\u017eu, efikasno izgla\u0111ujuc\u0301i bore i vrac\u0301ajuc\u0301i teksturu ko\u017ee.<\/p>\n<p><strong>Na\u010din upotrebe:<\/strong> Nanesite kremu na prethodno o\u010di\u0161c\u0301enu ko\u017eu, utrljajte nje\u017enim pokretima dok se potpuno ne upije.<\/p>\n<p><em>Originalna Medi-Peel korejska kozmetika u Srbiji i Crnoj Gori. Visokokvalitetna kuc\u0301na nega lica i tela.<\/em><\/p>\n<hr \/>\n<p><strong><em>Sastojci:<\/em> <\/strong><em>Purified water, glycerin, methyl propanediol, methyl perfluoroisobutyl ether, caprylic\/capric triglyceride, methyl perfluorobutyl ether, 1,2-hexanediol, sodium lauroyl glutamate, Polyglyceryl-3 distearate, Ammonium acryloyldimethyltaurate\/VP copolymer, trilaureth-4 phosphate, cetearyl alcohol, alpha-bisabolol, Candida bombicola\/glucose\/methyl rapeseedate ferment, camellia seed oil (4,990 ppm), myristic acid, acrylate\/C10-30 alkyl acrylate crosspolymer, sorbitan oleate, tromethamine, butylene glycol, glyceryl stearate citrate, mica , titanium dioxide, ethylhexylglycerin, adenosine, hydrogenated lecithin, disodium EDTA, centella asiatica extract, fig extract, ceramide NP, gold (15 ppm), tocopherol, tin oxide, camellia leaf extract (1 ppm), Sorbitol, propanediol, hydrogenated polyisobutene, collagen extract, lactobacillus\/centella extract fermentation filtrate, polyglyceryl-10 laurate, hydrolyzed elastin, caprylyl glycol, xanthan gum, tripeptide-1, Leuconostoc\/non-fermented filtrate, hydrolyzed hyaluronic acid, ascorbic acid, palmitoyl pentapeptide-4, acetylhexapeptide-8, alanine\/histidine\/lysine polypeptide copper HCL, Copper Tripeptide-1, Palmitoyl Tripeptide-1, Hexapeptide-11, Hexapeptide-9, Glutathione, Madecassic Acid, Asiaticoside, Hydrolyzed Collagen, Nona Peptide-1, Asiatic Acid, Zimo Root Extract, water-soluble collagen, collagen, collagen amino acid, rosin hydrolyzed collagen, water-soluble collagen crosspolymer, atelocollagen, potassium myristoyl hydrolyzed collagen, fragrance, red iron oxide<\/em><\/p>","protected":false},"excerpt":{"rendered":"<p>Premium kiseoni\u010dna esencija protiv bora sa 24-karatnim zlatom, zlatnim pentapeptidom i zlatnim vitaminom C. 50ml<\/p>","protected":false},"featured_media":6865,"template":"","meta":[],"product_cat":[259,385,311,361,301,342,386,382,334,261,260,314],"product_tag":[519],"featured_image_urls":{"full":["https:\/\/medipeel.rs\/wp-content\/uploads\/2024\/07\/medi-peel-premium-golden-camellia-wrinkle-essence2.jpg",1200,1200,false],"thumbnail":["https:\/\/medipeel.rs\/wp-content\/uploads\/2024\/07\/medi-peel-premium-golden-camellia-wrinkle-essence2-150x150.jpg",150,150,true],"medium":["https:\/\/medipeel.rs\/wp-content\/uploads\/2024\/07\/medi-peel-premium-golden-camellia-wrinkle-essence2-300x300.jpg",300,300,true],"medium_large":["https:\/\/medipeel.rs\/wp-content\/uploads\/2024\/07\/medi-peel-premium-golden-camellia-wrinkle-essence2-768x768.jpg",768,768,true],"large":["https:\/\/medipeel.rs\/wp-content\/uploads\/2024\/07\/medi-peel-premium-golden-camellia-wrinkle-essence2-1024x1024.jpg",1024,1024,true],"1536x1536":["https:\/\/medipeel.rs\/wp-content\/uploads\/2024\/07\/medi-peel-premium-golden-camellia-wrinkle-essence2.jpg",1200,1200,false],"2048x2048":["https:\/\/medipeel.rs\/wp-content\/uploads\/2024\/07\/medi-peel-premium-golden-camellia-wrinkle-essence2.jpg",1200,1200,false],"trp-custom-language-flag":["https:\/\/medipeel.rs\/wp-content\/uploads\/2024\/07\/medi-peel-premium-golden-camellia-wrinkle-essence2-12x12.jpg",12,12,true],"vcmegaposts-masonry":["https:\/\/medipeel.rs\/wp-content\/uploads\/2024\/07\/medi-peel-premium-golden-camellia-wrinkle-essence2-500x500.jpg",500,500,true],"vcmegaposts-normal":["https:\/\/medipeel.rs\/wp-content\/uploads\/2024\/07\/medi-peel-premium-golden-camellia-wrinkle-essence2-800x800.jpg",800,800,true],"vcmegaposts-type1":["https:\/\/medipeel.rs\/wp-content\/uploads\/2024\/07\/medi-peel-premium-golden-camellia-wrinkle-essence2-800x500.jpg",800,500,true],"woocommerce_thumbnail":["https:\/\/medipeel.rs\/wp-content\/uploads\/2024\/07\/medi-peel-premium-golden-camellia-wrinkle-essence2-450x600.jpg",450,600,true],"woocommerce_single":["https:\/\/medipeel.rs\/wp-content\/uploads\/2024\/07\/medi-peel-premium-golden-camellia-wrinkle-essence2-600x600.jpg",600,600,true],"woocommerce_gallery_thumbnail":["https:\/\/medipeel.rs\/wp-content\/uploads\/2024\/07\/medi-peel-premium-golden-camellia-wrinkle-essence2-100x100.jpg",100,100,true]},"post_excerpt_stackable":"<p>\u041f\u0440\u0435\u043c\u0438\u0430\u043b\u044c\u043d\u0430\u044f \u043a\u0438\u0441\u043b\u043e\u0440\u043e\u0434\u043d\u0430\u044f \u044d\u0441\u0441\u0435\u043d\u0446\u0438\u044f \u043f\u0440\u043e\u0442\u0438\u0432 \u043c\u043e\u0440\u0449\u0438\u043d c 24-\u043a\u0430\u0440\u0430\u0442\u043d\u044b\u043c \u0437\u043e\u043b\u043e\u0442\u043e\u043c, \u043f\u0435\u043d\u0442\u0430\u043f\u0435\u043f\u0442\u0438\u0434\u043e\u043c \u0437\u043e\u043b\u043e\u0442\u0430 \u0438 \u0437\u043e\u043b\u043e\u0442\u044b\u043c \u0432\u0438\u0442\u0430\u043c\u0438\u043d\u043e\u043c \u0421. 50ml<\/p>\n","category_list":"","author_info":{"name":"","url":""},"comments_num":"0 comments","jetpack_sharing_enabled":true,"_links":{"self":[{"href":"https:\/\/medipeel.rs\/sr\/wp-json\/wp\/v2\/product\/6864"}],"collection":[{"href":"https:\/\/medipeel.rs\/sr\/wp-json\/wp\/v2\/product"}],"about":[{"href":"https:\/\/medipeel.rs\/sr\/wp-json\/wp\/v2\/types\/product"}],"version-history":[{"count":2,"href":"https:\/\/medipeel.rs\/sr\/wp-json\/wp\/v2\/product\/6864\/revisions"}],"predecessor-version":[{"id":7310,"href":"https:\/\/medipeel.rs\/sr\/wp-json\/wp\/v2\/product\/6864\/revisions\/7310"}],"wp:featuredmedia":[{"embeddable":true,"href":"https:\/\/medipeel.rs\/sr\/wp-json\/wp\/v2\/media\/6865"}],"wp:attachment":[{"href":"https:\/\/medipeel.rs\/sr\/wp-json\/wp\/v2\/media?parent=6864"}],"wp:term":[{"taxonomy":"product_cat","embeddable":true,"href":"https:\/\/medipeel.rs\/sr\/wp-json\/wp\/v2\/product_cat?post=6864"},{"taxonomy":"product_tag","embeddable":true,"href":"https:\/\/medipeel.rs\/sr\/wp-json\/wp\/v2\/product_tag?post=6864"}],"curies":[{"name":"wp","href":"https:\/\/api.w.org\/{rel}","templated":true}]}}