{"id":6867,"date":"2024-06-29T10:11:20","date_gmt":"2024-06-29T08:11:20","guid":{"rendered":"https:\/\/medipeel.rs\/?post_type=product&#038;p=6867"},"modified":"2026-04-22T20:52:44","modified_gmt":"2026-04-22T18:52:44","slug":"medi-peel-premium-golden-camellia-wrinkle-cream","status":"publish","type":"product","link":"https:\/\/medipeel.rs\/sr\/\u043f\u0440\u043e\u0438\u0437\u0432\u043e\u0434\/medi-peel-premium-golden-camellia-wrinkle-cream\/","title":{"rendered":"Medi-Peel Premium Golden Camellia Wrinkle Cream"},"content":{"rendered":"<p class=\" translation-block\">Medi-Peel Premium Golden Camellia krema protiv bora ima intenzivna svojstva protiv starenja, obnavlja matriks ko\u017ee i stimuli\u0161e stvaranje novih kolagenih vlakana. Smanjuje dubinu bora  i spre\u010dava pojavu novih. Ujedna\u010dava mikroreljef ko\u017ee, daje joj sjaj, \u010dini je glatkom i mekom, elimini\u0161e suvoc\u0301u i lju\u0161tenje. Vrac\u0301a hidrolipidni sloj ko\u017ee i ravnote\u017eu vode, zasic\u0301uje ko\u017eu vlagom, promovi\u0161e njeno zadr\u017eavanje u dubokim slojevima epidermisa. Proizvod zna\u010dajno pobolj\u0161ava za\u0161titne funkcije ko\u017ee, hrani je, deluje antioksidativno i bori se protiv slobodnih radikala, pokrec\u0301e procese regeneracije unutar c\u0301elija, pobolj\u0161ava cirkulaciju krvi i \u0161titi od negativnih efekata UV zraka.<br>\nKrema ima hranljivu teksturu koja \u010dvrsto prijanja uz ko\u017eu, obezbe\u0111ujuc\u0301i meko i duboko prodiranje aktivnih komponenti.<br>\nFormulisan sa patentiranim Double Biome 150 hours\u2122 kompleksom ekstrakta Centella Asiatica i ulja semena kamelije, fermentisanim na niskoj temperaturi tokom 150 sati za maksimalne umirujuc\u0301e efekte i zdravu ko\u017eu. \nSadr\u017ei vi\u0161e polifenola od obi\u010dne kamelije, ekstrakt lista zlatne kamelije ima antiinflamatorna svojstva, poma\u017ee u smanjenju crvenila i iritacije ko\u017ee i spre\u010dava prevremeno starenje.<br>\nKombinacija 24-karatnog zlata, zlatnog pentapeptida i zlatnog vitamina C zna\u010dajno pobolj\u0161ava elasti\u010dnost ko\u017ee, hrani je i \u010dini je mla\u0111om i \u010dvr\u0161c\u0301om.<br>\nZlatni vitamin C je lipozomalni vitaminski kompleks koji sadr\u017ei L-askorbinsku kiselinu, \u010disti sastojak vitamina C koji ima mnogo blagotvornih efekata na ko\u017eu. Ovo je vrhunska tehnologija inkapsulacije koja re\u0161ava problem hemijske nestabilnosti i oksidacije L-askorbinske kiseline. Zahvaljujuc\u0301i mikro\u010desticama koloidnog zlata i glutationa u kompleksu, poma\u017ee da se pobolj\u0161a prodiranje vitamina u ko\u017eu sa 100% efikasno\u0161c\u0301u i pobolj\u0161a njena hranljiva svojstva. Kada se redovno koristi, zlatni vitamin C daje ko\u017ei svetliji, ujedna\u010deniji ten, potiskuje proizvodnju melanina, poma\u017ee u osvetljavanju hiperpigmentacije i smanjenju intenziteta tamnih fleka.<br>\nZlatni pentapeptid efikasno uti\u010de na bore, smanjujuc\u0301i njihovu te\u017einu. Zahvaljujuc\u0301i multifaktorskom dejstvu atoma zlata na procese koji se de\u0161avaju u ko\u017ei, zna\u010dajno pobolj\u0161ava strukturu epidermisa, poja\u010dava sintezu kolagena i regeneraciju ko\u017ee. <br>\nOligo-HA\u2122 kompleks spre\u010dava starenje ko\u017ee, odr\u017eava njenu vla\u017enost i elasti\u010dnost.<br>\nFC CALMING SOE AL(H)\u2122 kompleks smanjuje iritaciju i crvenilo ko\u017ee.<br>\nTECA Hankook-001\u2122 tehnologija poma\u017ee antioksidativnim komponentama da prodru duboko u ko\u017eu, efikasno izgla\u0111ujuc\u0301i bore i vrac\u0301ajuc\u0301i teksturu ko\u017ee.<\/p>\n<p><strong>Na\u010din upotrebe:<\/strong> Nanesite kremu na prethodno o\u010di\u0161c\u0301enu ko\u017eu, utrljajte nje\u017enim pokretima dok se potpuno ne upije.<\/p>\n<p><em>Originalna Medi-Peel korejska kozmetika u Srbiji i Crnoj Gori. Visokokvalitetna kuc\u0301na nega lica i tela.<\/em><\/p>\n<hr \/>\n<p><strong><em>Sastojci:<\/em> <\/strong><em>Purified water, butylene glycol, pentaerythrityl tetraethylhexanoate, glycerin, diisostearyl maleate, hydrogenated poly(C6-14 olefin), isostearyl isostearate, 1,2-hexanediol , niacinamide, phytosteryl\/isostearyl\/cetyl\/stearyl\/behenyl dimer dilinoleate, hydrogenated polydecene, glyceryl stearate, cetearyl alcohol, dimethicone, caprylic\/capric, Triglyceride, bis-diglyceryl polyacyladipate-2, PEG-100 stearate, Methyl Hydrogenated Rosinate, shea butter, Candida bombicola\/glucose\/methyl rapeseedate ferment, C10-18 Triglycerides, camellia seed oil (4,990 ppm), polyglyceryl-2 stearate, polyacrylate crosspolymer-6, polyacrylate-13, guava leaf extract, black sumac fruit wax, stearyl alcohol, hydrogenated Lecithin, gardenia extract, polyisobutene, inulin lauryl carbamate, Lauryl Polyglyceryl-3 Polydimethylsiloxyethyl Dimethicone, potassium cetyl phosphate, Jeju bamboo extract, dextrin, mica, ethylhexylglycerin, Bogeum cactus Stem extract, titanium dioxide, adenosine, dimethiconol, polysorbate 20, sorbitan isostearate, centella asiatica extract, fig extract, sodium phytate, lactobacillus\/centella asiatica extract fermentation filtrate, sodium acrylate\/sodium acrylate, Dimethyl taurate copolymer, ceramide NP, gold (15 ppm), tocopherol, propanediol, sorbitol, camellia leaf extract (5 ppm), tin oxide, lauryl glucoside, caprylyl glycol, xanthan gum, Hydrogenated polyisobutene, collagen extract, hydrolyzed elastin, madecassic acid, asiaticoside, ascorbic acid, asiatic acid, leuconostoc\/non-fermented filtrate, glutathione, polyglyceryl-10 laurate, Hydrolyzed Hyaluronic Acid, Palmitoyl Pentapeptide-4, Tripeptide-1, Hydrolyzed Collagen, Zymo root Extract, Water-soluble Collagen, Collagen, Collagen Amino Acid, Acetyl Hexapeptide-8, Alanine\/Histidine \/Lysine polypeptide copper HCL, copper tripeptide-1, palmitoyl tripeptide-1, hexapeptide-11, hexapeptide-9, nonapeptide-1, rosin hydrolyzed collagen, water-soluble collagen crosspolymer, Atello Collagen, potassium myristoyl hydrolyzed collagen, fragrance, red iron oxide<\/em><\/p>","protected":false},"excerpt":{"rendered":"<p>Premium krema protiv bora sa 24-karatnim zlatom, zlatnim pentapeptidom i zlatnim vitaminom C. 50g<\/p>","protected":false},"featured_media":6868,"template":"","meta":[],"product_cat":[259,385,311,301,342,386,382,334,260,314],"product_tag":[519],"featured_image_urls":{"full":["https:\/\/medipeel.rs\/wp-content\/uploads\/2024\/07\/medi-peel-premium-golden-camellia-wrinkle-cream-2.jpg",1200,1200,false],"thumbnail":["https:\/\/medipeel.rs\/wp-content\/uploads\/2024\/07\/medi-peel-premium-golden-camellia-wrinkle-cream-2-150x150.jpg",150,150,true],"medium":["https:\/\/medipeel.rs\/wp-content\/uploads\/2024\/07\/medi-peel-premium-golden-camellia-wrinkle-cream-2-300x300.jpg",300,300,true],"medium_large":["https:\/\/medipeel.rs\/wp-content\/uploads\/2024\/07\/medi-peel-premium-golden-camellia-wrinkle-cream-2-768x768.jpg",768,768,true],"large":["https:\/\/medipeel.rs\/wp-content\/uploads\/2024\/07\/medi-peel-premium-golden-camellia-wrinkle-cream-2-1024x1024.jpg",1024,1024,true],"1536x1536":["https:\/\/medipeel.rs\/wp-content\/uploads\/2024\/07\/medi-peel-premium-golden-camellia-wrinkle-cream-2.jpg",1200,1200,false],"2048x2048":["https:\/\/medipeel.rs\/wp-content\/uploads\/2024\/07\/medi-peel-premium-golden-camellia-wrinkle-cream-2.jpg",1200,1200,false],"trp-custom-language-flag":["https:\/\/medipeel.rs\/wp-content\/uploads\/2024\/07\/medi-peel-premium-golden-camellia-wrinkle-cream-2-12x12.jpg",12,12,true],"vcmegaposts-masonry":["https:\/\/medipeel.rs\/wp-content\/uploads\/2024\/07\/medi-peel-premium-golden-camellia-wrinkle-cream-2-500x500.jpg",500,500,true],"vcmegaposts-normal":["https:\/\/medipeel.rs\/wp-content\/uploads\/2024\/07\/medi-peel-premium-golden-camellia-wrinkle-cream-2-800x800.jpg",800,800,true],"vcmegaposts-type1":["https:\/\/medipeel.rs\/wp-content\/uploads\/2024\/07\/medi-peel-premium-golden-camellia-wrinkle-cream-2-800x500.jpg",800,500,true],"woocommerce_thumbnail":["https:\/\/medipeel.rs\/wp-content\/uploads\/2024\/07\/medi-peel-premium-golden-camellia-wrinkle-cream-2-450x600.jpg",450,600,true],"woocommerce_single":["https:\/\/medipeel.rs\/wp-content\/uploads\/2024\/07\/medi-peel-premium-golden-camellia-wrinkle-cream-2-600x600.jpg",600,600,true],"woocommerce_gallery_thumbnail":["https:\/\/medipeel.rs\/wp-content\/uploads\/2024\/07\/medi-peel-premium-golden-camellia-wrinkle-cream-2-100x100.jpg",100,100,true]},"post_excerpt_stackable":"<p>\u041f\u0440\u0435\u043c\u0438\u0430\u043b\u044c\u043d\u044b\u0439 \u0440\u0430\u0437\u0433\u043b\u0430\u0436\u0438\u0432\u0430\u044e\u0449\u0438\u0439 \u043a\u0440\u0435\u043c \u043f\u0440\u043e\u0442\u0438\u0432 \u043c\u043e\u0440\u0449\u0438\u043d c 24-\u043a\u0430\u0440\u0430\u0442\u043d\u044b\u043c \u0437\u043e\u043b\u043e\u0442\u043e\u043c, \u043f\u0435\u043d\u0442\u0430\u043f\u0435\u043f\u0442\u0438\u0434\u043e\u043c \u0437\u043e\u043b\u043e\u0442\u0430 \u0438 \u0437\u043e\u043b\u043e\u0442\u044b\u043c \u0432\u0438\u0442\u0430\u043c\u0438\u043d\u043e\u043c \u0421. 50g<\/p>\n","category_list":"","author_info":{"name":"","url":""},"comments_num":"0 comments","jetpack_sharing_enabled":true,"_links":{"self":[{"href":"https:\/\/medipeel.rs\/sr\/wp-json\/wp\/v2\/product\/6867"}],"collection":[{"href":"https:\/\/medipeel.rs\/sr\/wp-json\/wp\/v2\/product"}],"about":[{"href":"https:\/\/medipeel.rs\/sr\/wp-json\/wp\/v2\/types\/product"}],"version-history":[{"count":1,"href":"https:\/\/medipeel.rs\/sr\/wp-json\/wp\/v2\/product\/6867\/revisions"}],"predecessor-version":[{"id":6869,"href":"https:\/\/medipeel.rs\/sr\/wp-json\/wp\/v2\/product\/6867\/revisions\/6869"}],"wp:featuredmedia":[{"embeddable":true,"href":"https:\/\/medipeel.rs\/sr\/wp-json\/wp\/v2\/media\/6868"}],"wp:attachment":[{"href":"https:\/\/medipeel.rs\/sr\/wp-json\/wp\/v2\/media?parent=6867"}],"wp:term":[{"taxonomy":"product_cat","embeddable":true,"href":"https:\/\/medipeel.rs\/sr\/wp-json\/wp\/v2\/product_cat?post=6867"},{"taxonomy":"product_tag","embeddable":true,"href":"https:\/\/medipeel.rs\/sr\/wp-json\/wp\/v2\/product_tag?post=6867"}],"curies":[{"name":"wp","href":"https:\/\/api.w.org\/{rel}","templated":true}]}}