{"id":7016,"date":"2024-08-22T19:53:01","date_gmt":"2024-08-22T17:53:01","guid":{"rendered":"https:\/\/medipeel.rs\/?post_type=product&#038;p=7016"},"modified":"2025-12-28T13:31:26","modified_gmt":"2025-12-28T12:31:26","slug":"medi-peel-red-lacto-collagen-cleansing-balm","status":"publish","type":"product","link":"https:\/\/medipeel.rs\/sr\/\u043f\u0440\u043e\u0438\u0437\u0432\u043e\u0434\/medi-peel-red-lacto-collagen-cleansing-balm\/","title":{"rendered":"Medi-Peel Red Lacto Collagen Cleansing Balm"},"content":{"rendered":"<p class=\" translation-block\">Mekani uljni balzam za dubinsko \u010di\u0161c\u0301enje ko\u017ee Medi-Peel Red Lacto Collagen Cleansing Balm sadr\u017ei biljna ulja poput ulja kajsije i semenki gro\u017e\u0111a, ulja avokada, koji delikatno uklanjaju razne ne\u010distoc\u0301e na ko\u017ei bez izazivanja iritacije. Efikasan u uklanjanju mitesera i sebuma u \u200b\u200bsamo jednoj aplikaciji. Uklanja vodootpornu \u0161minku, proizvode za za\u0161titu od sunca i toniranje. Povec\u0301ava \u010dvrstoc\u0301u i elasti\u010dnost ko\u017ee, su\u017eava pore, pobolj\u0161ava barijeru vla\u017enosti ko\u017ee.<br>\nBalzam se u dodiru sa ko\u017eom topi i pretvara u ulje. U kontaktu sa vodom, proizvod se emulguje i pretvara u mleko.<br>\nPogodno za osetljivu ko\u017eu.<br>\nLizat bifidobakterije i enzimi laktobacila efikasno su\u017eavaju pore, podr\u017eavaju prirodnu mikrofloru ko\u017ee, pobolj\u0161avaju strukturu kolagena, povec\u0301avaju elasti\u010dnost, pobolj\u0161avaju ten, reguli\u0161u proizvodnju melanina i olak\u0161avaju hiperpigmentaciju. Obnavljaju i ja\u010daju za\u0161titnu barijeru ko\u017ee, ja\u010daju imuni sistem i reguli\u0161u metabolizam.<br>\nVegan T-Collagen Complek je inovativna formula koja sinergizuje kolagen tipove I, II i III, koji u kombinaciji sa patentiranim Sin-Collagen Booster\u2122 kompleksom povec\u0301ava elasti\u010dnost ko\u017ee, \u010dinec\u0301i je \u010dvr\u0161c\u0301om i zdravijom. Kolagen obnavlja strukturu epidermisa iznutra, ja\u010da c\u0301elijske zidove, pobolj\u0161ava metabolizam proteina. Podr\u017eava matricu ko\u017ee, poma\u017ee u izgla\u0111ivanju malih bora i nabora.<\/p>\n<p><strong>Na\u010din upotrebe: <\/strong>Uzmite potrebnu koli\u010dinu balzama, nanesite na suvu ko\u017eu i ne\u017eno umasirajte da biste rastvorili \u0161minku. Lagano navla\u017eite vodom i ponovo masirajte. Isperite toplom vodom. Nakon toga operite penom ili gelom za \u010di\u0161c\u0301enje.<br \/>\nMo\u017ee se koristiti kao ulje za Guasha masa\u017eu.<br>\nPri otvaranju tube mogu\u0107e je curenje nekoliko kapi ulja.<\/p>\n<p><em>Originalna Medi-Peel korejska kozmetika u Srbiji i Crnoj Gori. Visokokvalitetna kuc\u0301na nega lica i tela.<\/em><\/p>\n<hr \/>\n<div>\n<p><em><strong><em>Sastojci:<\/em> <\/strong>Cetyl Ethylhexanoate, Purified Water, Glycerin, Butylene Glycol, Olive Oil Glycereth-8 Esters, C12-14 Alkes-12, Sodium Acrylate\/Sodium Acryloyldimethyl Taurate Copolymer, Polyisobutene, Hydroxyethyl Acrylate\/Sodium Acryloyldimethyl Taurate Copolymer, Artemisia Capillaris Extract, 1,2-Hexanediol, Glyceryl Caprylate, Sorbitan Oleate, Caprylyl\/Capryl Glucoside, Ethylhexylglycerin, Anise Fruit Extract, Viola Petal Extract, Sorbitan Isostearate, Common Jasmine Flower Water, Vanilla Fruit Extract, Caprylic\/Capric Triglyceride, Mallow Flower Extract, Hydrolyzed Collagen (200 ppm), Olive extract, Bitter almond seed extract, Lactobacillus ferment (98.58 ppm), Hydrogenated lecithin, Lactococcus ferment lysate (5.1 ppm), Ascorbic acid, Collagen (1.98 ppm), Caprylyl glycol, Bifida ferment lysate, Gluconolactone, Apricot kernel oil, Shea butter, Silica dimethyl silylate, Avocado oil, Grape seed oil, Polyglyceryl-10 behenate\/eicosadioate, Hydroxypropyl starch phosphate, Synthetic wax, Polyethylene, Collagen extract (0.85 ppm), Proline, Purple Angelica extract, Borage extract, Hydroxyproline, Drumstick seed extract, Potassium sorbate, Xanthan gum, Aminobutyric acid, White chrysanthemum extract, Centella asiatica extract, Polygonum multiflorum root extract, Evening primrose flower extract, Pine needle extract, Elm root extract, Kudzu root extract, Glycine, Coix seed extract, Glutamic acid, Arginine, Aspartic acid, Glucose, Serine, Lysine, Sodium hyaluronate, Threonine, Histidine, Cysteine, Irish moss extract, Tyrosine, Hydroxypropyltrimonium hyaluronate, Leucine, Methionine, Valine, Alanine, Isoleucine, Phenylalanine, Taurine, Ornithine, Hydrolyzed hyaluronic acid, Sodium acetylated hyaluronate, Hyaluronic acid, Sodium hyaluronate crosspolymer, Hydrolyzed sodium hyaluronate, Potassium hyaluronate<\/em><\/p>\n<\/div>","protected":false},"excerpt":{"rendered":"<p>Meki uljni balzam za dubinsko \u010di\u0161c\u0301enje ko\u017ee. 100ml<\/p>","protected":false},"featured_media":7017,"template":"","meta":[],"product_cat":[518,521,254,337,342,349,384,333],"product_tag":[307],"featured_image_urls":{"full":["https:\/\/medipeel.rs\/wp-content\/uploads\/2024\/08\/medi-peel-red-lacto-collagen-cleansing-balm2.jpg",1200,1200,false],"thumbnail":["https:\/\/medipeel.rs\/wp-content\/uploads\/2024\/08\/medi-peel-red-lacto-collagen-cleansing-balm2-150x150.jpg",150,150,true],"medium":["https:\/\/medipeel.rs\/wp-content\/uploads\/2024\/08\/medi-peel-red-lacto-collagen-cleansing-balm2-300x300.jpg",300,300,true],"medium_large":["https:\/\/medipeel.rs\/wp-content\/uploads\/2024\/08\/medi-peel-red-lacto-collagen-cleansing-balm2-768x768.jpg",768,768,true],"large":["https:\/\/medipeel.rs\/wp-content\/uploads\/2024\/08\/medi-peel-red-lacto-collagen-cleansing-balm2-1024x1024.jpg",1024,1024,true],"1536x1536":["https:\/\/medipeel.rs\/wp-content\/uploads\/2024\/08\/medi-peel-red-lacto-collagen-cleansing-balm2.jpg",1200,1200,false],"2048x2048":["https:\/\/medipeel.rs\/wp-content\/uploads\/2024\/08\/medi-peel-red-lacto-collagen-cleansing-balm2.jpg",1200,1200,false],"trp-custom-language-flag":["https:\/\/medipeel.rs\/wp-content\/uploads\/2024\/08\/medi-peel-red-lacto-collagen-cleansing-balm2-12x12.jpg",12,12,true],"vcmegaposts-masonry":["https:\/\/medipeel.rs\/wp-content\/uploads\/2024\/08\/medi-peel-red-lacto-collagen-cleansing-balm2-500x500.jpg",500,500,true],"vcmegaposts-normal":["https:\/\/medipeel.rs\/wp-content\/uploads\/2024\/08\/medi-peel-red-lacto-collagen-cleansing-balm2-800x800.jpg",800,800,true],"vcmegaposts-type1":["https:\/\/medipeel.rs\/wp-content\/uploads\/2024\/08\/medi-peel-red-lacto-collagen-cleansing-balm2-800x500.jpg",800,500,true],"woocommerce_thumbnail":["https:\/\/medipeel.rs\/wp-content\/uploads\/2024\/08\/medi-peel-red-lacto-collagen-cleansing-balm2-450x600.jpg",450,600,true],"woocommerce_single":["https:\/\/medipeel.rs\/wp-content\/uploads\/2024\/08\/medi-peel-red-lacto-collagen-cleansing-balm2-600x600.jpg",600,600,true],"woocommerce_gallery_thumbnail":["https:\/\/medipeel.rs\/wp-content\/uploads\/2024\/08\/medi-peel-red-lacto-collagen-cleansing-balm2-100x100.jpg",100,100,true]},"post_excerpt_stackable":"<p>\u041c\u044f\u0433\u043a\u0438\u0439 \u043c\u0430\u0441\u043b\u044f\u043d\u044b\u0439 \u0431\u0430\u043b\u044c\u0437\u0430\u043c \u0434\u043b\u044f \u0433\u043b\u0443\u0431\u043e\u043a\u043e\u0433\u043e \u043e\u0447\u0438\u0449\u0435\u043d\u0438\u044f \u043a\u043e\u0436\u0438. 100ml<\/p>\n","category_list":"","author_info":{"name":"","url":""},"comments_num":"0 comments","jetpack_sharing_enabled":true,"_links":{"self":[{"href":"https:\/\/medipeel.rs\/sr\/wp-json\/wp\/v2\/product\/7016"}],"collection":[{"href":"https:\/\/medipeel.rs\/sr\/wp-json\/wp\/v2\/product"}],"about":[{"href":"https:\/\/medipeel.rs\/sr\/wp-json\/wp\/v2\/types\/product"}],"version-history":[{"count":1,"href":"https:\/\/medipeel.rs\/sr\/wp-json\/wp\/v2\/product\/7016\/revisions"}],"predecessor-version":[{"id":7018,"href":"https:\/\/medipeel.rs\/sr\/wp-json\/wp\/v2\/product\/7016\/revisions\/7018"}],"wp:featuredmedia":[{"embeddable":true,"href":"https:\/\/medipeel.rs\/sr\/wp-json\/wp\/v2\/media\/7017"}],"wp:attachment":[{"href":"https:\/\/medipeel.rs\/sr\/wp-json\/wp\/v2\/media?parent=7016"}],"wp:term":[{"taxonomy":"product_cat","embeddable":true,"href":"https:\/\/medipeel.rs\/sr\/wp-json\/wp\/v2\/product_cat?post=7016"},{"taxonomy":"product_tag","embeddable":true,"href":"https:\/\/medipeel.rs\/sr\/wp-json\/wp\/v2\/product_tag?post=7016"}],"curies":[{"name":"wp","href":"https:\/\/api.w.org\/{rel}","templated":true}]}}