{"id":7578,"date":"2025-03-20T17:12:25","date_gmt":"2025-03-20T16:12:25","guid":{"rendered":"https:\/\/medipeel.rs\/?post_type=product&#038;p=7578"},"modified":"2025-12-18T19:17:45","modified_gmt":"2025-12-18T18:17:45","slug":"medi-peel-hyaluron-rose-moisture-ampoule-mask","status":"publish","type":"product","link":"https:\/\/medipeel.rs\/sr\/\u043f\u0440\u043e\u0438\u0437\u0432\u043e\u0434\/medi-peel-hyaluron-rose-moisture-ampoule-mask\/","title":{"rendered":"Medi-Peel Hyaluron Rose Moisture Ampoule Mask"},"content":{"rendered":"<p class=\" translation-block\">Hidratantna maska sa ru\u017einom vodom  stvorena je za dubinsku hidrataciju ko\u017ee, omek\u0161avanje i umirenje, pobolj\u0161anje \u010dvrsto\u0107e i pru\u017eanje zdravog sjaja. Formula maske kombinuje <i>ru\u017einu vodu<\/i>, <i>kompleks od 7 oblika hijaluronske kiseline<\/i> i <i>biljne ekstrakte<\/i>, koji obezbe\u0111uju intenzivnu hidrataciju, omek\u0161avanje i za\u0161titu ko\u017ee od dehidratacije.<br>  \n\nZahvaljuju\u0107i laganom i prozra\u010dnom sloju od Tencela, maska \u010dvrsto prijanja uz ko\u017eu, omogu\u0107avaju\u0107i efikasnu isporuku aktivnih sastojaka u dublje slojeve epidermisa.<br>  \n\nMaska je pogodna za sve tipove ko\u017ee, posebno za suvu, dehidriranu i osetljivu, sklonu crvenilu i ose\u0107aju zategnutosti.<br>  \n\nKlju\u010dni aktivni sastojci i njihovo delovanje:<br>  \n<i>Ru\u017eina voda<\/i> intenzivno hidrira i omek\u0161ava ko\u017eu, umiruje iritacije, ujedna\u010dava ten i pru\u017ea zdrav sjaj.<br>  \n<i>Kompleks od 7 oblika hijaluronske kiseline<\/i> dubinski hidrira ko\u017eu, zadr\u017eava vlagu, zagla\u0111uje mikroreljef i pove\u0107ava njenu elasti\u010dnost.<br>  \n<i>Ekstrakt centelle asiatice<\/i> ima izra\u017een umiruju\u0107i i regenerativni efekat, poma\u017ee u obnavljanju ko\u017ee nakon iritacija i o\u0161te\u0107enja.<br>  \n<i>Ekstrakt portulaka<\/i> \u2013 prirodni antioksidans, \u0161titi ko\u017eu od spolja\u0161njih iritansa i agresivnih faktora okoline, ima protivupalno dejstvo.<br>  \n<i>Betain<\/i> omek\u0161ava ko\u017eu, spre\u010dava gubitak vlage i elimini\u0161e ose\u0107aj zategnutosti.<br>  \n<i>Adenozin<\/i> poma\u017ee u smanjenju vidljivosti bora, pove\u0107ava \u010dvrsto\u0107u i elasti\u010dnost ko\u017ee, bori se protiv znakova starenja.<\/p>\n<p><strong>Na\u010din upotrebe:<\/strong> O\u010distite ko\u017eu, nanesite tonik, zatim nanesite masku na lice i ostavite da deluje 20-30 minuta. Preostalu esenciju ne\u017eno umasirajte u ko\u017eu lica, vrata i dekoltea.<\/p>\n<hr \/>\n<p><em><strong>\u0421\u043e\u0441\u0442\u0430\u0432:<\/strong> Water, Glycerin, Dipropylene Glycol, Rosa Damascena Flower Water (250.2 ppm), Rosa Centifolia Flower Water (252.2 ppm), Centella Asiatica Extract, Sodium Hyaluronate (110.2 ppm), Hydroxypropyltrimonium Hyaluronate (1 ppm), Sodium Acetylated Hyaluronate (0.1 ppm), Hydrolyzed Hyaluronic Acid (0.1 ppm), Hyaluronic Acid (25 ppb), Sodium Hyaluronate Crosspolymer (10 ppb), Hydrolyzed Sodium Hyaluronate (10 ppb), Potassium Hyaluronate (2 ppb), Xylitylglucoside, Anhydroxylitol, Xylitol, Portulaca Oleracea Extract, Hydroxyethylcellulose, 1,2-Hexanediol, Betaine, Disodium EDTA, Adenosine, Carbomer, Butylene Glycol, Ethylhexylglycerin, Hydroxyacetophenone, Caprylyl Glycol, Tromethamine, Phenoxyethanol, Fragrance.<\/em><\/p>\n<div><\/div>","protected":false},"excerpt":{"rendered":"<p>Hidratantna maska sa ru\u017einom vodom za  omek\u0161avanje i umirenje ko\u017ei. 30ml<\/p>","protected":false},"featured_media":7664,"template":"","meta":[],"product_cat":[518,441,264,359,342,346,348,349,386,334,260,314],"product_tag":[],"featured_image_urls":{"full":["https:\/\/medipeel.rs\/wp-content\/uploads\/2025\/03\/medi-peel-hyaluron-rose-moisture-ampoule-mask1.jpg",1384,1385,false],"thumbnail":["https:\/\/medipeel.rs\/wp-content\/uploads\/2025\/03\/medi-peel-hyaluron-rose-moisture-ampoule-mask1-150x150.jpg",150,150,true],"medium":["https:\/\/medipeel.rs\/wp-content\/uploads\/2025\/03\/medi-peel-hyaluron-rose-moisture-ampoule-mask1-300x300.jpg",300,300,true],"medium_large":["https:\/\/medipeel.rs\/wp-content\/uploads\/2025\/03\/medi-peel-hyaluron-rose-moisture-ampoule-mask1-768x769.jpg",768,769,true],"large":["https:\/\/medipeel.rs\/wp-content\/uploads\/2025\/03\/medi-peel-hyaluron-rose-moisture-ampoule-mask1-1024x1024.jpg",1024,1024,true],"1536x1536":["https:\/\/medipeel.rs\/wp-content\/uploads\/2025\/03\/medi-peel-hyaluron-rose-moisture-ampoule-mask1.jpg",1384,1385,false],"2048x2048":["https:\/\/medipeel.rs\/wp-content\/uploads\/2025\/03\/medi-peel-hyaluron-rose-moisture-ampoule-mask1.jpg",1384,1385,false],"trp-custom-language-flag":["https:\/\/medipeel.rs\/wp-content\/uploads\/2025\/03\/medi-peel-hyaluron-rose-moisture-ampoule-mask1-12x12.jpg",12,12,true],"vcmegaposts-masonry":["https:\/\/medipeel.rs\/wp-content\/uploads\/2025\/03\/medi-peel-hyaluron-rose-moisture-ampoule-mask1-500x500.jpg",500,500,true],"vcmegaposts-normal":["https:\/\/medipeel.rs\/wp-content\/uploads\/2025\/03\/medi-peel-hyaluron-rose-moisture-ampoule-mask1-800x800.jpg",800,800,true],"vcmegaposts-type1":["https:\/\/medipeel.rs\/wp-content\/uploads\/2025\/03\/medi-peel-hyaluron-rose-moisture-ampoule-mask1-800x500.jpg",800,500,true],"woocommerce_thumbnail":["https:\/\/medipeel.rs\/wp-content\/uploads\/2025\/03\/medi-peel-hyaluron-rose-moisture-ampoule-mask1-450x600.jpg",450,600,true],"woocommerce_single":["https:\/\/medipeel.rs\/wp-content\/uploads\/2025\/03\/medi-peel-hyaluron-rose-moisture-ampoule-mask1-600x600.jpg",600,600,true],"woocommerce_gallery_thumbnail":["https:\/\/medipeel.rs\/wp-content\/uploads\/2025\/03\/medi-peel-hyaluron-rose-moisture-ampoule-mask1-100x100.jpg",100,100,true]},"post_excerpt_stackable":"<p>\u0423\u0432\u043b\u0430\u0436\u043d\u044f\u044e\u0449\u0430\u044f \u043c\u0430\u0441\u043a\u0430 \u0441 \u0440\u043e\u0437\u043e\u0432\u043e\u0439 \u0432\u043e\u0434\u043e\u0439 \u0434\u043b\u044f \u0441\u043c\u044f\u0433\u0447\u0435\u043d\u0438\u044f \u0438 \u0443\u0441\u043f\u043e\u043a\u043e\u0435\u043d\u0438\u044f \u043a\u043e\u0436\u0438. 30ml<\/p>\n","category_list":"","author_info":{"name":"","url":""},"comments_num":"0 comments","jetpack_sharing_enabled":true,"_links":{"self":[{"href":"https:\/\/medipeel.rs\/sr\/wp-json\/wp\/v2\/product\/7578"}],"collection":[{"href":"https:\/\/medipeel.rs\/sr\/wp-json\/wp\/v2\/product"}],"about":[{"href":"https:\/\/medipeel.rs\/sr\/wp-json\/wp\/v2\/types\/product"}],"version-history":[{"count":3,"href":"https:\/\/medipeel.rs\/sr\/wp-json\/wp\/v2\/product\/7578\/revisions"}],"predecessor-version":[{"id":7665,"href":"https:\/\/medipeel.rs\/sr\/wp-json\/wp\/v2\/product\/7578\/revisions\/7665"}],"wp:featuredmedia":[{"embeddable":true,"href":"https:\/\/medipeel.rs\/sr\/wp-json\/wp\/v2\/media\/7664"}],"wp:attachment":[{"href":"https:\/\/medipeel.rs\/sr\/wp-json\/wp\/v2\/media?parent=7578"}],"wp:term":[{"taxonomy":"product_cat","embeddable":true,"href":"https:\/\/medipeel.rs\/sr\/wp-json\/wp\/v2\/product_cat?post=7578"},{"taxonomy":"product_tag","embeddable":true,"href":"https:\/\/medipeel.rs\/sr\/wp-json\/wp\/v2\/product_tag?post=7578"}],"curies":[{"name":"wp","href":"https:\/\/api.w.org\/{rel}","templated":true}]}}