{"id":7584,"date":"2025-03-20T16:04:02","date_gmt":"2025-03-20T15:04:02","guid":{"rendered":"https:\/\/medipeel.rs\/?post_type=product&#038;p=7584"},"modified":"2025-12-05T12:05:15","modified_gmt":"2025-12-05T11:05:15","slug":"medi-peel-tox-bor-gold-boosting-mask-2","status":"publish","type":"product","link":"https:\/\/medipeel.rs\/sr\/\u043f\u0440\u043e\u0438\u0437\u0432\u043e\u0434\/medi-peel-tox-bor-gold-boosting-mask-2\/","title":{"rendered":"Medi-Peel Tox-Bor Gold Boosting Mask"},"content":{"rendered":"<p class=\" translation-block\">Hranljiva maska sa zlatom, fermentima i peptidima deluje protiv starenja, intenzivno hidrira i ja\u010da ko\u017eu. Kompleks fermentisanih ekstrakata pobolj\u0161ava tonus i teksturu ko\u017ee, pospe\u0161uje apsorpciju aktivnih sastojaka i pru\u017ea sve\u017e, negovan izgled. Hijaluronski multikompleks obezbe\u0111uje duboku i dugotrajnu hidrataciju. Peptidi, kolagen i elastin poma\u017eu u zagla\u0111ivanju bora, pove\u0107avaju elasti\u010dnost i gustinu ko\u017ee. Ekstrakti runolista, islandske mahovine i morskih algi deluju antioksidativno i umiruju\u0107e.<br>Maska je idealna za one koji prime\u0107uju gubitak \u010dvrstine, ose\u0107aju suvo\u0107u i nedostatak ishrane, \u017eele trenutni efekat nege ili tra\u017ee proizvod koji kombinuje anti-age delovanje sa dubokom hidratacijom. Poma\u017ee kod problema kao \u0161to su gubitak elasti\u010dnosti, pojava bora, dehidratacija, siv ten, neujedna\u010dena tekstura i nedostatak sjaja.<br>Nakon upotrebe ko\u017ea postaje hidrirana, nahranjena i zategnutija. Bore se ubla\u017eavaju, tekstura se izjedna\u010dava, a ten dobija zdrav sjaj. Vra\u0107a se volumen ko\u017ee, nestaje ose\u0107aj suvo\u0107e i zatezanja, ostavljaju\u0107i ko\u017eu mekom i prijatnom na dodir.<br>\nZahvaljuju\u0107i mekom veganskom listu od materijala Tencel, maska \u010dvrsto prianja uz ko\u017eu, ne izazivaju\u0107i iritacije, i poma\u017ee aktivnim komponentama da prodru u dublje slojeve. Obilno natopljena esencijom, brzo se upija, ispunjavaju\u0107i ko\u017eu korisnim elementima i ostavljaju\u0107i ose\u0107aj udobnosti i sve\u017eine.<br>  \nKlju\u010dni aktivni sastojci:<br>  \n<i>Adenozin<\/i> \u2013 podsti\u010de proizvodnju kolagena i elastina, pobolj\u0161ava elasti\u010dnost ko\u017ee, zagla\u0111uje bore.<br>  \n<i>Hidrolizovani kolagen<\/i> pobolj\u0161ava elasti\u010dnost ko\u017ee, zasi\u0107uje je vlagom i ja\u010da njenu strukturu. Prodire duboko u epidermu, poma\u017eu\u0107i u zagla\u0111ivanju bora i obnavljanju \u010dvrsto\u0107e.<br>  \n<i>Hidrolizovani elastin<\/i> obnavlja elasti\u010dnost i tonus ko\u017ee, pobolj\u0161avaju\u0107i njenu gustinu. Ovaj sastojak poma\u017ee u odr\u017eavanju prirodnog okvira ko\u017ee, spre\u010davaju\u0107i opu\u0161tanje i gubitak volumena.<br>  \n<i>Peptidi<\/i> (kopritrpeptid-1, palmitoilpentapeptid-4, acetilheksapeptid-8, palmitoiltripeptid-1, palmitoiltetrapeptid-7) \u2013 aktiviraju procese regeneracije, podsti\u010du sintezu kolagena, ja\u010daju ko\u017eu.<br>  \n<i>Hidrolizovana hijaluronska kiselina<\/i> i njeni derivati intenzivno hidriraju ko\u017eu, zadr\u017eavaju vlagu i spre\u010davaju dehidrataciju.<br>  \nDodatni aktivni sastojci:<br>  \n<i>Tokoferol (vitamin E)<\/i> \u2013 sna\u017ean antioksidans, \u0161titi ko\u017eu od slobodnih radikala, hrani i omek\u0161ava.<br>  \n<i>Zlato (0,1 promila)<\/i> pobolj\u0161ava mikrocirkulaciju, pospe\u0161uje prodiranje aktivnih sastojaka i daje ko\u017ei sjaj.<br>  \nKompleks fermentisanih ekstrakata (<i>pirina\u010d, je\u010dam, soja, nar, kru\u0161ka, laktobacili, laktokoki<\/i>) \u2013 zasi\u0107uje ko\u017eu hranljivim materijama i podr\u017eava njeno obnavljanje.<br>  \nBiljni ekstrakti (<i>edelweiss, mahovina, Jania Rubens<\/i>) \u2013 ja\u010daju za\u0161titnu barijeru ko\u017ee i pru\u017eaju antioksidativno delovanje.<\/p>\n<p><strong>Na\u010din upotrebe:<\/strong> O\u010distite ko\u017eu, nanesite tonik, zatim nanesite masku na lice i ostavite da deluje 20-30 minuta. Preostalu esenciju ne\u017eno umasirajte u ko\u017eu lica, vrata i dekoltea.<\/p>\n<hr \/>\n<p><em><strong>\u0421\u043e\u0441\u0442\u0430\u0432: <\/strong>Purified Water, Glycerin, Dipropylene Glycol, 1,2-Hexanediol, Betaine, Allantoin, Adenosine, Rice Ferment Filtrate, Butylene Glycol, Lactobacillus Ferment, Propanediol, Sodium Hyaluronate, Hydrolyzed Collagen, Hydrogenated Polyisobutene, Yeast\/Barley Seed Ferment Filtrate, Lactobacillus\/Soybean Ferment Extract, Lactobacillus\/Pomegranate Ferment Extract, Lactobacillus\/Pear Juice Ferment Filtrate, Edelweiss Callus Culture Extract, Irish Moss Extract, Lactococcus Ferment, Hydrolyzed Elastin, Jania Rubens Extract, Hydroxypropyltrimonium Hyaluronate, Gold (0.1 ppm), Copper Tripeptide-1, Acetylated Sodium Hyaluronate, Palmitoyl Pentapeptide-4, Hydrolyzed Hyaluronic Acid, Acetyl Hexapeptide-8, Palmitoyl Tripeptide-1, Palmitoyl Tetrapeptide-7, Hyaluronic Acid, Sodium Hyaluronate Crosspolymer, Hydrolyzed Sodium Hyaluronate, Zymo Root Extract (4 ppm), Potassium Hyaluronate, Carbomer, Arginine, Xanthan Gum, Polysorbate 20, Tocopherol, Disodium EDTA, Ethylhexylglycerin, Fragrance<\/em><\/p>\n<div><\/div>","protected":false},"excerpt":{"rendered":"<p>Hranljiva maska za pove\u0107anje elasti\u010dnosti ko\u017ee sa zlatom. 25ml<\/p>","protected":false},"featured_media":7542,"template":"","meta":[],"product_cat":[259,264,359,301,342,346,386,334,260],"product_tag":[310],"featured_image_urls":{"full":["https:\/\/medipeel.rs\/wp-content\/uploads\/2025\/03\/medi-peel-tox-bor-gold-boosting-mask1.jpg",1200,1200,false],"thumbnail":["https:\/\/medipeel.rs\/wp-content\/uploads\/2025\/03\/medi-peel-tox-bor-gold-boosting-mask1-150x150.jpg",150,150,true],"medium":["https:\/\/medipeel.rs\/wp-content\/uploads\/2025\/03\/medi-peel-tox-bor-gold-boosting-mask1-300x300.jpg",300,300,true],"medium_large":["https:\/\/medipeel.rs\/wp-content\/uploads\/2025\/03\/medi-peel-tox-bor-gold-boosting-mask1-768x768.jpg",768,768,true],"large":["https:\/\/medipeel.rs\/wp-content\/uploads\/2025\/03\/medi-peel-tox-bor-gold-boosting-mask1-1024x1024.jpg",1024,1024,true],"1536x1536":["https:\/\/medipeel.rs\/wp-content\/uploads\/2025\/03\/medi-peel-tox-bor-gold-boosting-mask1.jpg",1200,1200,false],"2048x2048":["https:\/\/medipeel.rs\/wp-content\/uploads\/2025\/03\/medi-peel-tox-bor-gold-boosting-mask1.jpg",1200,1200,false],"trp-custom-language-flag":["https:\/\/medipeel.rs\/wp-content\/uploads\/2025\/03\/medi-peel-tox-bor-gold-boosting-mask1-12x12.jpg",12,12,true],"vcmegaposts-masonry":["https:\/\/medipeel.rs\/wp-content\/uploads\/2025\/03\/medi-peel-tox-bor-gold-boosting-mask1-500x500.jpg",500,500,true],"vcmegaposts-normal":["https:\/\/medipeel.rs\/wp-content\/uploads\/2025\/03\/medi-peel-tox-bor-gold-boosting-mask1-800x800.jpg",800,800,true],"vcmegaposts-type1":["https:\/\/medipeel.rs\/wp-content\/uploads\/2025\/03\/medi-peel-tox-bor-gold-boosting-mask1-800x500.jpg",800,500,true],"woocommerce_thumbnail":["https:\/\/medipeel.rs\/wp-content\/uploads\/2025\/03\/medi-peel-tox-bor-gold-boosting-mask1-450x600.jpg",450,600,true],"woocommerce_single":["https:\/\/medipeel.rs\/wp-content\/uploads\/2025\/03\/medi-peel-tox-bor-gold-boosting-mask1-600x600.jpg",600,600,true],"woocommerce_gallery_thumbnail":["https:\/\/medipeel.rs\/wp-content\/uploads\/2025\/03\/medi-peel-tox-bor-gold-boosting-mask1-100x100.jpg",100,100,true]},"post_excerpt_stackable":"<p>\u041f\u0438\u0442\u0430\u0442\u0435\u043b\u044c\u043d\u0430\u044f \u043c\u0430\u0441\u043a\u0430 \u0434\u043b\u044f \u043f\u043e\u0432\u044b\u0448\u0435\u043d\u0438\u044f \u0443\u043f\u0440\u0443\u0433\u043e\u0441\u0442\u0438 \u043a\u043e\u0436\u0438 c \u0437\u043e\u043b\u043e\u0442\u043e\u043c. 25ml<\/p>\n","category_list":"","author_info":{"name":"","url":""},"comments_num":"0 comments","jetpack_sharing_enabled":true,"_links":{"self":[{"href":"https:\/\/medipeel.rs\/sr\/wp-json\/wp\/v2\/product\/7584"}],"collection":[{"href":"https:\/\/medipeel.rs\/sr\/wp-json\/wp\/v2\/product"}],"about":[{"href":"https:\/\/medipeel.rs\/sr\/wp-json\/wp\/v2\/types\/product"}],"version-history":[{"count":4,"href":"https:\/\/medipeel.rs\/sr\/wp-json\/wp\/v2\/product\/7584\/revisions"}],"predecessor-version":[{"id":7649,"href":"https:\/\/medipeel.rs\/sr\/wp-json\/wp\/v2\/product\/7584\/revisions\/7649"}],"wp:featuredmedia":[{"embeddable":true,"href":"https:\/\/medipeel.rs\/sr\/wp-json\/wp\/v2\/media\/7542"}],"wp:attachment":[{"href":"https:\/\/medipeel.rs\/sr\/wp-json\/wp\/v2\/media?parent=7584"}],"wp:term":[{"taxonomy":"product_cat","embeddable":true,"href":"https:\/\/medipeel.rs\/sr\/wp-json\/wp\/v2\/product_cat?post=7584"},{"taxonomy":"product_tag","embeddable":true,"href":"https:\/\/medipeel.rs\/sr\/wp-json\/wp\/v2\/product_tag?post=7584"}],"curies":[{"name":"wp","href":"https:\/\/api.w.org\/{rel}","templated":true}]}}