{"id":7588,"date":"2025-03-20T00:04:28","date_gmt":"2025-03-19T23:04:28","guid":{"rendered":"https:\/\/medipeel.rs\/?post_type=product&#038;p=7588"},"modified":"2025-04-25T11:31:29","modified_gmt":"2025-04-25T09:31:29","slug":"medi-peel-phyto-exosome-pdrn-lifting-shot-mist-2","status":"publish","type":"product","link":"https:\/\/medipeel.rs\/sr\/\u043f\u0440\u043e\u0438\u0437\u0432\u043e\u0434\/medi-peel-phyto-exosome-pdrn-lifting-shot-mist-2\/","title":{"rendered":"Medi-Peel Phyto Exosome PDRN Lifting Shot Mist"},"content":{"rendered":"<p class=\" translation-block\">Peptidni toner-mist sa PDRN-om i egzosomima intenzivno hidrira i hrani, elimini\u0161e ose\u0107aj zategnutosti i perutanje. Pokre\u0107e \u0107elijsku regeneraciju, doprinosi zagla\u0111ivanju bora i produ\u017eava mladala\u010dki izgled ko\u017ee. Uklanja umoran ton i vra\u0107a zdrav sjaj licu.<br>  \nProizvod se sastoji od dve frakcije: kremaste i vodene esencije u odnosu 1:9, obnavlja hidrolipidni balans, odr\u017eava optimalan nivo hidratacije i omek\u0161ava ko\u017eu. Ja\u010da njene za\u0161titne funkcije, pobolj\u0161ava tonus i elasti\u010dnost.<br>  \nMist se mo\u017ee koristiti u fazi toniziranja, kao i tokom dana za dodatnu hidrataciju i borbu protiv suvo\u0107e.<br>  \nVeganski sertifikat V-Label\u00ae potvr\u0111uje da formula ne sadr\u017ei sastojke \u017eivotinjskog porekla.<br>  \n\nGlavni sastojci i njihovo dejstvo.<br>  \n<i>Polinukleotidi (PDRN)<\/i> \u2013 fragmenti DNK koji deluju kao gra\u0111evinski materijal za \u0107elije ko\u017ee, podsti\u010du\u0107i njihovu regeneraciju. U ovom proizvodu, polinukleotidi (Sodium DNA), oja\u010dani egzosomalnom metodom transporta, stimuli\u0161u \u0107elijsku obnovu, sintezu kolagena i elastina, pove\u0107avaju \u010dvrstinu i poma\u017eu u obnovi o\u0161te\u0107ene ko\u017ee.<br>  \n<i>Fitoegzosomi<\/i> \u2013 specijalne sfere koje prenose aktivne komponente duboko u epidermis, \u010dime se poja\u010dava njihovo dejstvo. Zahvaljuju\u0107i nanotehnologiji, egzosomi u ovom proizvodu imaju veli\u010dinu od oko 130 nm, \u0161to im omogu\u0107ava da prodru duboko u pore i isporu\u010de aktivne sastojke direktno u \u0107elije ko\u017ee za maksimalan efekat.<br>  \n<i>Hidrolat lotosa<\/i> pokre\u0107e regeneraciju, tonizira i hidrira, ujedna\u010dava ten, ne\u017eno posvetljuje hiperpigmentacije.<br>  \n<i>Mati\u010dne \u0107elije jabuke<\/i> imaju sna\u017ean potencijal koji vi\u0161estruko ubrzava formiranje novih \u0107elija. One bude uspavane \u0107elije organizma, ubrzavaju metabolizam i mikrocirkulaciju, usporavaju\u0107i proces starenja.<br>  \n<i>6 vrsta peptida<\/i> deluju protiv starenja: pokre\u0107u regeneraciju, smanjuju dubinu bora, zagla\u0111uju i u\u010dvr\u0161\u0107uju ko\u017eu.<br>  \n<i>Retinol<\/i> \u2013 oblik vitamina A, najpoznatiji tip retinoida. Smanjuje pro\u0161irene pore, spre\u010dava razvoj akni, bori se protiv pigmentacije. Podsti\u010de sintezu kolagena i hijaluronske kiseline, \u010dime smanjuje dubinu bora.<br>  \n<i>Hidrolizovani kolagen<\/i> intenzivno hidrira, poma\u017ee u o\u010duvanju vlage, pobolj\u0161ava teksturu, stimuli\u0161e proces obnove i bori se protiv bora.<br>  \n<i>9 vrsta hijaluronske kiseline<\/i> imaju sposobnost vezivanja vlage i formiraju hidratantnu barijeru, \u010dime elimini\u0161u suvo\u0107u i ose\u0107aj zategnutosti.<br>  \n<i>Vitamini B grupe<\/i> (B1 \u2013 tiamin, B3 \u2013 niacinamid, B6 \u2013 piridoksin, B7 \u2013 biotin, B9 \u2013 folna kiselina) smanjuju upale, umiruju iritacije i crvenilo, imaju antioksidativni efekat. Ja\u010daju za\u0161titnu barijeru i odr\u017eavaju glatku teksturu ko\u017ee.<br>  \n<i>Ekstrakt i hidrolat lotosa<\/i> intenzivno hidriraju, osve\u017eavaju, toniziraju ko\u017eu, ujedna\u010davaju ten, daju sjaj i imaju antioksidativno i protivupalno dejstvo.<br>  \nPogodan za sve tipove ko\u017ee i mo\u017ee se koristiti preko \u0161minke za dodatnu hidrataciju i osvetljenost tena.<\/p>\n<p><strong>Na\u010din upotrebe:<\/strong> Protresite bo\u010dicu pre upotrebe. Sa udaljenosti od 20 cm lagano prskati po celom licu. Ne\u017eno utapkajte. Sprej se mo\u017ee koristiti i pre i posle \u0161minke.<\/p>\n<p><em>Originalna Medi-Peel korejska kozmetika u Srbiji i Crnoj Gori. Visokokvalitetna kuc\u0301na nega lica i tela.<\/em><\/p>\n<hr \/>\n<div><em><strong>\u0421\u043e\u0441\u0442\u0430\u0432:<\/strong> Purified water, triethylhexanoin, sunflower seed oil, glycerin, niacinamide, 1,2-hexanediol, ethylhexylglycerin, trilaureth-4 phosphate, hydrogenated lecithin, butylene glycol, adenosine, hyaluronic acid, lotus flower water (98 ppm), maltodextrin, hydrolyzed vegetable protein, caprylyl glycol, pentylene glycol, cyanocobalamin, tocopherol, sodium hyaluronate, polyglyceryl-10 laurate, bladderwrack extract, honey extract, hydrolyzed hyaluronic acid, hydroxypropyltrimonium hyaluronate, hydrolyzed sodium hyaluronate, potassium hyaluronate, apple mint leaf extract, green tea extract, thyme leaf extract, sodium hyaluronate crosspolymer, retinol, riboflavin, biotin, bioflavonoids, sodium acetylated hyaluronate, thiamine HCl, folic acid, pyridoxine, hydrolyzed collagen, menadione, copper tripeptide-1, tripeptide-1, palmitoyl pentapeptide-4, palmitoyl tripeptide-1, hexapeptide-9, hexapeptide-11, apple cell culture extract (0.001 ppm), lotus leaf extract (0.0001 ppm), sodium DNA (0.00001 ppm), fragrance.<\/em><\/div>","protected":false},"excerpt":{"rendered":"<p>Peptidni toner-mist sa PDRN-om i egzosomima. 120ml<\/p>","protected":false},"featured_media":7550,"template":"","meta":[],"product_cat":[518,502,259,301,342,386,334,380,343,260],"product_tag":[526],"featured_image_urls":{"full":["https:\/\/medipeel.rs\/wp-content\/uploads\/2025\/03\/medi-peel-phyto-exosome-pdrn-lifting-shot-mist1.jpg",1200,1200,false],"thumbnail":["https:\/\/medipeel.rs\/wp-content\/uploads\/2025\/03\/medi-peel-phyto-exosome-pdrn-lifting-shot-mist1-150x150.jpg",150,150,true],"medium":["https:\/\/medipeel.rs\/wp-content\/uploads\/2025\/03\/medi-peel-phyto-exosome-pdrn-lifting-shot-mist1-300x300.jpg",300,300,true],"medium_large":["https:\/\/medipeel.rs\/wp-content\/uploads\/2025\/03\/medi-peel-phyto-exosome-pdrn-lifting-shot-mist1-768x768.jpg",768,768,true],"large":["https:\/\/medipeel.rs\/wp-content\/uploads\/2025\/03\/medi-peel-phyto-exosome-pdrn-lifting-shot-mist1-1024x1024.jpg",1024,1024,true],"1536x1536":["https:\/\/medipeel.rs\/wp-content\/uploads\/2025\/03\/medi-peel-phyto-exosome-pdrn-lifting-shot-mist1.jpg",1200,1200,false],"2048x2048":["https:\/\/medipeel.rs\/wp-content\/uploads\/2025\/03\/medi-peel-phyto-exosome-pdrn-lifting-shot-mist1.jpg",1200,1200,false],"trp-custom-language-flag":["https:\/\/medipeel.rs\/wp-content\/uploads\/2025\/03\/medi-peel-phyto-exosome-pdrn-lifting-shot-mist1-12x12.jpg",12,12,true],"vcmegaposts-masonry":["https:\/\/medipeel.rs\/wp-content\/uploads\/2025\/03\/medi-peel-phyto-exosome-pdrn-lifting-shot-mist1-500x500.jpg",500,500,true],"vcmegaposts-normal":["https:\/\/medipeel.rs\/wp-content\/uploads\/2025\/03\/medi-peel-phyto-exosome-pdrn-lifting-shot-mist1-800x800.jpg",800,800,true],"vcmegaposts-type1":["https:\/\/medipeel.rs\/wp-content\/uploads\/2025\/03\/medi-peel-phyto-exosome-pdrn-lifting-shot-mist1-800x500.jpg",800,500,true],"woocommerce_thumbnail":["https:\/\/medipeel.rs\/wp-content\/uploads\/2025\/03\/medi-peel-phyto-exosome-pdrn-lifting-shot-mist1-450x600.jpg",450,600,true],"woocommerce_single":["https:\/\/medipeel.rs\/wp-content\/uploads\/2025\/03\/medi-peel-phyto-exosome-pdrn-lifting-shot-mist1-600x600.jpg",600,600,true],"woocommerce_gallery_thumbnail":["https:\/\/medipeel.rs\/wp-content\/uploads\/2025\/03\/medi-peel-phyto-exosome-pdrn-lifting-shot-mist1-100x100.jpg",100,100,true]},"post_excerpt_stackable":"<p>\u041f\u0435\u043f\u0442\u0438\u0434\u043d\u044b\u0439 \u0442\u043e\u043d\u0435\u0440-\u043c\u0438\u0441\u0442 \u0441 PDRN \u0438 \u044d\u043a\u0437\u043e\u0441\u043e\u043c\u0430\u043c\u0438. 120ml<\/p>\n","category_list":"","author_info":{"name":"","url":""},"comments_num":"0 comments","jetpack_sharing_enabled":true,"_links":{"self":[{"href":"https:\/\/medipeel.rs\/sr\/wp-json\/wp\/v2\/product\/7588"}],"collection":[{"href":"https:\/\/medipeel.rs\/sr\/wp-json\/wp\/v2\/product"}],"about":[{"href":"https:\/\/medipeel.rs\/sr\/wp-json\/wp\/v2\/types\/product"}],"version-history":[{"count":2,"href":"https:\/\/medipeel.rs\/sr\/wp-json\/wp\/v2\/product\/7588\/revisions"}],"predecessor-version":[{"id":7604,"href":"https:\/\/medipeel.rs\/sr\/wp-json\/wp\/v2\/product\/7588\/revisions\/7604"}],"wp:featuredmedia":[{"embeddable":true,"href":"https:\/\/medipeel.rs\/sr\/wp-json\/wp\/v2\/media\/7550"}],"wp:attachment":[{"href":"https:\/\/medipeel.rs\/sr\/wp-json\/wp\/v2\/media?parent=7588"}],"wp:term":[{"taxonomy":"product_cat","embeddable":true,"href":"https:\/\/medipeel.rs\/sr\/wp-json\/wp\/v2\/product_cat?post=7588"},{"taxonomy":"product_tag","embeddable":true,"href":"https:\/\/medipeel.rs\/sr\/wp-json\/wp\/v2\/product_tag?post=7588"}],"curies":[{"name":"wp","href":"https:\/\/api.w.org\/{rel}","templated":true}]}}