{"id":7594,"date":"2025-03-19T22:56:51","date_gmt":"2025-03-19T21:56:51","guid":{"rendered":"https:\/\/medipeel.rs\/?post_type=product&#038;p=7594"},"modified":"2025-04-25T11:28:31","modified_gmt":"2025-04-25T09:28:31","slug":"medi-peel-in-my-pocket-wrapping-mask-2","status":"publish","type":"product","link":"https:\/\/medipeel.rs\/sr\/\u043f\u0440\u043e\u0438\u0437\u0432\u043e\u0434\/medi-peel-in-my-pocket-wrapping-mask-2\/","title":{"rendered":"Medi-Peel In My Pocket Wrapping Mask"},"content":{"rendered":"<p class=\" translation-block\">Set Medi-Peel In My Pocket Wrapping Mask Set, koji uklju\u010duje 5 vrsta individualnih maski-filmova namenjenih za intenzivnu negu ko\u017ee, pru\u017eaju\u0107i dubinsku hidrataciju, ishranu i regeneraciju. Maske iz seta daju ko\u017ei glatko\u0107u, sjaj i zdrav glow efekat, poma\u017eu\u0107i u pobolj\u0161anju teksture, ujedna\u010davanju tena i \u010dine\u0107i ko\u017eu \u010dvr\u0161\u0107om i hidriranom. Zahvaljuju\u0107i kompaktnoj veli\u010dini, maske su prakti\u010dne za putovanja ili kori\u0161\u0107enje u bilo koje vreme.<br>  \nMaske su pogodne za sve tipove ko\u017ee, posebno za umornu i be\u017eivotnu ko\u017eu. U setu se nalazi 10 maski od po 4 ml.<br><br>  \n\n1. <b><i>Lacto Collagen Wrapping Mask<\/i><\/b><br>  \nOsnovni sastojci: <i>70,2% hidrolizovani kolagen, ferment laktobakterija, kompleks Tannin\u2122 (ekstrakti japanske jabuke, gro\u017e\u0111a, kafe, \u0161afrana, rododendrona, zelenog \u010daja, \u0161afranike i hrizanteme), kompleks Anti Sebum P\u2122 (ekstrakti bora, brijesta, pupoljka pupolj\u010dara i puerarije)<\/i>.<br>  \nDejstvo maske: hidrira ko\u017eu, pove\u0107ava njenu elasti\u010dnost i \u010dvrsto\u0107u, su\u017eava pore, normalizuje hidrolipidni balans, ima umiruju\u0107e i protivupalno dejstvo.<br><br>  \n\n2. <b><i>Vegan Vitamin Wrapping Mask<\/i><\/b><br>  \nOsnovni sastojci: <i>veganski kolagen, kompleks od 10 vitamina<\/i>.<br>  \nDejstvo maske: posvetljuje i podmla\u0111uje ko\u017eu, pobolj\u0161ava njenu elasti\u010dnost i \u010dvrsto\u0107u, smanjuje bore, zate\u017ee konture lica, ujedna\u010dava ton i daje ko\u017ei sjaj.<br><br>  \n\n3. <b><i>Phyto Cica-Nol B5 Wrapping Mask<\/i><\/b><br>  \nOsnovni sastojci: <i>ekstrakt azijske centelle, pantenol (provitamin B5)<\/i>.<br>  \nDejstvo maske: pru\u017ea umiruju\u0107i efekat, smanjuje crvenilo, pobolj\u0161ava teksturu ko\u017ee, \u010dine\u0107i je glatkom i elasti\u010dnom, ujedna\u010dava ton, dubinski hidrira i daje vla\u017ean sjaj.<br><br>  \n\n4. <b><i>Extra Super 9 Plus Glow Lifting Wrapping Mask<\/i><\/b><br>  \nOsnovni sastojci: <i>AHA (mle\u010dna kiselina), BHA (salicilna kiselina), PHA (glukonolakton), niacinamid, peptidi<\/i>.<br>  \nDejstvo maske: pru\u017ea lifting efekat, zagla\u0111uje ko\u017eu, \u010disti pore, reguli\u0161e lu\u010denje sebuma, bori se protiv hiperpigmentacija i tragova post-akni, \u010dini ko\u017eu glatkom i blistavom.<br><br>  \n\n5. <b><i>Peptide 9 Volume Bio Tox Pro Glow Wrapping Mask<\/i><\/b><br>  \nOsnovni sastojci: <i>kompleks od 9 peptida, adenozin, volufilin<\/i>.<br>  \nDejstvo maske: zate\u017ee ko\u017eu, zagla\u0111uje bore, pobolj\u0161ava teksturu i ton, dubinski hidrira, elimini\u0161e suvo\u0107u i ose\u0107aj zategnutosti, pove\u0107ava \u010dvrsto\u0107u i elasti\u010dnost, \u010dini ko\u017eu gla\u0111om, gu\u0161\u0107om i sjajnijom, daju\u0107i joj zdrav glow efekat.<\/p>\n<p><strong>Na\u010din upotrebe:<\/strong> O\u010distite lice i nanesite toner za pripremu ko\u017ee. Ravnomerno rasporedite sadr\u017eaj jedne kesice maske na lice, izbegavaju\u0107i podru\u010dje oko o\u010diju i usana.\nOstavite masku 20-30 minuta dok se potpuno ne osu\u0161i i ne formira film. Pa\u017eljivo uklonite film, po\u010dev\u0161i od ivica.<br \/>\nPreporu\u010duje se upotreba maske 2-3 puta nedeljno.<\/p>\n<p><em>Originalna Medi-Peel korejska kozmetika u Srbiji i Crnoj Gori. Visokokvalitetna kuc\u0301na nega lica i tela.<\/em><\/p>\n<hr \/>\n<p><em><strong>\u0421\u043e\u0441\u0442\u0430\u0432:<br \/>\n<\/strong><\/em><em>1. Lacto Collagen Wrapping Mask<\/em><br \/>\n<em>Water, Butylene Glycol, Simmondsia Chinensis (Jojoba) Seed Oil, Polyvinyl Alcohol, Methylpropanediol, 1,2-Hexanediol, Algin, Polysorbate 80, Caprylic\/Capric Triglyceride, Polyglyceryl-10 Oleate, Pullulan, Hydrolyzed Collagen Extract, Diospyros Kaki Leaf Extract, Vitis Vinifera (Grape) Fruit Extract, Carthamus Tinctorius (Safflower) Flower Extract, Coffea Arabica (Coffee) Seed Extract, Polygonum Cuspidatum Root Extract, Camellia Sinensis Leaf Extract, Castanea Crenata (Chestnut) Shell Extract, Zanthoxylum Piperitum Fruit Extract, Oenothera Biennis (Evening Primrose) Flower Extract, Ulmus Davidiana Root Extract, Pinus Pumila Leaf Extract, Pueraria Lobata Root Extract, Sodium Hyaluronate, Glyceryl Stearate, PEG-100 Stearate, Panthenol, Disteardimonium Hectorite, Sodium Polystyrene Sulfonate, Cellulose Gum, Lactobacillus Ferment (1,000 ppm), Tocopheryl Acetate, Ethylhexylglycerin, Allantoin, Sodium Phytate, Tocopherol, Glycine, Serine, Glutamic Acid, Aspartic Acid, Leucine, Alanine, Lysine, Arginine, Tyrosine, Phenylalanine, Valine, Threonine, Proline, Isoleucine, Histidine, Methionine, Cysteine, Hydrolyzed Hyaluronic Acid, Sodium Acetylated Hyaluronate, Fragrance.\u200b<\/em><\/p>\n<p><em>2. Vegan Vitamin Wrapping Mask<\/em><br \/>\n<em>Hippophae Rhamnoides Water (605,800 ppm), Simmondsia Chinensis (Jojoba) Seed Oil, Polyvinyl Alcohol, Methylpropanediol, Butylene Glycol, 1,2-Hexanediol, Caprylic\/Capric Triglyceride, Niacinamide (20,000 ppm), Algin, Polyglyceryl-10 Oleate, Polysorbate 80, Pullulan, Hippophae Rhamnoides Extract, Hippophae Rhamnoides Oil, Hippophae Rhamnoides Fruit Extract, Hippophae Rhamnoides Seed Oil, Sodium Hyaluronate, Glyceryl Stearate, PEG-100 Stearate, Panthenol, Disteardimonium Hectorite, Sodium Polystyrene Sulfonate, Cellulose Gum, Tocopheryl Acetate, Ethylhexylglycerin, Allantoin, Sodium Phytate, Tocopherol, Ascorbic Acid, Sodium Ascorbyl Phosphate, Fragrance.\u200b<\/em><\/p>\n<p><em>3. Phyto Cica-Nol B5 Wrapping Mask<\/em><br \/>\n<em>Water, Butylene Glycol, Polyvinyl Alcohol, Methylpropanediol, 1,2-Hexanediol, Caprylic\/Capric Triglyceride, Algin, Polysorbate 80, Polyglyceryl-10 Oleate, Pullulan, Centella Asiatica Extract, Houttuynia Cordata Extract, Melaleuca Alternifolia (Tea Tree) Extract, Artemisia Princeps Extract, Aloe Barbadensis Leaf Extract, Portulaca Oleracea Extract, Sodium Hyaluronate, Glyceryl Stearate, PEG-100 Stearate, Panthenol, Disteardimonium Hectorite, Sodium Polystyrene Sulfonate, Cellulose Gum, Tocopheryl Acetate, Ethylhexylglycerin, Allantoin, Sodium Phytate, Asiaticoside, Asiatic Acid, Madecassic Acid, Fragrance.\u200b<\/em><\/p>\n<p><em>4. Medi-Peel Extra Super 9 Plus Glow Lifting Wrapping Mask<\/em><br \/>\n<em>Water, Butylene Glycol, Polyvinyl Alcohol, Methylpropanediol, 1,2-Hexanediol, Caprylic\/Capric Triglyceride, Algin, Polysorbate 80, Polyglyceryl-10 Oleate, Pullulan, Hydrolyzed Collagen, Hydrolyzed Elastin, Hydrolyzed Keratin, Hydrolyzed Silk, Hydrolyzed Royal Jelly Protein, Hydrolyzed Wheat Protein, Hydrolyzed Soy Protein, Hydrolyzed Corn Protein, Hydrolyzed Milk Protein, Sodium Hyaluronate, Glyceryl Stearate, PEG-100 Stearate, Panthenol, Disteardimonium Hectorite, Sodium Polystyrene Sulfonate, Cellulose Gum, Tocopheryl Acetate, Ethylhexylglycerin, Allantoin, Sodium Phytate, Tocopherol, Fragrance.<\/em><\/p>\n<p><em>5. Peptide 9 Volume Bio Tox Pro Glow Wrapping Mask <\/em><br \/>\n<em>Water, Simmondsia Chinensis (Jojoba) Seed Oil, Polyvinyl Alcohol, Methylpropanediol, Butylene Glycol, 1,2-Hexanediol, Niacinamide, Algin, Caprylic\/Capric Triglyceride, Polysorbate 80, Polyglyceryl-10 Oleate, Pullulan, Sphingomonas Ferment Extract, Poria Cocos Extract, Angelica Gigas Root Extract, Cucurbita Pepo (Pumpkin) Extract, Anemarrhena Asphodeloides Root Extract, Trifolium Pratense (Clover) Flower Extract, Solanum Lycopersicum (Tomato) Fruit Water, Hydrogenated Lecithin, Sodium Hyaluronate, Glyceryl Stearate, PEG-100 Stearate, Panthenol, Calcium Aluminum Borosilicate, Disteardimonium Hectorite, Sodium Polystyrene Sulfonate, Microcrystalline Cellulose, Tocopheryl Acetate, Ethylhexylglycerin, Zea Mays (Corn) Germ Oil, Titanium Dioxide, Methyldiisopropyl Propionamide, Silica, Allantoin, Adenosine, Cellulose Gum, Sodium Phytate, Glutathione, Whey Filtrate, Tin Oxide, Glycerin, Milk Exosome, Tocopherol, Pentaerythrityl Tetra-di-t-butyl Hydroxyhydrocinnamate, Lactobacillus Ferment, Ascorbic Acid, Ectoin, Hydrogenated Polyisobutene, Ceramide NP, Dipropylene Glycol, Kaolin, Collagen, Leuconostoc\/Radish Root Ferment Filtrate, Polyglyceryl-10 Stearate, Ceramide AS, Ceramide AP, Cholesterol, Ceramide NS, Ceramide NG, Sodium Ascorbyl Phosphate, Caprylyl Glycol, Dimethylsilanol Hyaluronate, Dextran, Hydrolyzed Sodium Hyaluronate, Hydrolyzed Hyaluronic Acid, Potassium Hyaluronate, Hyaluronic Acid, Sodium Hyaluronate Crosspolymer, Hydroxypropyltrimonium Hyaluronate, Sodium Hyaluronate Dimethylsilanol, Sodium Acetylated Hyaluronate, Acetyl Tetrapeptide-3 (0.025 ppb), Retinyl Palmitate, Biotin, Thiamine HCl, Folic Acid, Pyridoxine, Nonapeptide-1 (0.005 ppb), Acetyl Hexapeptide-8 (0.005 ppb), Copper Tripeptide-1 (0.005 ppb), Tripeptide-1 (0.005 ppb), Palmitoyl Tetrapeptide-7 (0.005 ppb), Palmitoyl Tripeptide-1 (0.005 ppb), Palmitoyl Pentapeptide-4 (0.005 ppb), Hexapeptide-9 (0.005 ppb), Cyanocobalamin, Ceramide EOP, Fragrance.<\/em><\/p>","protected":false},"excerpt":{"rendered":"<p>Set maski-filmova za intenzivnu negu ko\u017ee. 10 kom * 4 ml<\/p>","protected":false},"featured_media":7567,"template":"","meta":[],"product_cat":[518,329,311,264,358,272,301,342,378,349,386,381,382,383,333,334,260,314],"product_tag":[],"featured_image_urls":{"full":["https:\/\/medipeel.rs\/wp-content\/uploads\/2025\/03\/medi-peel-in-my-pocket-wrapping-mask1.jpg",1200,1200,false],"thumbnail":["https:\/\/medipeel.rs\/wp-content\/uploads\/2025\/03\/medi-peel-in-my-pocket-wrapping-mask1-150x150.jpg",150,150,true],"medium":["https:\/\/medipeel.rs\/wp-content\/uploads\/2025\/03\/medi-peel-in-my-pocket-wrapping-mask1-300x300.jpg",300,300,true],"medium_large":["https:\/\/medipeel.rs\/wp-content\/uploads\/2025\/03\/medi-peel-in-my-pocket-wrapping-mask1-768x768.jpg",768,768,true],"large":["https:\/\/medipeel.rs\/wp-content\/uploads\/2025\/03\/medi-peel-in-my-pocket-wrapping-mask1-1024x1024.jpg",1024,1024,true],"1536x1536":["https:\/\/medipeel.rs\/wp-content\/uploads\/2025\/03\/medi-peel-in-my-pocket-wrapping-mask1.jpg",1200,1200,false],"2048x2048":["https:\/\/medipeel.rs\/wp-content\/uploads\/2025\/03\/medi-peel-in-my-pocket-wrapping-mask1.jpg",1200,1200,false],"trp-custom-language-flag":["https:\/\/medipeel.rs\/wp-content\/uploads\/2025\/03\/medi-peel-in-my-pocket-wrapping-mask1-12x12.jpg",12,12,true],"vcmegaposts-masonry":["https:\/\/medipeel.rs\/wp-content\/uploads\/2025\/03\/medi-peel-in-my-pocket-wrapping-mask1-500x500.jpg",500,500,true],"vcmegaposts-normal":["https:\/\/medipeel.rs\/wp-content\/uploads\/2025\/03\/medi-peel-in-my-pocket-wrapping-mask1-800x800.jpg",800,800,true],"vcmegaposts-type1":["https:\/\/medipeel.rs\/wp-content\/uploads\/2025\/03\/medi-peel-in-my-pocket-wrapping-mask1-800x500.jpg",800,500,true],"woocommerce_thumbnail":["https:\/\/medipeel.rs\/wp-content\/uploads\/2025\/03\/medi-peel-in-my-pocket-wrapping-mask1-450x600.jpg",450,600,true],"woocommerce_single":["https:\/\/medipeel.rs\/wp-content\/uploads\/2025\/03\/medi-peel-in-my-pocket-wrapping-mask1-600x600.jpg",600,600,true],"woocommerce_gallery_thumbnail":["https:\/\/medipeel.rs\/wp-content\/uploads\/2025\/03\/medi-peel-in-my-pocket-wrapping-mask1-100x100.jpg",100,100,true]},"post_excerpt_stackable":"<p>\u041d\u0430\u0431\u043e\u0440 \u043c\u0430\u0441\u043e\u043a-\u043f\u043b\u0451\u043d\u043e\u043a \u0434\u043b\u044f \u0438\u043d\u0442\u0435\u043d\u0441\u0438\u0432\u043d\u043e\u0433\u043e \u0443\u0445\u043e\u0434\u0430 \u0437\u0430 \u043a\u043e\u0436\u0435\u0439. 10 \u0448\u0442\u0443\u043a*4ml<\/p>\n","category_list":"","author_info":{"name":"","url":""},"comments_num":"0 comments","jetpack_sharing_enabled":true,"_links":{"self":[{"href":"https:\/\/medipeel.rs\/sr\/wp-json\/wp\/v2\/product\/7594"}],"collection":[{"href":"https:\/\/medipeel.rs\/sr\/wp-json\/wp\/v2\/product"}],"about":[{"href":"https:\/\/medipeel.rs\/sr\/wp-json\/wp\/v2\/types\/product"}],"version-history":[{"count":3,"href":"https:\/\/medipeel.rs\/sr\/wp-json\/wp\/v2\/product\/7594\/revisions"}],"predecessor-version":[{"id":7603,"href":"https:\/\/medipeel.rs\/sr\/wp-json\/wp\/v2\/product\/7594\/revisions\/7603"}],"wp:featuredmedia":[{"embeddable":true,"href":"https:\/\/medipeel.rs\/sr\/wp-json\/wp\/v2\/media\/7567"}],"wp:attachment":[{"href":"https:\/\/medipeel.rs\/sr\/wp-json\/wp\/v2\/media?parent=7594"}],"wp:term":[{"taxonomy":"product_cat","embeddable":true,"href":"https:\/\/medipeel.rs\/sr\/wp-json\/wp\/v2\/product_cat?post=7594"},{"taxonomy":"product_tag","embeddable":true,"href":"https:\/\/medipeel.rs\/sr\/wp-json\/wp\/v2\/product_tag?post=7594"}],"curies":[{"name":"wp","href":"https:\/\/api.w.org\/{rel}","templated":true}]}}