{"id":7640,"date":"2025-04-10T16:11:54","date_gmt":"2025-04-10T14:11:54","guid":{"rendered":"https:\/\/medipeel.rs\/?post_type=product&#038;p=7640"},"modified":"2025-06-23T12:58:16","modified_gmt":"2025-06-23T10:58:16","slug":"medi-peel-phyto-exosome-pdrn-lifting-shot-serum2","status":"publish","type":"product","link":"https:\/\/medipeel.rs\/sr\/\u043f\u0440\u043e\u0438\u0437\u0432\u043e\u0434\/medi-peel-phyto-exosome-pdrn-lifting-shot-serum2\/","title":{"rendered":"Medi-Peel Phyto Exosome PDRN Lifting Shot Serum"},"content":{"rendered":"<p class=\" translation-block\">Lifting serum za podmla\u0111ivanje sa spikulama, PDRN-om i egzozomima za sveobuhvatnu regeneraciju ko\u017ee i vra\u0107anje njene \u010dvrstine i elasti\u010dnosti. Stimuli\u0161e procese \u0107elijskog obnavljanja ko\u017ee, usporava starenje i opu\u0161tanje, zagla\u0111uje fine linije (oko o\u010diju i usta), a tako\u0111e smanjuje veli\u010dinu i izra\u017eenost dubokih mimi\u010dnih bora (nazolabijalne bore, bore izme\u0111u obrva i na \u010delu). Vra\u0107a elasti\u010dnost i \u010dvrstinu opu\u0161tenoj i umornoj ko\u017ei, dubinski je hrani i hidrira, spre\u010dava nastanak bora i gubitak tonusa zbog dehidratacije. Ima izra\u017een lifting efekat, zate\u017ee konture lica i pobolj\u0161ava tonus ko\u017ee, \u0161to usporava proces njenog opu\u0161tanja. Daje ko\u017ei zdrav sjaj i vra\u0107a prirodnu lepotu zahvaljuju\u0107i vitaminskom kompleksu.<br>\nSerum ima kremastu teksturu koja se postepeno upija u ko\u017eu bez ose\u0107aja te\u017eine ili masno\u0107e.<br>\nSadr\u017ei spikule (mikroiglice) koje poma\u017eu aktivnim sastojcima da prodru u dublje slojeve ko\u017ee bez izazivanja iritacije, ali uz stimulaciju procesa obnove i podmla\u0111ivanja.<br>\nKada se koristi cela linija proizvoda Medi-Peel Phyto Exosome PDRN Lifting Shot, dolazi do pobolj\u0161anja mimi\u010dnih bora na \u010delu i izme\u0111u obrva za 11,22%, a nazolabijalnih bora za 14,16%.<br>\n\nGlavni sastojci:<br>\n<i>Fitoegzozomi jabuke<\/i> \u2013 komponenta koja stvara veze izme\u0111u \u0107elija i prenosi polinukleotide (PDRN) izme\u0111u njih kako bi podr\u017eala normalne biolo\u0161ke procese. Uz pomo\u0107 egzozoma, aminokiseline i antioksidansi se ciljano dostavljaju u o\u0161te\u0107ena tkiva, \u0161to pobolj\u0161ava sposobnost \u0107elija za obnavljanje i podmla\u0111ivanje.<br>\n<i>PDRN iz lotosa<\/i> \u2013 polinukleotidi iz listova lotosa koji se uz pomo\u0107 egzozoma transportuju u \u0107elije. Poma\u017eu u obnovi ko\u017ee jer su sli\u010dni \u0107elijama epidermisa, lako se integri\u0161u i stimuli\u0161u regeneraciju, popunjavaju nutritivne praznine i pobolj\u0161avaju me\u0111usobno povezivanje \u0107elija (\u010dvrsto\u0107u ko\u017ee).<br>\n<i>Peptidni kompleks<\/i> \u2013 stimuli\u0161e regeneraciju i obnovu \u0107elijskog matriksa, pobolj\u0161ava \u010dvrstinu i debljinu ko\u017ee, opu\u0161ta mi\u0161i\u0107e i tako spre\u010dava pojavu novih bora.<br>\n<i>Hidrolat cveta lotosa<\/i> \u2013 pobolj\u0161ava ton i stanje ko\u017ee, ima antioksidativna svojstva i tonira ko\u017eu.<br>\nKoncentracija glavnih aktivnih sastojaka (fitoegzozomi,PDRN, peptidi i hidrolat cveta lotosa) iznosi 10.000 ppm.<br>\n\nDodatni sastojci:<br>\n<i>7 vrsta hijaluronske kiseline<\/i> \u2013 hidrira suhu i dehidriranu ko\u017eu, stvara za\u0161titni film koji zadr\u017eava vlagu i prodire u dublje slojeve ko\u017ee, uklanja hrapavost i ose\u0107aj zategnutosti, vra\u0107a volumen i elasti\u010dnost.<br>\n<i>Adenozin<\/i> \u2013 aktivni sastojak protiv starenja koji zajedno sa hijaluronskom kiselinom pru\u017ea izra\u017een efekat podmla\u0111ivanja, zadr\u017eava vlagu u \u0107elijama i stimuli\u0161e prirodnu proizvodnju hijaluronske kiseline, pobolj\u0161avaju\u0107i tonus ko\u017ee.<br>\n<i>Niacinamid<\/i> \u2013 osvetljava ko\u017eu i ujedna\u010dava ten, smanjuje vidljivost pigmentacija.<br>\n<i>Ferment laktobacila<\/i> \u2013 ja\u010da za\u0161titnu barijeru ko\u017ee, smanjuje osetljivost na spoljne agresivne faktore.<br>\n<i>Shea puter<\/i> \u2013 omek\u0161ava, hrani i \u010dini ko\u017eu glatkom i svilenkastom.<br><\/p>\n<p><strong>Na\u010din upotrebe:<\/strong> nakon tonera, naneti potrebnu koli\u010dinu seruma ravnomerno na lice. Nakon seruma naneti kremu za lice.<\/p>\n<p><em>Originalna Medi-Peel korejska kozmetika u Srbiji i Crnoj Gori. Visokokvalitetna kuc\u0301na nega lica i tela.<\/em><\/p>\n<hr \/>\n<div>\n<p><em><em><strong>\u0421\u043e\u0441\u0442\u0430\u0432: <\/strong><\/em>Water, Glycerin, Butylene Glycol, Pentaerythrityl Tetraethylhexanoate, Niacinamide, 1,2-Hexanediol, Caprylic\/Capric Triglyceride, Nelumbo Nucifera Flower Water, Cetearyl Alcohol, Polyglyceryl-10 Stearate, Arginine, Carbomer, Calcium Aluminum Borosilicate, Butyrospermum Parkii Butter, Ethylhexylglycerin, Adenosine, Disodium EDTA, Xanthan Gum, Allantoin, Cynanchum Atratum Extract, Cyanocobalamin, Hydrogenated Lecithin, Caprylyl Glycol, Propanediol, Lactobacillus Ferment, Sodium Hyaluronate, Panthenol, Sodium Ascorbyl Phosphate, Hydroxypropyl Cyclodextrin, Lysine, Glutamic Acid, Cysteine, Copper Tripeptide-1, Acetyl Hexapeptide-8, Palmitoyl Tripeptide-5, Palmitoyl Pentapeptide-4, Hyaluronic Acid, Urea, Tryptophan, Tripeptide-1, Threonine, Taurine, Sodium PCA, Serine, Proline, Palmitoyl Tripeptide-1, Ornithine, Methionine, Leucine, Hydrolyzed Sodium Hyaluronate, Hydrolyzed Hyaluronic Acid, Histidine, Glycine, Dioscorea Japonica Root Extract, Citrulline, Aspartic Acid, Alanine, Hexapeptide-9, Acetyloctapeptide-3, Sodium Benzoate, Glutathione, Sodium Acetylated Hyaluronate, Pyridoxine, Nonapeptide-1, Malus Domestica Fruit Cell Culture Extract, Hydroxypropyltrimonium Hyaluronate, Folic Acid, Biotin, Dimethylsilanol Hyaluronate, Oligopeptide-32, Oligopeptide-29, Sodium Hyaluronate Crosspolymer, Tocopherol, Pentylene Glycol, Nelumbo Nucifera Leaf Extract, Potassium Hyaluronate, Thiamine HCl, Sodium DNA, Riboflavin, Linoleic Acid, Beta-Carotene, Fragrance.<\/em><\/p>\n<article class=\"text-token-text-primary w-full\" dir=\"auto\" data-testid=\"conversation-turn-114\" data-scroll-anchor=\"true\">\n<div class=\"text-base my-auto mx-auto py-5 [--thread-content-margin:--spacing(4)] @[37rem]:[--thread-content-margin:--spacing(6)] @[70rem]:[--thread-content-margin:--spacing(12)] px-(--thread-content-margin)\">\n<div class=\"[--thread-content-max-width:32rem] @[34rem]:[--thread-content-max-width:40rem] @[64rem]:[--thread-content-max-width:48rem] mx-auto flex max-w-(--thread-content-max-width) flex-1 text-base gap-4 md:gap-5 lg:gap-6 group\/turn-messages focus-visible:outline-hidden\" tabindex=\"-1\">\n<div class=\"group\/conversation-turn relative flex w-full min-w-0 flex-col agent-turn\">\n<div class=\"relative flex-col gap-1 md:gap-3\">\n<div class=\"flex justify-start\">\n<div class=\"touch:-me-2 touch:-ms-3.5 -ms-2.5 -me-1 flex items-center p-1 select-none -mt-1 duration-[1.5s] focus-within:transition-none hover:transition-none pointer-events-none [mask-image:linear-gradient(to_right,black_33%,transparent_66%)] [mask-position:100%_0%] [mask-size:300%_100%] motion-safe:transition-[mask-position] group-hover\/turn-messages:pointer-events-auto group-hover\/turn-messages:[mask-position:0_0] group-focus-within\/turn-messages:pointer-events-auto group-focus-within\/turn-messages:[mask-position:0_0] has-data-[state=open]:pointer-events-auto has-data-[state=open]:[mask-position:0_0]\"><\/div>\n<\/div>\n<div class=\"mt-3 w-full empty:hidden\">\n<div class=\"text-center\"><\/div>\n<\/div>\n<\/div>\n<div class=\"absolute\">\n<div class=\"flex items-center justify-center\"><\/div>\n<\/div>\n<\/div>\n<\/div>\n<\/div>\n<\/article>\n<div class=\"pointer-events-none h-px w-px\" aria-hidden=\"true\" data-edge=\"true\"><\/div>\n<\/div>","protected":false},"excerpt":{"rendered":"<p>Lifting serum za podmla\u0111ivanje sa spikulama, PDRN-om i egzozomima. 50ml<\/p>","protected":false},"featured_media":7641,"template":"","meta":[],"product_cat":[518,259,311,301,342,346,386,334,261,260],"product_tag":[526],"featured_image_urls":{"full":["https:\/\/medipeel.rs\/wp-content\/uploads\/2025\/04\/medi-peel_phyto_exosome_pdrn_lifting_shot_serum_50ml.webp",1341,1293,false],"thumbnail":["https:\/\/medipeel.rs\/wp-content\/uploads\/2025\/04\/medi-peel_phyto_exosome_pdrn_lifting_shot_serum_50ml-150x150.webp",150,150,true],"medium":["https:\/\/medipeel.rs\/wp-content\/uploads\/2025\/04\/medi-peel_phyto_exosome_pdrn_lifting_shot_serum_50ml-300x289.webp",300,289,true],"medium_large":["https:\/\/medipeel.rs\/wp-content\/uploads\/2025\/04\/medi-peel_phyto_exosome_pdrn_lifting_shot_serum_50ml-768x741.webp",768,741,true],"large":["https:\/\/medipeel.rs\/wp-content\/uploads\/2025\/04\/medi-peel_phyto_exosome_pdrn_lifting_shot_serum_50ml-1024x987.webp",1024,987,true],"1536x1536":["https:\/\/medipeel.rs\/wp-content\/uploads\/2025\/04\/medi-peel_phyto_exosome_pdrn_lifting_shot_serum_50ml.webp",1341,1293,false],"2048x2048":["https:\/\/medipeel.rs\/wp-content\/uploads\/2025\/04\/medi-peel_phyto_exosome_pdrn_lifting_shot_serum_50ml.webp",1341,1293,false],"trp-custom-language-flag":["https:\/\/medipeel.rs\/wp-content\/uploads\/2025\/04\/medi-peel_phyto_exosome_pdrn_lifting_shot_serum_50ml-12x12.webp",12,12,true],"vcmegaposts-masonry":["https:\/\/medipeel.rs\/wp-content\/uploads\/2025\/04\/medi-peel_phyto_exosome_pdrn_lifting_shot_serum_50ml-500x482.webp",500,482,true],"vcmegaposts-normal":["https:\/\/medipeel.rs\/wp-content\/uploads\/2025\/04\/medi-peel_phyto_exosome_pdrn_lifting_shot_serum_50ml-800x800.webp",800,800,true],"vcmegaposts-type1":["https:\/\/medipeel.rs\/wp-content\/uploads\/2025\/04\/medi-peel_phyto_exosome_pdrn_lifting_shot_serum_50ml-800x500.webp",800,500,true],"woocommerce_thumbnail":["https:\/\/medipeel.rs\/wp-content\/uploads\/2025\/04\/medi-peel_phyto_exosome_pdrn_lifting_shot_serum_50ml-450x600.webp",450,600,true],"woocommerce_single":["https:\/\/medipeel.rs\/wp-content\/uploads\/2025\/04\/medi-peel_phyto_exosome_pdrn_lifting_shot_serum_50ml-600x579.webp",600,579,true],"woocommerce_gallery_thumbnail":["https:\/\/medipeel.rs\/wp-content\/uploads\/2025\/04\/medi-peel_phyto_exosome_pdrn_lifting_shot_serum_50ml-100x100.webp",100,100,true]},"post_excerpt_stackable":"<p>\u0410\u043d\u0442\u0438\u0432\u043e\u0437\u0440\u0430\u0441\u0442\u043d\u0430\u044f \u043b\u0438\u0444\u0442\u0438\u043d\u0433 \u0441\u044b\u0432\u043e\u0440\u043e\u0442\u043a\u0430 \u0441\u043e \u0441\u043f\u0438\u043a\u0443\u043b\u0430\u043c\u0438, PDRN \u0438 \u044d\u043a\u0437\u043e\u0441\u043e\u043c\u0430\u043c\u0438 . 50ml<\/p>\n","category_list":"","author_info":{"name":"","url":""},"comments_num":"0 comments","jetpack_sharing_enabled":true,"_links":{"self":[{"href":"https:\/\/medipeel.rs\/sr\/wp-json\/wp\/v2\/product\/7640"}],"collection":[{"href":"https:\/\/medipeel.rs\/sr\/wp-json\/wp\/v2\/product"}],"about":[{"href":"https:\/\/medipeel.rs\/sr\/wp-json\/wp\/v2\/types\/product"}],"version-history":[{"count":2,"href":"https:\/\/medipeel.rs\/sr\/wp-json\/wp\/v2\/product\/7640\/revisions"}],"predecessor-version":[{"id":7768,"href":"https:\/\/medipeel.rs\/sr\/wp-json\/wp\/v2\/product\/7640\/revisions\/7768"}],"wp:featuredmedia":[{"embeddable":true,"href":"https:\/\/medipeel.rs\/sr\/wp-json\/wp\/v2\/media\/7641"}],"wp:attachment":[{"href":"https:\/\/medipeel.rs\/sr\/wp-json\/wp\/v2\/media?parent=7640"}],"wp:term":[{"taxonomy":"product_cat","embeddable":true,"href":"https:\/\/medipeel.rs\/sr\/wp-json\/wp\/v2\/product_cat?post=7640"},{"taxonomy":"product_tag","embeddable":true,"href":"https:\/\/medipeel.rs\/sr\/wp-json\/wp\/v2\/product_tag?post=7640"}],"curies":[{"name":"wp","href":"https:\/\/api.w.org\/{rel}","templated":true}]}}